{"id":1827,"date":"2025-08-23T21:09:56","date_gmt":"2025-08-23T18:09:56","guid":{"rendered":"https:\/\/hbbkimya.com\/?post_type=product&#038;p=1827"},"modified":"2026-02-08T17:59:01","modified_gmt":"2026-02-08T14:59:01","slug":"alkollu-termometre-baget-tip-cam-termometre-10-150c-5","status":"publish","type":"product","link":"https:\/\/hbbkimya.com\/?product=alkollu-termometre-baget-tip-cam-termometre-10-150c-5","title":{"rendered":"Alkoll\u00fc Termometre &#8211; Baget Tip Cam Termometre -10-150C"},"content":{"rendered":"<p><a href=\"https:\/\/hbbkimya.com\/wp-content\/uploads\/2025\/08\/cam-baget-termometre-150-beyaz-alkollu-.webp\"><img loading=\"lazy\" decoding=\"async\" class=\"alignnone size-medium wp-image-1828\" src=\"https:\/\/hbbkimya.com\/wp-content\/uploads\/2025\/08\/cam-baget-termometre-150-beyaz-alkollu--300x300.webp\" alt=\"\" width=\"300\" height=\"300\" srcset=\"https:\/\/hbbkimya.com\/wp-content\/uploads\/2025\/08\/cam-baget-termometre-150-beyaz-alkollu--300x300.webp 300w, https:\/\/hbbkimya.com\/wp-content\/uploads\/2025\/08\/cam-baget-termometre-150-beyaz-alkollu--100x100.webp 100w, https:\/\/hbbkimya.com\/wp-content\/uploads\/2025\/08\/cam-baget-termometre-150-beyaz-alkollu--600x600.webp 600w, https:\/\/hbbkimya.com\/wp-content\/uploads\/2025\/08\/cam-baget-termometre-150-beyaz-alkollu--1024x1024.webp 1024w, https:\/\/hbbkimya.com\/wp-content\/uploads\/2025\/08\/cam-baget-termometre-150-beyaz-alkollu--150x150.webp 150w, https:\/\/hbbkimya.com\/wp-content\/uploads\/2025\/08\/cam-baget-termometre-150-beyaz-alkollu--768x768.webp 768w, https:\/\/hbbkimya.com\/wp-content\/uploads\/2025\/08\/cam-baget-termometre-150-beyaz-alkollu-.webp 1280w\" sizes=\"auto, (max-width: 300px) 100vw, 300px\" \/><\/a><\/p>\n","protected":false},"excerpt":{"rendered":"<ul type=\"disc\">\n<li>1 adet fiyat\u0131d\u0131r.<\/li>\n<li>Ortalama 75 mm dald\u0131rma derinli\u011fine sahip olarak i\u00e7i dolu cam borudan \u00fcretilirler.<\/li>\n<li>\u00d6n y\u00fczeydeki iri dereceler \u00f6l\u00e7\u00fclen s\u0131cakl\u0131\u011f\u0131n kolay okunmas\u0131na olanak verir.<\/li>\n<li>Termometrenin \u00f6n skalas\u0131 amber oldu\u011fundan g\u00f6stergeyi daha net yans\u0131t\u0131r.<\/li>\n<\/ul>\n","protected":false},"featured_media":1828,"comment_status":"open","ping_status":"closed","template":"","meta":{"neve_meta_sidebar":"","neve_meta_container":"","neve_meta_enable_content_width":"off","neve_meta_content_width":100,"neve_meta_title_alignment":"","neve_meta_author_avatar":"","neve_post_elements_order":"","neve_meta_disable_header":"","neve_meta_disable_footer":"","neve_meta_disable_title":"","_themeisle_gutenberg_block_has_review":false},"product_brand":[],"product_cat":[52],"product_tag":[],"class_list":{"0":"post-1827","1":"product","2":"type-product","3":"status-publish","4":"has-post-thumbnail","6":"product_cat-termometre-termohigrometre","8":"first","9":"instock","10":"taxable","11":"shipping-taxable","12":"purchasable","13":"product-type-simple"},"_links":{"self":[{"href":"https:\/\/hbbkimya.com\/index.php?rest_route=\/wp\/v2\/product\/1827","targetHints":{"allow":["GET"]}}],"collection":[{"href":"https:\/\/hbbkimya.com\/index.php?rest_route=\/wp\/v2\/product"}],"about":[{"href":"https:\/\/hbbkimya.com\/index.php?rest_route=\/wp\/v2\/types\/product"}],"replies":[{"embeddable":true,"href":"https:\/\/hbbkimya.com\/index.php?rest_route=%2Fwp%2Fv2%2Fcomments&post=1827"}],"wp:featuredmedia":[{"embeddable":true,"href":"https:\/\/hbbkimya.com\/index.php?rest_route=\/wp\/v2\/media\/1828"}],"wp:attachment":[{"href":"https:\/\/hbbkimya.com\/index.php?rest_route=%2Fwp%2Fv2%2Fmedia&parent=1827"}],"wp:term":[{"taxonomy":"product_brand","embeddable":true,"href":"https:\/\/hbbkimya.com\/index.php?rest_route=%2Fwp%2Fv2%2Fproduct_brand&post=1827"},{"taxonomy":"product_cat","embeddable":true,"href":"https:\/\/hbbkimya.com\/index.php?rest_route=%2Fwp%2Fv2%2Fproduct_cat&post=1827"},{"taxonomy":"product_tag","embeddable":true,"href":"https:\/\/hbbkimya.com\/index.php?rest_route=%2Fwp%2Fv2%2Fproduct_tag&post=1827"}],"curies":[{"name":"wp","href":"https:\/\/api.w.org\/{rel}","templated":true}]}}