{"id":1821,"date":"2025-08-17T22:17:19","date_gmt":"2025-08-17T19:17:19","guid":{"rendered":"https:\/\/hbbkimya.com\/?post_type=product&#038;p=1821"},"modified":"2026-04-12T20:49:17","modified_gmt":"2026-04-12T17:49:17","slug":"merck-100030-acetonitrile-gradient-grade-for-liquid","status":"publish","type":"product","link":"https:\/\/hbbkimya.com\/?product=merck-100030-acetonitrile-gradient-grade-for-liquid","title":{"rendered":"Merck 100030 Asetonitril 2.5L &#8211; Acetonitrile Gradient Grade For Liquid"},"content":{"rendered":"<p><a href=\"https:\/\/hbbkimya.com\/wp-content\/uploads\/2025\/08\/asetonitrile-liquid-Chromatography-merck-1.jpg\"><img loading=\"lazy\" decoding=\"async\" class=\"alignnone size-medium wp-image-1916\" src=\"https:\/\/hbbkimya.com\/wp-content\/uploads\/2025\/08\/asetonitrile-liquid-Chromatography-merck-1-300x300.jpg\" alt=\"\" width=\"300\" height=\"300\" srcset=\"https:\/\/hbbkimya.com\/wp-content\/uploads\/2025\/08\/asetonitrile-liquid-Chromatography-merck-1-300x300.jpg 300w, https:\/\/hbbkimya.com\/wp-content\/uploads\/2025\/08\/asetonitrile-liquid-Chromatography-merck-1-100x100.jpg 100w, https:\/\/hbbkimya.com\/wp-content\/uploads\/2025\/08\/asetonitrile-liquid-Chromatography-merck-1-600x600.jpg 600w, https:\/\/hbbkimya.com\/wp-content\/uploads\/2025\/08\/asetonitrile-liquid-Chromatography-merck-1-150x150.jpg 150w, https:\/\/hbbkimya.com\/wp-content\/uploads\/2025\/08\/asetonitrile-liquid-Chromatography-merck-1-768x768.jpg 768w, https:\/\/hbbkimya.com\/wp-content\/uploads\/2025\/08\/asetonitrile-liquid-Chromatography-merck-1.jpg 800w\" sizes=\"auto, (max-width: 300px) 100vw, 300px\" \/><\/a><\/p>\n","protected":false},"excerpt":{"rendered":"<p>Merck 100030 Asetonitril 2.5L Acetonitrile For Liq. Chromat. &#8211; Gradient Grade for Liquid Chromatography LiChrosolv\u00ae Reag.Ph Eur.<\/p>\n<p>Kaynama Noktas\u0131: 81.6\u00b0C (1013 hPa) &#8211; Form\u00fcl\u00fc:CH3CN &#8211; Molar k\u00fctle: 41.05g\/mol &#8211; Yo\u011funluk: 0.78g\/cm3 &#8211; Safl\u0131k: \u226599.9%<\/p>\n<p>Ambalaj: 2.5 Litre Cam \u015ei\u015fe<\/p>\n","protected":false},"featured_media":1822,"comment_status":"open","ping_status":"closed","template":"","meta":{"neve_meta_sidebar":"","neve_meta_container":"","neve_meta_enable_content_width":"off","neve_meta_content_width":100,"neve_meta_title_alignment":"","neve_meta_author_avatar":"","neve_post_elements_order":"","neve_meta_disable_header":"","neve_meta_disable_footer":"","neve_meta_disable_title":"","_themeisle_gutenberg_block_has_review":false},"product_brand":[67],"product_cat":[41],"product_tag":[],"class_list":{"0":"post-1821","1":"product","2":"type-product","3":"status-publish","4":"has-post-thumbnail","6":"product_brand-merck","7":"product_cat-merck","9":"first","10":"instock","11":"taxable","12":"shipping-taxable","13":"purchasable","14":"product-type-simple"},"_links":{"self":[{"href":"https:\/\/hbbkimya.com\/index.php?rest_route=\/wp\/v2\/product\/1821","targetHints":{"allow":["GET"]}}],"collection":[{"href":"https:\/\/hbbkimya.com\/index.php?rest_route=\/wp\/v2\/product"}],"about":[{"href":"https:\/\/hbbkimya.com\/index.php?rest_route=\/wp\/v2\/types\/product"}],"replies":[{"embeddable":true,"href":"https:\/\/hbbkimya.com\/index.php?rest_route=%2Fwp%2Fv2%2Fcomments&post=1821"}],"wp:featuredmedia":[{"embeddable":true,"href":"https:\/\/hbbkimya.com\/index.php?rest_route=\/wp\/v2\/media\/1822"}],"wp:attachment":[{"href":"https:\/\/hbbkimya.com\/index.php?rest_route=%2Fwp%2Fv2%2Fmedia&parent=1821"}],"wp:term":[{"taxonomy":"product_brand","embeddable":true,"href":"https:\/\/hbbkimya.com\/index.php?rest_route=%2Fwp%2Fv2%2Fproduct_brand&post=1821"},{"taxonomy":"product_cat","embeddable":true,"href":"https:\/\/hbbkimya.com\/index.php?rest_route=%2Fwp%2Fv2%2Fproduct_cat&post=1821"},{"taxonomy":"product_tag","embeddable":true,"href":"https:\/\/hbbkimya.com\/index.php?rest_route=%2Fwp%2Fv2%2Fproduct_tag&post=1821"}],"curies":[{"name":"wp","href":"https:\/\/api.w.org\/{rel}","templated":true}]}}