{"id":1819,"date":"2025-08-17T22:05:24","date_gmt":"2025-08-17T19:05:24","guid":{"rendered":"https:\/\/hbbkimya.com\/?post_type=product&#038;p=1819"},"modified":"2026-03-24T12:06:38","modified_gmt":"2026-03-24T09:06:38","slug":"trisodyum-sitrat-dihidrat","status":"publish","type":"product","link":"https:\/\/hbbkimya.com\/?product=trisodyum-sitrat-dihidrat","title":{"rendered":"Trisodyum Sitrat Dihidrat %99 1 Kg"},"content":{"rendered":"<p><a href=\"https:\/\/hbbkimya.com\/wp-content\/uploads\/2025\/08\/tri-sodyum-sitrat-tri-sodium-citrate-scaled.jpg\"><img loading=\"lazy\" decoding=\"async\" class=\"alignnone size-medium wp-image-1820\" src=\"https:\/\/hbbkimya.com\/wp-content\/uploads\/2025\/08\/tri-sodyum-sitrat-tri-sodium-citrate-225x300.jpg\" alt=\"\" width=\"225\" height=\"300\" srcset=\"https:\/\/hbbkimya.com\/wp-content\/uploads\/2025\/08\/tri-sodyum-sitrat-tri-sodium-citrate-225x300.jpg 225w, https:\/\/hbbkimya.com\/wp-content\/uploads\/2025\/08\/tri-sodyum-sitrat-tri-sodium-citrate-scaled-600x800.jpg 600w, https:\/\/hbbkimya.com\/wp-content\/uploads\/2025\/08\/tri-sodyum-sitrat-tri-sodium-citrate-768x1024.jpg 768w, https:\/\/hbbkimya.com\/wp-content\/uploads\/2025\/08\/tri-sodyum-sitrat-tri-sodium-citrate-1152x1536.jpg 1152w, https:\/\/hbbkimya.com\/wp-content\/uploads\/2025\/08\/tri-sodyum-sitrat-tri-sodium-citrate-1536x2048.jpg 1536w, https:\/\/hbbkimya.com\/wp-content\/uploads\/2025\/08\/tri-sodyum-sitrat-tri-sodium-citrate-scaled.jpg 1920w\" sizes=\"auto, (max-width: 225px) 100vw, 225px\" \/><\/a><\/p>\n","protected":false},"excerpt":{"rendered":"<ul>\n<li>Sodyum sitrat genelde tat veya koruyucu olarak bir g\u0131da katk\u0131 maddesi olarak kullan\u0131l\u0131r. E numaras\u0131 E331&#8217;dir.<\/li>\n<li>Sodyum sitrat, belirli \u00e7e\u015fitlerde kul\u00fcp sodas\u0131nda aroma verici bir madde olarak kullan\u0131l\u0131r.<\/li>\n<li>Sodyum sitrat, Bratwurst&#8217;te bir bile\u015fen olarak yayg\u0131nd\u0131r ve ayn\u0131 zamanda ticari olarak i\u00e7ecek ve i\u00e7ecek kar\u0131\u015f\u0131mlar\u0131 i\u00e7in haz\u0131rd\u0131r ve bir tart lezzetine katk\u0131da bulunur.<\/li>\n<li>Jelatin kar\u0131\u015f\u0131m\u0131, dondurma, re\u00e7el, tatl\u0131, s\u00fct tozu, i\u015flenmi\u015f peynirler, gazl\u0131 i\u00e7ecekler ve \u015farapta bulunur.<\/li>\n<li>Sodyum Sitrat peynir yaparken em\u00fclgat\u00f6r olarak kullan\u0131labilir. Peynirin ya\u011fl\u0131 kalmadan erimesini sa\u011flar.<\/li>\n<li>Zay\u0131f bir asitin bir e\u015flenik taban\u0131 olan sitrat pH&#8217;daki de\u011fi\u015fime direnerek bir tamponlay\u0131c\u0131 madde veya asitlik d\u00fczenleyicisi olarak i\u015flev g\u00f6rebilir.<\/li>\n<li>Sodyum sitrat, jelatin tatl\u0131lar\u0131 gibi baz\u0131 maddelerin asitli\u011fini kontrol etmek i\u00e7in kullan\u0131l\u0131r. Kahve makinelerinde kullan\u0131lan mini s\u00fct kaplar\u0131nda bulunur.<\/li>\n<li>Sodyum sitrat, karbonat \u00f6l\u00e7e\u011fini kazanlardan s\u00f6kmeden s\u00f6kmek ve otomobil radyat\u00f6rlerini temizlemek i\u00e7in \u00f6zellikle etkili bir maddedir.<\/li>\n<li>Laboratuvarda analiz maksatl\u0131 kullan\u0131lmaktad\u0131r.<\/li>\n<\/ul>\n","protected":false},"featured_media":1820,"comment_status":"open","ping_status":"closed","template":"","meta":{"neve_meta_sidebar":"","neve_meta_container":"","neve_meta_enable_content_width":"off","neve_meta_content_width":100,"neve_meta_title_alignment":"","neve_meta_author_avatar":"","neve_post_elements_order":"","neve_meta_disable_header":"","neve_meta_disable_footer":"","neve_meta_disable_title":"","_themeisle_gutenberg_block_has_review":false},"product_brand":[65],"product_cat":[44],"product_tag":[],"class_list":{"0":"post-1819","1":"product","2":"type-product","3":"status-publish","4":"has-post-thumbnail","6":"product_brand-hbbchem","7":"product_cat-toz-kati","9":"first","10":"instock","11":"taxable","12":"shipping-taxable","13":"purchasable","14":"product-type-simple"},"_links":{"self":[{"href":"https:\/\/hbbkimya.com\/index.php?rest_route=\/wp\/v2\/product\/1819","targetHints":{"allow":["GET"]}}],"collection":[{"href":"https:\/\/hbbkimya.com\/index.php?rest_route=\/wp\/v2\/product"}],"about":[{"href":"https:\/\/hbbkimya.com\/index.php?rest_route=\/wp\/v2\/types\/product"}],"replies":[{"embeddable":true,"href":"https:\/\/hbbkimya.com\/index.php?rest_route=%2Fwp%2Fv2%2Fcomments&post=1819"}],"wp:featuredmedia":[{"embeddable":true,"href":"https:\/\/hbbkimya.com\/index.php?rest_route=\/wp\/v2\/media\/1820"}],"wp:attachment":[{"href":"https:\/\/hbbkimya.com\/index.php?rest_route=%2Fwp%2Fv2%2Fmedia&parent=1819"}],"wp:term":[{"taxonomy":"product_brand","embeddable":true,"href":"https:\/\/hbbkimya.com\/index.php?rest_route=%2Fwp%2Fv2%2Fproduct_brand&post=1819"},{"taxonomy":"product_cat","embeddable":true,"href":"https:\/\/hbbkimya.com\/index.php?rest_route=%2Fwp%2Fv2%2Fproduct_cat&post=1819"},{"taxonomy":"product_tag","embeddable":true,"href":"https:\/\/hbbkimya.com\/index.php?rest_route=%2Fwp%2Fv2%2Fproduct_tag&post=1819"}],"curies":[{"name":"wp","href":"https:\/\/api.w.org\/{rel}","templated":true}]}}