{"id":1815,"date":"2025-08-17T21:42:43","date_gmt":"2025-08-17T18:42:43","guid":{"rendered":"https:\/\/hbbkimya.com\/?post_type=product&#038;p=1815"},"modified":"2026-02-10T22:46:48","modified_gmt":"2026-02-10T19:46:48","slug":"serbest-klor-kiti","status":"publish","type":"product","link":"https:\/\/hbbkimya.com\/?product=serbest-klor-kiti","title":{"rendered":"Serbest Klor Kiti \u00a0(0,1 &#8211; 0,3 &#8211; 0,5 &#8211; 1 &#8211; 3 &#8211; 5 ppm)"},"content":{"rendered":"<p><a href=\"https:\/\/hbbkimya.com\/wp-content\/uploads\/2025\/08\/serbest-klor-kiti-kolorimetrik.jpg\"><img loading=\"lazy\" decoding=\"async\" class=\"alignnone size-medium wp-image-1816\" src=\"https:\/\/hbbkimya.com\/wp-content\/uploads\/2025\/08\/serbest-klor-kiti-kolorimetrik-300x200.jpg\" alt=\"\" width=\"300\" height=\"200\" srcset=\"https:\/\/hbbkimya.com\/wp-content\/uploads\/2025\/08\/serbest-klor-kiti-kolorimetrik-300x200.jpg 300w, https:\/\/hbbkimya.com\/wp-content\/uploads\/2025\/08\/serbest-klor-kiti-kolorimetrik-600x400.jpg 600w, https:\/\/hbbkimya.com\/wp-content\/uploads\/2025\/08\/serbest-klor-kiti-kolorimetrik-768x512.jpg 768w, https:\/\/hbbkimya.com\/wp-content\/uploads\/2025\/08\/serbest-klor-kiti-kolorimetrik-930x620.jpg 930w, https:\/\/hbbkimya.com\/wp-content\/uploads\/2025\/08\/serbest-klor-kiti-kolorimetrik.jpg 1004w\" sizes=\"auto, (max-width: 300px) 100vw, 300px\" \/><\/a><\/p>\n","protected":false},"excerpt":{"rendered":"<table class=\"telerik-reTable-4\">\n<tbody>\n<tr class=\"telerik-reTableEvenRow-4\">\n<td class=\"telerik-reTableOddCol-4\">\n<h3><strong>\u00dcr\u00fcn A\u00e7\u0131klamas\u0131<\/strong><\/h3>\n<\/td>\n<td class=\"telerik-reTableOddCol-4\">&nbsp;<\/p>\n<p>: Serbest Klor Test Kiti<\/td>\n<\/tr>\n<tr class=\"telerik-reTableOddRow-4\">\n<td class=\"telerik-reTableOddCol-4\">\n<h3><strong>\u00a0<\/strong><\/h3>\n<h3><strong>Test Edilecek Numune:<\/strong><\/h3>\n<\/td>\n<td class=\"telerik-reTableOddCol-4\">&nbsp;<\/p>\n<p>: Su<\/td>\n<\/tr>\n<tr class=\"telerik-reTableEvenRow-4\">\n<td class=\"telerik-reTableOddCol-4\">\n<h3><strong>\u00a0<\/strong><\/h3>\n<h3><strong>\u00d6l\u00e7\u00fcm Y\u00f6ntemi:<\/strong><\/h3>\n<\/td>\n<td class=\"telerik-reTableOddCol-4\">&nbsp;<\/p>\n<p>: Kolorimetrik<\/td>\n<\/tr>\n<tr class=\"telerik-reTableOddRow-4\">\n<td class=\"telerik-reTableOddCol-4\">\n<h3><strong>Test Say\u0131s\u0131<\/strong><\/h3>\n<\/td>\n<td class=\"telerik-reTableOddCol-4\">&nbsp;<\/p>\n<p>: 100 Test<\/td>\n<\/tr>\n<tr class=\"telerik-reTableOddRow-4\">\n<td class=\"telerik-reTableOddCol-4\">\n<h3><strong>\u00a0<\/strong><\/h3>\n<h3><strong>\u00d6l\u00e7\u00fcm Aral\u0131\u011f\u0131<\/strong><\/h3>\n<\/td>\n<td class=\"telerik-reTableOddCol-4\">&nbsp;<\/p>\n<p>:\u00a00,1 &#8211; 0,3 &#8211; 0,5 &#8211; 1 &#8211; 3 &#8211; 5 ppm<\/td>\n<\/tr>\n<tr class=\"telerik-reTableEvenRow-4\">\n<td class=\"telerik-reTableOddCol-4\">\n<h3><strong>\u00a0<\/strong><\/h3>\n<h3><strong>Tespit Limiti<\/strong><\/h3>\n<\/td>\n<td class=\"telerik-reTableOddCol-4\">&nbsp;<\/p>\n<p>: 0,1 ppm<\/td>\n<\/tr>\n<\/tbody>\n<\/table>\n<p>Laboratuvarda analiz maksatl\u0131 kullan\u0131lmaktad\u0131r.<\/p>\n<p>Kolorimetrik y\u00f6ntemdir.<\/p>\n<p>Laboratuvarda analiz maksatl\u0131 kullan\u0131lmaktad\u0131r.<\/p>\n","protected":false},"featured_media":1816,"comment_status":"open","ping_status":"closed","template":"","meta":{"neve_meta_sidebar":"","neve_meta_container":"","neve_meta_enable_content_width":"off","neve_meta_content_width":100,"neve_meta_title_alignment":"","neve_meta_author_avatar":"","neve_post_elements_order":"","neve_meta_disable_header":"","neve_meta_disable_footer":"","neve_meta_disable_title":"","_themeisle_gutenberg_block_has_review":false},"product_brand":[69],"product_cat":[40],"product_tag":[],"class_list":{"0":"post-1815","1":"product","2":"type-product","3":"status-publish","4":"has-post-thumbnail","6":"product_brand-chembio","7":"product_cat-test-kitleri-stripleri","9":"first","10":"instock","11":"taxable","12":"shipping-taxable","13":"purchasable","14":"product-type-simple"},"_links":{"self":[{"href":"https:\/\/hbbkimya.com\/index.php?rest_route=\/wp\/v2\/product\/1815","targetHints":{"allow":["GET"]}}],"collection":[{"href":"https:\/\/hbbkimya.com\/index.php?rest_route=\/wp\/v2\/product"}],"about":[{"href":"https:\/\/hbbkimya.com\/index.php?rest_route=\/wp\/v2\/types\/product"}],"replies":[{"embeddable":true,"href":"https:\/\/hbbkimya.com\/index.php?rest_route=%2Fwp%2Fv2%2Fcomments&post=1815"}],"wp:featuredmedia":[{"embeddable":true,"href":"https:\/\/hbbkimya.com\/index.php?rest_route=\/wp\/v2\/media\/1816"}],"wp:attachment":[{"href":"https:\/\/hbbkimya.com\/index.php?rest_route=%2Fwp%2Fv2%2Fmedia&parent=1815"}],"wp:term":[{"taxonomy":"product_brand","embeddable":true,"href":"https:\/\/hbbkimya.com\/index.php?rest_route=%2Fwp%2Fv2%2Fproduct_brand&post=1815"},{"taxonomy":"product_cat","embeddable":true,"href":"https:\/\/hbbkimya.com\/index.php?rest_route=%2Fwp%2Fv2%2Fproduct_cat&post=1815"},{"taxonomy":"product_tag","embeddable":true,"href":"https:\/\/hbbkimya.com\/index.php?rest_route=%2Fwp%2Fv2%2Fproduct_tag&post=1815"}],"curies":[{"name":"wp","href":"https:\/\/api.w.org\/{rel}","templated":true}]}}