{"id":1813,"date":"2025-08-17T21:36:40","date_gmt":"2025-08-17T18:36:40","guid":{"rendered":"https:\/\/hbbkimya.com\/?post_type=product&#038;p=1813"},"modified":"2026-02-10T22:56:55","modified_gmt":"2026-02-10T19:56:55","slug":"toplam-sertlik-kiti-1-damla-1-fr-sertligi","status":"publish","type":"product","link":"https:\/\/hbbkimya.com\/?product=toplam-sertlik-kiti-1-damla-1-fr-sertligi","title":{"rendered":"Toplam Sertlik Kiti (1 Damla = 1 Fr Sertli\u011fi)"},"content":{"rendered":"<p><a href=\"https:\/\/hbbkimya.com\/wp-content\/uploads\/2025\/08\/toplam-sertlik-kiti-fransiz-sertligi-kirec-olcum.jpg\"><img loading=\"lazy\" decoding=\"async\" class=\"alignnone size-medium wp-image-1814\" src=\"https:\/\/hbbkimya.com\/wp-content\/uploads\/2025\/08\/toplam-sertlik-kiti-fransiz-sertligi-kirec-olcum-300x200.jpg\" alt=\"\" width=\"300\" height=\"200\" srcset=\"https:\/\/hbbkimya.com\/wp-content\/uploads\/2025\/08\/toplam-sertlik-kiti-fransiz-sertligi-kirec-olcum-300x200.jpg 300w, https:\/\/hbbkimya.com\/wp-content\/uploads\/2025\/08\/toplam-sertlik-kiti-fransiz-sertligi-kirec-olcum-600x400.jpg 600w, https:\/\/hbbkimya.com\/wp-content\/uploads\/2025\/08\/toplam-sertlik-kiti-fransiz-sertligi-kirec-olcum-768x512.jpg 768w, https:\/\/hbbkimya.com\/wp-content\/uploads\/2025\/08\/toplam-sertlik-kiti-fransiz-sertligi-kirec-olcum-930x620.jpg 930w, https:\/\/hbbkimya.com\/wp-content\/uploads\/2025\/08\/toplam-sertlik-kiti-fransiz-sertligi-kirec-olcum.jpg 1004w\" sizes=\"auto, (max-width: 300px) 100vw, 300px\" \/><\/a><\/p>\n","protected":false},"excerpt":{"rendered":"<table class=\"telerik-reTable-4\">\n<tbody>\n<tr class=\"telerik-reTableEvenRow-4\">\n<td class=\"telerik-reTableOddCol-4\">\n<h3><strong>\u00dcr\u00fcn A\u00e7\u0131klamas\u0131<\/strong><\/h3>\n<\/td>\n<td class=\"telerik-reTableOddCol-4\">&nbsp;<\/p>\n<p>: Toplam Sertlik Test Kiti<\/td>\n<\/tr>\n<tr class=\"telerik-reTableOddRow-4\">\n<td class=\"telerik-reTableOddCol-4\">\n<h3><strong>\u00a0<\/strong><\/h3>\n<h3><strong>Test Edilecek Numune:<\/strong><\/h3>\n<\/td>\n<td class=\"telerik-reTableOddCol-4\">&nbsp;<\/p>\n<p>: Su<\/td>\n<\/tr>\n<tr class=\"telerik-reTableEvenRow-4\">\n<td class=\"telerik-reTableOddCol-4\">\n<h3><strong>\u00a0<\/strong><\/h3>\n<h3><strong>\u00d6l\u00e7\u00fcm Y\u00f6ntemi:<\/strong><\/h3>\n<\/td>\n<td class=\"telerik-reTableOddCol-4\">&nbsp;<\/p>\n<p>: Titrimetrik<\/td>\n<\/tr>\n<tr class=\"telerik-reTableOddRow-4\">\n<td class=\"telerik-reTableOddCol-4\">\n<h3><strong>Test Say\u0131s\u0131<\/strong><\/h3>\n<\/td>\n<td class=\"telerik-reTableOddCol-4\">&nbsp;<\/p>\n<p>: 50 &#8211; 100 Test<\/td>\n<\/tr>\n<\/tbody>\n<\/table>\n<p>Laboratuvarda analiz maksatl\u0131 kullan\u0131lmaktad\u0131r.<\/p>\n<p>Kolorimetrik y\u00f6ntemdir.<\/p>\n","protected":false},"featured_media":1814,"comment_status":"open","ping_status":"closed","template":"","meta":{"neve_meta_sidebar":"","neve_meta_container":"","neve_meta_enable_content_width":"off","neve_meta_content_width":100,"neve_meta_title_alignment":"","neve_meta_author_avatar":"","neve_post_elements_order":"","neve_meta_disable_header":"","neve_meta_disable_footer":"","neve_meta_disable_title":"","_themeisle_gutenberg_block_has_review":false},"product_brand":[69],"product_cat":[40],"product_tag":[],"class_list":{"0":"post-1813","1":"product","2":"type-product","3":"status-publish","4":"has-post-thumbnail","6":"product_brand-chembio","7":"product_cat-test-kitleri-stripleri","9":"first","10":"instock","11":"taxable","12":"shipping-taxable","13":"purchasable","14":"product-type-simple"},"_links":{"self":[{"href":"https:\/\/hbbkimya.com\/index.php?rest_route=\/wp\/v2\/product\/1813","targetHints":{"allow":["GET"]}}],"collection":[{"href":"https:\/\/hbbkimya.com\/index.php?rest_route=\/wp\/v2\/product"}],"about":[{"href":"https:\/\/hbbkimya.com\/index.php?rest_route=\/wp\/v2\/types\/product"}],"replies":[{"embeddable":true,"href":"https:\/\/hbbkimya.com\/index.php?rest_route=%2Fwp%2Fv2%2Fcomments&post=1813"}],"wp:featuredmedia":[{"embeddable":true,"href":"https:\/\/hbbkimya.com\/index.php?rest_route=\/wp\/v2\/media\/1814"}],"wp:attachment":[{"href":"https:\/\/hbbkimya.com\/index.php?rest_route=%2Fwp%2Fv2%2Fmedia&parent=1813"}],"wp:term":[{"taxonomy":"product_brand","embeddable":true,"href":"https:\/\/hbbkimya.com\/index.php?rest_route=%2Fwp%2Fv2%2Fproduct_brand&post=1813"},{"taxonomy":"product_cat","embeddable":true,"href":"https:\/\/hbbkimya.com\/index.php?rest_route=%2Fwp%2Fv2%2Fproduct_cat&post=1813"},{"taxonomy":"product_tag","embeddable":true,"href":"https:\/\/hbbkimya.com\/index.php?rest_route=%2Fwp%2Fv2%2Fproduct_tag&post=1813"}],"curies":[{"name":"wp","href":"https:\/\/api.w.org\/{rel}","templated":true}]}}