{"id":1802,"date":"2025-08-17T21:00:26","date_gmt":"2025-08-17T18:00:26","guid":{"rendered":"https:\/\/hbbkimya.com\/?post_type=product&#038;p=1802"},"modified":"2025-08-17T21:00:26","modified_gmt":"2025-08-17T18:00:26","slug":"cam-baget-6x250-mm-ici-dolu","status":"publish","type":"product","link":"https:\/\/hbbkimya.com\/?product=cam-baget-6x250-mm-ici-dolu","title":{"rendered":"Cam Baget 6\u00d7250 mm (\u0130\u00e7i Dolu)"},"content":{"rendered":"<p><a href=\"https:\/\/hbbkimya.com\/wp-content\/uploads\/2025\/08\/cam-baget-karistirma-cubugu-6x250mm.png\"><img loading=\"lazy\" decoding=\"async\" class=\"alignnone size-medium wp-image-1804\" src=\"https:\/\/hbbkimya.com\/wp-content\/uploads\/2025\/08\/cam-baget-karistirma-cubugu-6x250mm-300x300.png\" alt=\"\" width=\"300\" height=\"300\" srcset=\"https:\/\/hbbkimya.com\/wp-content\/uploads\/2025\/08\/cam-baget-karistirma-cubugu-6x250mm-300x300.png 300w, https:\/\/hbbkimya.com\/wp-content\/uploads\/2025\/08\/cam-baget-karistirma-cubugu-6x250mm-100x100.png 100w, https:\/\/hbbkimya.com\/wp-content\/uploads\/2025\/08\/cam-baget-karistirma-cubugu-6x250mm-600x600.png 600w, https:\/\/hbbkimya.com\/wp-content\/uploads\/2025\/08\/cam-baget-karistirma-cubugu-6x250mm-150x150.png 150w, https:\/\/hbbkimya.com\/wp-content\/uploads\/2025\/08\/cam-baget-karistirma-cubugu-6x250mm.png 700w\" sizes=\"auto, (max-width: 300px) 100vw, 300px\" \/><\/a><\/p>\n","protected":false},"excerpt":{"rendered":"<ul>\n<li>\u00c7e\u015fitli \u00e7\u00f6zeltilerin el ile kolay kar\u0131\u015ft\u0131r\u0131lmalar\u0131 i\u00e7in \u00e7\u00f6z\u00fcm \u00fcretirler.<\/li>\n<li>Cam bagetler de\u011fi\u015fik \u00e7aplarda ve uzunlukta \u0131s\u0131ya dayan\u0131kl\u0131 camdan \u00fcretilirler.<\/li>\n<li>\u00c7al\u0131\u015fma s\u0131ras\u0131nda k\u0131r\u0131lmalar\u0131 \u00f6nlemek amac\u0131 ile u\u00e7lar\u0131 alev ile yuvarlat\u0131lm\u0131\u015ft\u0131r.<\/li>\n<\/ul>\n","protected":false},"featured_media":1804,"comment_status":"open","ping_status":"closed","template":"","meta":{"neve_meta_sidebar":"","neve_meta_container":"","neve_meta_enable_content_width":"off","neve_meta_content_width":100,"neve_meta_title_alignment":"","neve_meta_author_avatar":"","neve_post_elements_order":"","neve_meta_disable_header":"","neve_meta_disable_footer":"","neve_meta_disable_title":"","_themeisle_gutenberg_block_has_review":false},"product_brand":[],"product_cat":[37],"product_tag":[],"class_list":{"0":"post-1802","1":"product","2":"type-product","3":"status-publish","4":"has-post-thumbnail","6":"product_cat-cam","8":"first","9":"instock","10":"taxable","11":"shipping-taxable","12":"purchasable","13":"product-type-simple"},"_links":{"self":[{"href":"https:\/\/hbbkimya.com\/index.php?rest_route=\/wp\/v2\/product\/1802","targetHints":{"allow":["GET"]}}],"collection":[{"href":"https:\/\/hbbkimya.com\/index.php?rest_route=\/wp\/v2\/product"}],"about":[{"href":"https:\/\/hbbkimya.com\/index.php?rest_route=\/wp\/v2\/types\/product"}],"replies":[{"embeddable":true,"href":"https:\/\/hbbkimya.com\/index.php?rest_route=%2Fwp%2Fv2%2Fcomments&post=1802"}],"wp:featuredmedia":[{"embeddable":true,"href":"https:\/\/hbbkimya.com\/index.php?rest_route=\/wp\/v2\/media\/1804"}],"wp:attachment":[{"href":"https:\/\/hbbkimya.com\/index.php?rest_route=%2Fwp%2Fv2%2Fmedia&parent=1802"}],"wp:term":[{"taxonomy":"product_brand","embeddable":true,"href":"https:\/\/hbbkimya.com\/index.php?rest_route=%2Fwp%2Fv2%2Fproduct_brand&post=1802"},{"taxonomy":"product_cat","embeddable":true,"href":"https:\/\/hbbkimya.com\/index.php?rest_route=%2Fwp%2Fv2%2Fproduct_cat&post=1802"},{"taxonomy":"product_tag","embeddable":true,"href":"https:\/\/hbbkimya.com\/index.php?rest_route=%2Fwp%2Fv2%2Fproduct_tag&post=1802"}],"curies":[{"name":"wp","href":"https:\/\/api.w.org\/{rel}","templated":true}]}}