{"id":1800,"date":"2025-08-17T20:54:26","date_gmt":"2025-08-17T17:54:26","guid":{"rendered":"https:\/\/hbbkimya.com\/?post_type=product&#038;p=1800"},"modified":"2025-08-23T22:26:40","modified_gmt":"2025-08-23T19:26:40","slug":"aerosil-200-silikon-dioksit-1-kg","status":"publish","type":"product","link":"https:\/\/hbbkimya.com\/?product=aerosil-200-silikon-dioksit-1-kg","title":{"rendered":"Aerosil 200 ( Silikon Dioksit ) 1 Kg"},"content":{"rendered":"<p><a href=\"https:\/\/hbbkimya.com\/wp-content\/uploads\/2025\/08\/aerosil-200-silikon-dioksit-1-kg.jpg\"><img loading=\"lazy\" decoding=\"async\" class=\"alignnone size-medium wp-image-1801\" src=\"https:\/\/hbbkimya.com\/wp-content\/uploads\/2025\/08\/aerosil-200-silikon-dioksit-1-kg-300x150.jpg\" alt=\"\" width=\"300\" height=\"150\" srcset=\"https:\/\/hbbkimya.com\/wp-content\/uploads\/2025\/08\/aerosil-200-silikon-dioksit-1-kg-300x150.jpg 300w, https:\/\/hbbkimya.com\/wp-content\/uploads\/2025\/08\/aerosil-200-silikon-dioksit-1-kg-600x300.jpg 600w, https:\/\/hbbkimya.com\/wp-content\/uploads\/2025\/08\/aerosil-200-silikon-dioksit-1-kg-1024x512.jpg 1024w, https:\/\/hbbkimya.com\/wp-content\/uploads\/2025\/08\/aerosil-200-silikon-dioksit-1-kg-768x384.jpg 768w, https:\/\/hbbkimya.com\/wp-content\/uploads\/2025\/08\/aerosil-200-silikon-dioksit-1-kg.jpg 1280w\" sizes=\"auto, (max-width: 300px) 100vw, 300px\" \/><\/a><\/p>\n","protected":false},"excerpt":{"rendered":"<p><strong>Molek\u00fcl Form\u00fcl\u00fc (Aerosil 200) :<\/strong>\u00a0SiO<sub>2\u00a0 \u00a0 <\/sub><strong>Molek\u00fcl A\u011f\u0131rl\u0131\u011f\u0131:<\/strong> 60.08 g\/mol<\/p>\n<ul>\n<li>\u00c7ok d\u00fc\u015f\u00fck yo\u011funlu\u011fa sahip u\u00e7ucu bir kimyasal maddedir. Hidrofilik \u00f6zelli\u011fe sahip oldu\u011fundan, bulundu\u011fu ortamdan suyu emebilme kabiliyetine sahiptir.<\/li>\n<li>Fumed silika mikrondan daha k\u00fc\u00e7\u00fck tanecik boyutuna sahip amorf yap\u0131daki silika k\u00fcrelerinden olu\u015fan bir tozdur.<\/li>\n<li>Farmas\u00f6tik uygulamalarda par\u00e7ac\u0131k boyutunun d\u00fc\u015f\u00fck olmas\u0131 ve y\u00fczey alan\u0131n\u0131n geni\u015f olmas\u0131ndan dolay\u0131 tablet ve kaps\u00fcl doldurmak i\u00e7in kullan\u0131l\u0131r. Bu uygulamalardaki kullan\u0131m amac\u0131 kuru tozlar\u0131n al\u0131\u015fkanl\u0131klar\u0131n\u0131 d\u00fczenlemektir.<\/li>\n<li>Kolloidal yap\u0131da bulunan silikon dioksit baz\u0131 kimyasal kar\u0131\u015f\u0131mlar\u0131 stabilize etmek i\u00e7in kullan\u0131l\u0131r. Ayr\u0131ca jellerin, yar\u0131 kat\u0131 preparatlar\u0131n koyula\u015ft\u0131r\u0131lmas\u0131 ve s\u00fcspanse edilmesi i\u00e7in kullan\u0131l\u0131r.<\/li>\n<li>\u00c7ok iyi bir tiksotropi ajan\u0131d\u0131r.<\/li>\n<li>Tek kullan\u0131ml\u0131k \u00e7ay paketlerinde topaklanmay\u0131 \u00f6nlemek ile birlikte ak\u0131\u015fkanl\u0131\u011f\u0131 art\u0131rmak i\u00e7in kullan\u0131lmaktad\u0131r.<\/li>\n<li>Epoksi ba\u011flay\u0131c\u0131 sistemlerine fumed silika ilave edilir. Bu sayede Epoksinin sertle\u015fmesi s\u0131ras\u0131nda ortaya \u00e7\u0131kabilecek nem sorunlar\u0131 ortadan kald\u0131r\u0131l\u0131r.<\/li>\n<li>Kolloidal silikon dioksit tablet da\u011f\u0131t\u0131c\u0131s\u0131 olarak i\u015flem g\u00f6rebilir. Baz\u0131 uygulama alanlar\u0131nda adsorban dispersiyon olarak kullan\u0131l\u0131r.<\/li>\n<li>Silikon kau\u00e7uk \u00fcr\u00fcnlerinin \u00f6nemli bir bile\u015fendir. Bundan dolay\u0131 Fumed Silika polimerlere eklendi\u011finde kat\u0131 faz ile yumu\u015fak bir faz aras\u0131nda aray\u00fcz olu\u015fturmas\u0131n\u0131 sa\u011flamaktad\u0131r.<\/li>\n<li>S\u00fct hayranlar\u0131ndan buza\u011f\u0131 emmesi s\u0131ras\u0131nda hayvan\u2019\u0131n memelerinde bakteri kaynakl\u0131 enfeksiyonlar meydana gelir. Bu sorundan dolay\u0131 dezenfekte edilmesi gereklidir. Bunun i\u00e7in Silikon Dioksit kullan\u0131l\u0131r.<\/li>\n<li>Sa\u00e7 k\u0131v\u0131rma ilac\u0131 \u00fcretimi s\u0131ras\u0131nda k\u0131vam verici madde olarak silikon dioksit kullan\u0131labilir.<\/li>\n<li>Sarkma \u00f6nleyici ajan olarak silikon dioksit kullan\u0131l\u0131r. Bunun yan\u0131nda \u00e7\u00f6kelmeyi \u00f6nlemek i\u00e7in kullan\u0131l\u0131r.<\/li>\n<li>G\u00fcne\u015f pillerinde silikon kullan\u0131lmaktad\u0131r. Bu alanlardaki silikonlar kendine has \u00f6zelliklere sahiptir. Bundan dolay\u0131 g\u00fcne\u015f piline \u00f6zg\u00fc silikon \u00fcretimi yap\u0131l\u0131r.<\/li>\n<li>Baz\u0131 yap\u0131\u015ft\u0131r\u0131c\u0131lar\u0131n imalat\u0131nda ve s\u0131zd\u0131rmazl\u0131k \u00fcr\u00fcnlerinde kullan\u0131l\u0131r.<\/li>\n<li>Boya s\u00f6k\u00fcc\u00fc \u00fcr\u00fcnlerin form\u00fclasyonlar\u0131nda, boya y\u00fczeylerinde iyi yap\u0131\u015fmay\u0131 sa\u011flamak i\u00e7in kullan\u0131l\u0131r. Bu sayede viskozite art\u0131r\u0131lmaktad\u0131r.<\/li>\n<li>Laboratuvarda analiz maksatl\u0131 kullan\u0131lmaktad\u0131r.<\/li>\n<\/ul>\n<p>&nbsp;<\/p>\n","protected":false},"featured_media":1801,"comment_status":"open","ping_status":"closed","template":"","meta":{"neve_meta_sidebar":"","neve_meta_container":"","neve_meta_enable_content_width":"off","neve_meta_content_width":100,"neve_meta_title_alignment":"","neve_meta_author_avatar":"","neve_post_elements_order":"","neve_meta_disable_header":"","neve_meta_disable_footer":"","neve_meta_disable_title":"","_themeisle_gutenberg_block_has_review":false},"product_brand":[65],"product_cat":[44],"product_tag":[],"class_list":{"0":"post-1800","1":"product","2":"type-product","3":"status-publish","4":"has-post-thumbnail","6":"product_brand-hbbchem","7":"product_cat-toz-kati","9":"first","10":"instock","11":"taxable","12":"shipping-taxable","13":"purchasable","14":"product-type-simple"},"_links":{"self":[{"href":"https:\/\/hbbkimya.com\/index.php?rest_route=\/wp\/v2\/product\/1800","targetHints":{"allow":["GET"]}}],"collection":[{"href":"https:\/\/hbbkimya.com\/index.php?rest_route=\/wp\/v2\/product"}],"about":[{"href":"https:\/\/hbbkimya.com\/index.php?rest_route=\/wp\/v2\/types\/product"}],"replies":[{"embeddable":true,"href":"https:\/\/hbbkimya.com\/index.php?rest_route=%2Fwp%2Fv2%2Fcomments&post=1800"}],"wp:featuredmedia":[{"embeddable":true,"href":"https:\/\/hbbkimya.com\/index.php?rest_route=\/wp\/v2\/media\/1801"}],"wp:attachment":[{"href":"https:\/\/hbbkimya.com\/index.php?rest_route=%2Fwp%2Fv2%2Fmedia&parent=1800"}],"wp:term":[{"taxonomy":"product_brand","embeddable":true,"href":"https:\/\/hbbkimya.com\/index.php?rest_route=%2Fwp%2Fv2%2Fproduct_brand&post=1800"},{"taxonomy":"product_cat","embeddable":true,"href":"https:\/\/hbbkimya.com\/index.php?rest_route=%2Fwp%2Fv2%2Fproduct_cat&post=1800"},{"taxonomy":"product_tag","embeddable":true,"href":"https:\/\/hbbkimya.com\/index.php?rest_route=%2Fwp%2Fv2%2Fproduct_tag&post=1800"}],"curies":[{"name":"wp","href":"https:\/\/api.w.org\/{rel}","templated":true}]}}