{"id":1798,"date":"2025-08-17T20:40:18","date_gmt":"2025-08-17T17:40:18","guid":{"rendered":"https:\/\/hbbkimya.com\/?post_type=product&#038;p=1798"},"modified":"2025-08-17T20:40:58","modified_gmt":"2025-08-17T17:40:58","slug":"sulfurdioksit-tayin-aparati-takim-borosilikat-1000-ml","status":"publish","type":"product","link":"https:\/\/hbbkimya.com\/?product=sulfurdioksit-tayin-aparati-takim-borosilikat-1000-ml","title":{"rendered":"S\u00fclf\u00fcrdioksit Tayin D\u00fczene\u011fi (Tak\u0131m) Borosilikat 1000 ml"},"content":{"rendered":"<p><a href=\"https:\/\/hbbkimya.com\/wp-content\/uploads\/2025\/08\/sulfurdioksit-tayin-duzenegi-kukurt-tayin-duzenegi.jpg\"><img loading=\"lazy\" decoding=\"async\" class=\"alignnone size-medium wp-image-1799\" src=\"https:\/\/hbbkimya.com\/wp-content\/uploads\/2025\/08\/sulfurdioksit-tayin-duzenegi-kukurt-tayin-duzenegi-245x300.jpg\" alt=\"\" width=\"245\" height=\"300\" srcset=\"https:\/\/hbbkimya.com\/wp-content\/uploads\/2025\/08\/sulfurdioksit-tayin-duzenegi-kukurt-tayin-duzenegi-245x300.jpg 245w, https:\/\/hbbkimya.com\/wp-content\/uploads\/2025\/08\/sulfurdioksit-tayin-duzenegi-kukurt-tayin-duzenegi.jpg 506w\" sizes=\"auto, (max-width: 245px) 100vw, 245px\" \/><\/a><\/p>\n","protected":false},"excerpt":{"rendered":"<p><strong>S\u00fclf\u00fcrdioksit tayin aparat\u0131<\/strong>\u00a0tak\u0131m\u0131, g\u0131da, \u00e7evre ve end\u00fcstriyel analizlerde s\u00fclf\u00fcrdioksit (SO2) miktar\u0131n\u0131 belirlemek i\u00e7in \u00f6zel olarak tasarlanm\u0131\u015ft\u0131r. Bu aparat, y\u00fcksek kaliteli Borosilikat 3,3 cam malzemesi sayesinde kimyasal dayan\u0131kl\u0131l\u0131k ve \u0131s\u0131ya kar\u015f\u0131 \u00fcst\u00fcn performans sunar. DIN ve ISO standartlar\u0131na uygun\u00a0olarak \u00fcretilen bu s\u00fclf\u00fcrdioksit tayin aparat\u0131, hassas analiz sonu\u00e7lar\u0131 elde etmek i\u00e7in idealdir.<\/p>\n<p>Sipari\u015fe g\u00f6re \u00f6zel imalatt\u0131r, termin 3-7 i\u015f g\u00fcn\u00fc aras\u0131ndad\u0131r.<\/p>\n<p>S\u00fclf\u00fcrdioksit tayin aparat\u0131 imalat\u0131nda kullan\u0131lan Borosilikat 3,3 cam, kimyasallara kar\u015f\u0131 g\u00f6sterdi\u011fi diren\u00e7 ve termal \u015foklara dayan\u0131m\u0131 ile bilinir. Bu sayede uzun \u00f6m\u00fcrl\u00fc ve g\u00fcvenli bir kullan\u0131m sa\u011flar. \u00dcretim s\u00fcrecindeki DIN ve ISO standartlar\u0131na uyum, uluslararas\u0131 ge\u00e7erlili\u011fi olan test ve analizlerin sorunsuz bir \u015fekilde ger\u00e7ekle\u015ftirilmesine olanak tan\u0131r.<\/p>\n<p>S\u00fclf\u00fcrdioksit tayin aparat\u0131, g\u0131da g\u00fcvenli\u011fi, \u00e7evre kirlili\u011fi analizleri ve kimyasal \u00fcretim s\u00fcre\u00e7lerinin kontrol\u00fc gibi bir\u00e7ok alanda vazge\u00e7ilmez bir ara\u00e7t\u0131r.<\/p>\n<p>S\u00fclf\u00fcrdioksit (SO2) tayin aparat\u0131, \u00f6zellikle g\u0131da, \u00e7evre ve end\u00fcstriyel sekt\u00f6rlerdeki numunelerde s\u00fclf\u00fcrdioksit miktar\u0131n\u0131 belirlemek i\u00e7in kullan\u0131l\u0131r. Bu s\u00fclf\u00fcrdioksit tayin aparat\u0131 sayesinde hassas analiz s\u00fcre\u00e7leri g\u00fcvenle y\u00fcr\u00fct\u00fclebilir.<\/p>\n","protected":false},"featured_media":1799,"comment_status":"open","ping_status":"closed","template":"","meta":{"neve_meta_sidebar":"","neve_meta_container":"","neve_meta_enable_content_width":"off","neve_meta_content_width":100,"neve_meta_title_alignment":"","neve_meta_author_avatar":"","neve_post_elements_order":"","neve_meta_disable_header":"","neve_meta_disable_footer":"","neve_meta_disable_title":"","_themeisle_gutenberg_block_has_review":false},"product_brand":[],"product_cat":[37],"product_tag":[],"class_list":{"0":"post-1798","1":"product","2":"type-product","3":"status-publish","4":"has-post-thumbnail","6":"product_cat-cam","8":"first","9":"instock","10":"taxable","11":"shipping-taxable","12":"purchasable","13":"product-type-simple"},"_links":{"self":[{"href":"https:\/\/hbbkimya.com\/index.php?rest_route=\/wp\/v2\/product\/1798","targetHints":{"allow":["GET"]}}],"collection":[{"href":"https:\/\/hbbkimya.com\/index.php?rest_route=\/wp\/v2\/product"}],"about":[{"href":"https:\/\/hbbkimya.com\/index.php?rest_route=\/wp\/v2\/types\/product"}],"replies":[{"embeddable":true,"href":"https:\/\/hbbkimya.com\/index.php?rest_route=%2Fwp%2Fv2%2Fcomments&post=1798"}],"wp:featuredmedia":[{"embeddable":true,"href":"https:\/\/hbbkimya.com\/index.php?rest_route=\/wp\/v2\/media\/1799"}],"wp:attachment":[{"href":"https:\/\/hbbkimya.com\/index.php?rest_route=%2Fwp%2Fv2%2Fmedia&parent=1798"}],"wp:term":[{"taxonomy":"product_brand","embeddable":true,"href":"https:\/\/hbbkimya.com\/index.php?rest_route=%2Fwp%2Fv2%2Fproduct_brand&post=1798"},{"taxonomy":"product_cat","embeddable":true,"href":"https:\/\/hbbkimya.com\/index.php?rest_route=%2Fwp%2Fv2%2Fproduct_cat&post=1798"},{"taxonomy":"product_tag","embeddable":true,"href":"https:\/\/hbbkimya.com\/index.php?rest_route=%2Fwp%2Fv2%2Fproduct_tag&post=1798"}],"curies":[{"name":"wp","href":"https:\/\/api.w.org\/{rel}","templated":true}]}}