{"id":1795,"date":"2025-08-17T20:32:04","date_gmt":"2025-08-17T17:32:04","guid":{"rendered":"https:\/\/hbbkimya.com\/?post_type=product&#038;p=1795"},"modified":"2026-04-12T17:17:29","modified_gmt":"2026-04-12T14:17:29","slug":"vakum-filtrasyon-seti-akm-seti-borosilikat-1000-ml","status":"publish","type":"product","link":"https:\/\/hbbkimya.com\/?product=vakum-filtrasyon-seti-akm-seti-borosilikat-1000-ml","title":{"rendered":"Vakum Filtrasyon Seti (AKM Seti) Borosilikat 1000 ml"},"content":{"rendered":"<p><a href=\"https:\/\/hbbkimya.com\/wp-content\/uploads\/2025\/08\/AKM-Filtrasyon-Seti-vakum-filtrasyon-seti-suzme-takimi.png\"><img loading=\"lazy\" decoding=\"async\" class=\"alignnone size-medium wp-image-1796\" src=\"https:\/\/hbbkimya.com\/wp-content\/uploads\/2025\/08\/AKM-Filtrasyon-Seti-vakum-filtrasyon-seti-suzme-takimi-300x300.png\" alt=\"\" width=\"300\" height=\"300\" srcset=\"https:\/\/hbbkimya.com\/wp-content\/uploads\/2025\/08\/AKM-Filtrasyon-Seti-vakum-filtrasyon-seti-suzme-takimi-300x300.png 300w, https:\/\/hbbkimya.com\/wp-content\/uploads\/2025\/08\/AKM-Filtrasyon-Seti-vakum-filtrasyon-seti-suzme-takimi-100x100.png 100w, https:\/\/hbbkimya.com\/wp-content\/uploads\/2025\/08\/AKM-Filtrasyon-Seti-vakum-filtrasyon-seti-suzme-takimi-600x600.png 600w, https:\/\/hbbkimya.com\/wp-content\/uploads\/2025\/08\/AKM-Filtrasyon-Seti-vakum-filtrasyon-seti-suzme-takimi-1024x1024.png 1024w, https:\/\/hbbkimya.com\/wp-content\/uploads\/2025\/08\/AKM-Filtrasyon-Seti-vakum-filtrasyon-seti-suzme-takimi-150x150.png 150w, https:\/\/hbbkimya.com\/wp-content\/uploads\/2025\/08\/AKM-Filtrasyon-Seti-vakum-filtrasyon-seti-suzme-takimi-768x768.png 768w, https:\/\/hbbkimya.com\/wp-content\/uploads\/2025\/08\/AKM-Filtrasyon-Seti-vakum-filtrasyon-seti-suzme-takimi.png 1080w\" sizes=\"auto, (max-width: 300px) 100vw, 300px\" \/><\/a><\/p>\n","protected":false},"excerpt":{"rendered":"<p>300 mL Doldurma Hunisi 60 mm Filtre Tutucu NS 45\/40 Filtrasyon K\u0131skac\u0131 Erlen NS 45\/40<\/p>\n<p><b><strong>Vakum Filtrasyon Seti (AKM seti):\u00a0<\/strong><\/b>Borosilikat cam malzemeden yap\u0131lan bir laboratuvar ekipman\u0131d\u0131r.<\/p>\n<p><em>AKM, Almanca\u2019da \u201cAllgemeines Laboratoriums-Kombination\u201d anlam\u0131na gelir<\/em>. Genel laboratuvar kombinasyonu olarak kullan\u0131l\u0131r. Bu set, vakum filtrasyon i\u015flemlerinin ger\u00e7ekle\u015ftirilmesi i\u00e7in gerekli olan \u00e7e\u015fitli bile\u015fenleri i\u00e7erir. Erlen, Vakum Filtrasyon Hunisi, Vakum Filtrasyon Ba\u015fl\u0131\u011f\u0131, Emme Hortumu ve Klipsi, Filtre Ka\u011f\u0131d\u0131 veya membran\u0131ndan olu\u015fur.<\/p>\n<p>AKM seti, vakum filtrasyon i\u015flemlerinin h\u0131zl\u0131 ve etkili bir \u015fekilde ger\u00e7ekle\u015ftirilmesi i\u00e7in tasarlanm\u0131\u015ft\u0131r. Borosilikat cam malzeme, kimyasal dayan\u0131kl\u0131l\u0131\u011f\u0131, termal \u015foklara kar\u015f\u0131 direnci ve y\u00fcksek s\u0131cakl\u0131k tolerans\u0131 nedeniyle tercih edilir. Bu set, bir\u00e7ok laboratuvar uygulamas\u0131nda \u00f6zellikle s\u0131v\u0131 \u00f6rneklerde kat\u0131 partik\u00fcllerin ayr\u0131\u015ft\u0131r\u0131lmas\u0131 ve analizinde kullan\u0131l\u0131r.<\/p>\n<ul>\n<li><strong>Kapasite:<\/strong>\u00a01000 mL kapasiteli filtrasyon haznesi, k\u00fc\u00e7\u00fck ve orta \u00f6l\u00e7ekli s\u0131v\u0131 i\u015flemleri i\u00e7in uygundur.<\/li>\n<li><strong>Malzeme Kalitesi:<\/strong>\u00a0Y\u00fcksek kaliteli cam ve plastik malzemelerden \u00fcretilmi\u015f olup, uzun \u00f6m\u00fcrl\u00fc ve dayan\u0131kl\u0131d\u0131r.<\/li>\n<li><strong>Vakum Sistemleri:<\/strong>\u00a0Etkili vakum sistemleri ile donat\u0131lm\u0131\u015ft\u0131r, bu da filtrasyon s\u00fcrecinin h\u0131zl\u0131 ve etkin bir \u015fekilde ger\u00e7ekle\u015fmesini sa\u011flar.<\/li>\n<li><strong>Filtre Adapt\u00f6rleri:<\/strong>\u00a0\u00c7e\u015fitli filtrelerle uyumlu adapt\u00f6rler i\u00e7erir, bu da esnek kullan\u0131m imkan\u0131 sunar.<\/li>\n<li><strong>Temizlik Kolayl\u0131\u011f\u0131:<\/strong>\u00a0Par\u00e7alar\u0131 kolayca temizlenebilir, bu da hijyenik bir kullan\u0131m sa\u011flar.<\/li>\n<\/ul>\n","protected":false},"featured_media":1796,"comment_status":"open","ping_status":"closed","template":"","meta":{"neve_meta_sidebar":"","neve_meta_container":"","neve_meta_enable_content_width":"off","neve_meta_content_width":100,"neve_meta_title_alignment":"","neve_meta_author_avatar":"","neve_post_elements_order":"","neve_meta_disable_header":"","neve_meta_disable_footer":"","neve_meta_disable_title":"","_themeisle_gutenberg_block_has_review":false},"product_brand":[],"product_cat":[37],"product_tag":[],"class_list":{"0":"post-1795","1":"product","2":"type-product","3":"status-publish","4":"has-post-thumbnail","6":"product_cat-cam","8":"first","9":"instock","10":"sale","11":"taxable","12":"shipping-taxable","13":"purchasable","14":"product-type-simple"},"_links":{"self":[{"href":"https:\/\/hbbkimya.com\/index.php?rest_route=\/wp\/v2\/product\/1795","targetHints":{"allow":["GET"]}}],"collection":[{"href":"https:\/\/hbbkimya.com\/index.php?rest_route=\/wp\/v2\/product"}],"about":[{"href":"https:\/\/hbbkimya.com\/index.php?rest_route=\/wp\/v2\/types\/product"}],"replies":[{"embeddable":true,"href":"https:\/\/hbbkimya.com\/index.php?rest_route=%2Fwp%2Fv2%2Fcomments&post=1795"}],"wp:featuredmedia":[{"embeddable":true,"href":"https:\/\/hbbkimya.com\/index.php?rest_route=\/wp\/v2\/media\/1796"}],"wp:attachment":[{"href":"https:\/\/hbbkimya.com\/index.php?rest_route=%2Fwp%2Fv2%2Fmedia&parent=1795"}],"wp:term":[{"taxonomy":"product_brand","embeddable":true,"href":"https:\/\/hbbkimya.com\/index.php?rest_route=%2Fwp%2Fv2%2Fproduct_brand&post=1795"},{"taxonomy":"product_cat","embeddable":true,"href":"https:\/\/hbbkimya.com\/index.php?rest_route=%2Fwp%2Fv2%2Fproduct_cat&post=1795"},{"taxonomy":"product_tag","embeddable":true,"href":"https:\/\/hbbkimya.com\/index.php?rest_route=%2Fwp%2Fv2%2Fproduct_tag&post=1795"}],"curies":[{"name":"wp","href":"https:\/\/api.w.org\/{rel}","templated":true}]}}