{"id":1793,"date":"2025-08-17T20:12:36","date_gmt":"2025-08-17T17:12:36","guid":{"rendered":"https:\/\/hbbkimya.com\/?post_type=product&#038;p=1793"},"modified":"2026-02-11T22:58:28","modified_gmt":"2026-02-11T19:58:28","slug":"aluminyum-tartim-kabi-100x8mm","status":"publish","type":"product","link":"https:\/\/hbbkimya.com\/?product=aluminyum-tartim-kabi-100x8mm","title":{"rendered":"Al\u00fcminyum Tart\u0131m Kab\u0131 &#8211; 100x8mm- Nem Tayin Kab\u0131"},"content":{"rendered":"<p><a href=\"https:\/\/hbbkimya.com\/wp-content\/uploads\/2025\/08\/aluminyum-tartim-kabi-nem-tayin-kabi.webp\"><img loading=\"lazy\" decoding=\"async\" class=\"alignnone size-medium wp-image-1794\" src=\"https:\/\/hbbkimya.com\/wp-content\/uploads\/2025\/08\/aluminyum-tartim-kabi-nem-tayin-kabi-300x300.webp\" alt=\"\" width=\"300\" height=\"300\" srcset=\"https:\/\/hbbkimya.com\/wp-content\/uploads\/2025\/08\/aluminyum-tartim-kabi-nem-tayin-kabi-300x300.webp 300w, https:\/\/hbbkimya.com\/wp-content\/uploads\/2025\/08\/aluminyum-tartim-kabi-nem-tayin-kabi-100x100.webp 100w, https:\/\/hbbkimya.com\/wp-content\/uploads\/2025\/08\/aluminyum-tartim-kabi-nem-tayin-kabi-600x600.webp 600w, https:\/\/hbbkimya.com\/wp-content\/uploads\/2025\/08\/aluminyum-tartim-kabi-nem-tayin-kabi-1024x1024.webp 1024w, https:\/\/hbbkimya.com\/wp-content\/uploads\/2025\/08\/aluminyum-tartim-kabi-nem-tayin-kabi-150x150.webp 150w, https:\/\/hbbkimya.com\/wp-content\/uploads\/2025\/08\/aluminyum-tartim-kabi-nem-tayin-kabi-768x768.webp 768w, https:\/\/hbbkimya.com\/wp-content\/uploads\/2025\/08\/aluminyum-tartim-kabi-nem-tayin-kabi.webp 1280w\" sizes=\"auto, (max-width: 300px) 100vw, 300px\" \/><\/a><\/p>\n","protected":false},"excerpt":{"rendered":"<p data-start=\"65\" data-end=\"279\">Nem tayin terazileri ile tam uyumlu olarak \u00fcretilmi\u015f, y\u00fcksek kaliteli ve ya\u011fdan ar\u0131nd\u0131r\u0131lm\u0131\u015f al\u00fcminyum tart\u0131m kaplar\u0131d\u0131r. Hafif ancak dayan\u0131kl\u0131 yap\u0131s\u0131 sayesinde g\u00fcvenilir ve tekrarlanabilir analiz sonu\u00e7lar\u0131 sa\u011flar.<\/p>\n<p data-start=\"281\" data-end=\"306\"><strong data-start=\"281\" data-end=\"306\">\u00d6ne \u00c7\u0131kan \u00d6zellikler:<\/strong><\/p>\n<ul data-start=\"307\" data-end=\"659\">\n<li data-start=\"307\" data-end=\"350\">\n<p data-start=\"309\" data-end=\"350\">Nem tayin terazileri ile uyumlu tasar\u0131m<\/p>\n<\/li>\n<li data-start=\"351\" data-end=\"409\">\n<p data-start=\"353\" data-end=\"409\">Ya\u011fdan ar\u0131nd\u0131r\u0131lm\u0131\u015f, y\u00fcksek kaliteli al\u00fcminyum malzeme<\/p>\n<\/li>\n<li data-start=\"410\" data-end=\"485\">\n<p data-start=\"412\" data-end=\"485\">8 mm y\u00fcksekli\u011finde yan duvar ile i\u015flem s\u0131ras\u0131nda d\u00f6k\u00fclmeye kar\u015f\u0131 koruma<\/p>\n<\/li>\n<li data-start=\"486\" data-end=\"535\">\n<p data-start=\"488\" data-end=\"535\">Tart\u0131m kab\u0131 olarak \u00e7ok ama\u00e7l\u0131 kullan\u0131m imk\u00e2n\u0131<\/p>\n<\/li>\n<li data-start=\"536\" data-end=\"578\">\n<p data-start=\"538\" data-end=\"578\">Cihaz kefelerine tam oturan \u00f6zg\u00fcn form<\/p>\n<\/li>\n<li data-start=\"579\" data-end=\"659\">\n<p data-start=\"581\" data-end=\"659\">Konik g\u00f6vde sayesinde i\u00e7 i\u00e7e istiflenebilir, depolamada yer tasarrufu sa\u011flar<\/p>\n<\/li>\n<\/ul>\n<p data-start=\"661\" data-end=\"764\" data-is-last-node=\"\" data-is-only-node=\"\">Laboratuvarlarda nem analizi ve hassas tart\u0131m i\u015flemleri i\u00e7in pratik ve g\u00fcvenilir bir sarf malzemesidir.<\/p>\n","protected":false},"featured_media":1794,"comment_status":"open","ping_status":"closed","template":"","meta":{"neve_meta_sidebar":"","neve_meta_container":"","neve_meta_enable_content_width":"off","neve_meta_content_width":100,"neve_meta_title_alignment":"","neve_meta_author_avatar":"","neve_post_elements_order":"","neve_meta_disable_header":"","neve_meta_disable_footer":"","neve_meta_disable_title":"","_themeisle_gutenberg_block_has_review":false},"product_brand":[],"product_cat":[38],"product_tag":[],"class_list":{"0":"post-1793","1":"product","2":"type-product","3":"status-publish","4":"has-post-thumbnail","6":"product_cat-sarf-plastik","8":"first","9":"instock","10":"taxable","11":"shipping-taxable","12":"purchasable","13":"product-type-simple"},"_links":{"self":[{"href":"https:\/\/hbbkimya.com\/index.php?rest_route=\/wp\/v2\/product\/1793","targetHints":{"allow":["GET"]}}],"collection":[{"href":"https:\/\/hbbkimya.com\/index.php?rest_route=\/wp\/v2\/product"}],"about":[{"href":"https:\/\/hbbkimya.com\/index.php?rest_route=\/wp\/v2\/types\/product"}],"replies":[{"embeddable":true,"href":"https:\/\/hbbkimya.com\/index.php?rest_route=%2Fwp%2Fv2%2Fcomments&post=1793"}],"wp:featuredmedia":[{"embeddable":true,"href":"https:\/\/hbbkimya.com\/index.php?rest_route=\/wp\/v2\/media\/1794"}],"wp:attachment":[{"href":"https:\/\/hbbkimya.com\/index.php?rest_route=%2Fwp%2Fv2%2Fmedia&parent=1793"}],"wp:term":[{"taxonomy":"product_brand","embeddable":true,"href":"https:\/\/hbbkimya.com\/index.php?rest_route=%2Fwp%2Fv2%2Fproduct_brand&post=1793"},{"taxonomy":"product_cat","embeddable":true,"href":"https:\/\/hbbkimya.com\/index.php?rest_route=%2Fwp%2Fv2%2Fproduct_cat&post=1793"},{"taxonomy":"product_tag","embeddable":true,"href":"https:\/\/hbbkimya.com\/index.php?rest_route=%2Fwp%2Fv2%2Fproduct_tag&post=1793"}],"curies":[{"name":"wp","href":"https:\/\/api.w.org\/{rel}","templated":true}]}}