{"id":1705,"date":"2025-07-06T16:21:49","date_gmt":"2025-07-06T13:21:49","guid":{"rendered":"https:\/\/hbbkimya.com\/?post_type=product&#038;p=1705"},"modified":"2025-07-06T19:37:53","modified_gmt":"2025-07-06T16:37:53","slug":"orto-fosforik-asit-85-5-kg","status":"publish","type":"product","link":"https:\/\/hbbkimya.com\/?product=orto-fosforik-asit-85-5-kg","title":{"rendered":"Orto- Fosforik Asit %85 5 Kg"},"content":{"rendered":"<p><a href=\"https:\/\/hbbkimya.com\/wp-content\/uploads\/2025\/07\/fosforik-asit-orto-fosforik-5-kg-scaled.jpeg\"><img loading=\"lazy\" decoding=\"async\" class=\"alignnone size-medium wp-image-1706\" src=\"https:\/\/hbbkimya.com\/wp-content\/uploads\/2025\/07\/fosforik-asit-orto-fosforik-5-kg-237x300.jpeg\" alt=\"\" width=\"237\" height=\"300\" srcset=\"https:\/\/hbbkimya.com\/wp-content\/uploads\/2025\/07\/fosforik-asit-orto-fosforik-5-kg-237x300.jpeg 237w, https:\/\/hbbkimya.com\/wp-content\/uploads\/2025\/07\/fosforik-asit-orto-fosforik-5-kg-scaled-600x760.jpeg 600w, https:\/\/hbbkimya.com\/wp-content\/uploads\/2025\/07\/fosforik-asit-orto-fosforik-5-kg-808x1024.jpeg 808w, https:\/\/hbbkimya.com\/wp-content\/uploads\/2025\/07\/fosforik-asit-orto-fosforik-5-kg-768x973.jpeg 768w, https:\/\/hbbkimya.com\/wp-content\/uploads\/2025\/07\/fosforik-asit-orto-fosforik-5-kg-1212x1536.jpeg 1212w, https:\/\/hbbkimya.com\/wp-content\/uploads\/2025\/07\/fosforik-asit-orto-fosforik-5-kg-1616x2048.jpeg 1616w, https:\/\/hbbkimya.com\/wp-content\/uploads\/2025\/07\/fosforik-asit-orto-fosforik-5-kg-scaled.jpeg 2020w\" sizes=\"auto, (max-width: 237px) 100vw, 237px\" \/><\/a><\/p>\n","protected":false},"excerpt":{"rendered":"<p>\u00b7Safl\u0131k: Min85%\u00a0 \u00a0 \u00b7Form\u00fcl\u00fc : H3PO4\u00a0 \u00a0 \u00b7Molar k\u00fctle: 97,994 g\/mol\u00a0 \u00a0 \u00a0\u00b7<span class=\"selectable-text copyable-text\">Yo\u011funluk: 1,692 g\/cm3<\/span><\/p>\n<p>Fosforik Asit, renksiz, kokusuz fosfor i\u00e7eren inorganik asittir.<\/p>\n<p>Fosforik asit di\u015f hekimli\u011finde ve ortodontide a\u015f\u0131nd\u0131rma sol\u00fcsyonu olarak di\u015f aletlerinin veya dolgular\u0131n yerle\u015ftirilece\u011fi di\u015f y\u00fczeylerini temizlemek ve p\u00fcr\u00fczlendirmek i\u00e7in kullan\u0131l\u0131r. Fosfatl\u0131 g\u00fcbre \u00fcretimlerinin ana hammadde girdisidir.<\/p>\n<p>\u00c7o\u011funlukla fosfatl\u0131 g\u00fcbre \u00fcretiminde, ila\u00e7 end\u00fcstrisinde, tar\u0131m alan\u0131nda, metallerin temizlenmesinde, polisaj sekt\u00f6r\u00fcnde ve asitli\u011fi d\u00fczenleme i\u00e7in g\u0131da alan\u0131nda kullan\u0131l\u0131r.<\/p>\n<p>Laboratuvarda analiz maksatl\u0131 kullan\u0131lmaktad\u0131r.<\/p>\n","protected":false},"featured_media":1706,"comment_status":"open","ping_status":"closed","template":"","meta":{"neve_meta_sidebar":"","neve_meta_container":"","neve_meta_enable_content_width":"off","neve_meta_content_width":100,"neve_meta_title_alignment":"","neve_meta_author_avatar":"","neve_post_elements_order":"","neve_meta_disable_header":"","neve_meta_disable_footer":"","neve_meta_disable_title":"","_themeisle_gutenberg_block_has_review":false},"product_brand":[],"product_cat":[45],"product_tag":[],"class_list":{"0":"post-1705","1":"product","2":"type-product","3":"status-publish","4":"has-post-thumbnail","6":"product_cat-sivi-kimyasallar","8":"first","9":"instock","10":"sale","11":"taxable","12":"shipping-taxable","13":"purchasable","14":"product-type-simple"},"_links":{"self":[{"href":"https:\/\/hbbkimya.com\/index.php?rest_route=\/wp\/v2\/product\/1705","targetHints":{"allow":["GET"]}}],"collection":[{"href":"https:\/\/hbbkimya.com\/index.php?rest_route=\/wp\/v2\/product"}],"about":[{"href":"https:\/\/hbbkimya.com\/index.php?rest_route=\/wp\/v2\/types\/product"}],"replies":[{"embeddable":true,"href":"https:\/\/hbbkimya.com\/index.php?rest_route=%2Fwp%2Fv2%2Fcomments&post=1705"}],"wp:featuredmedia":[{"embeddable":true,"href":"https:\/\/hbbkimya.com\/index.php?rest_route=\/wp\/v2\/media\/1706"}],"wp:attachment":[{"href":"https:\/\/hbbkimya.com\/index.php?rest_route=%2Fwp%2Fv2%2Fmedia&parent=1705"}],"wp:term":[{"taxonomy":"product_brand","embeddable":true,"href":"https:\/\/hbbkimya.com\/index.php?rest_route=%2Fwp%2Fv2%2Fproduct_brand&post=1705"},{"taxonomy":"product_cat","embeddable":true,"href":"https:\/\/hbbkimya.com\/index.php?rest_route=%2Fwp%2Fv2%2Fproduct_cat&post=1705"},{"taxonomy":"product_tag","embeddable":true,"href":"https:\/\/hbbkimya.com\/index.php?rest_route=%2Fwp%2Fv2%2Fproduct_tag&post=1705"}],"curies":[{"name":"wp","href":"https:\/\/api.w.org\/{rel}","templated":true}]}}