{"id":1691,"date":"2025-06-29T23:30:27","date_gmt":"2025-06-29T20:30:27","guid":{"rendered":"https:\/\/hbbkimya.com\/?post_type=product&#038;p=1691"},"modified":"2025-08-23T22:26:54","modified_gmt":"2025-08-23T19:26:54","slug":"demir-ii-sulfat-heptahidrat-1-kg","status":"publish","type":"product","link":"https:\/\/hbbkimya.com\/?product=demir-ii-sulfat-heptahidrat-1-kg","title":{"rendered":"Demir II S\u00fclfat Heptahidrat 1 Kg"},"content":{"rendered":"<p><a href=\"https:\/\/hbbkimya.com\/wp-content\/uploads\/2025\/06\/demir-ii-sulfat-iron-ii-sulfate-scaled.jpg\"><img loading=\"lazy\" decoding=\"async\" class=\"alignnone size-medium wp-image-1692\" src=\"https:\/\/hbbkimya.com\/wp-content\/uploads\/2025\/06\/demir-ii-sulfat-iron-ii-sulfate-225x300.jpg\" alt=\"\" width=\"225\" height=\"300\" srcset=\"https:\/\/hbbkimya.com\/wp-content\/uploads\/2025\/06\/demir-ii-sulfat-iron-ii-sulfate-225x300.jpg 225w, https:\/\/hbbkimya.com\/wp-content\/uploads\/2025\/06\/demir-ii-sulfat-iron-ii-sulfate-scaled-600x800.jpg 600w, https:\/\/hbbkimya.com\/wp-content\/uploads\/2025\/06\/demir-ii-sulfat-iron-ii-sulfate-768x1024.jpg 768w, https:\/\/hbbkimya.com\/wp-content\/uploads\/2025\/06\/demir-ii-sulfat-iron-ii-sulfate-1152x1536.jpg 1152w, https:\/\/hbbkimya.com\/wp-content\/uploads\/2025\/06\/demir-ii-sulfat-iron-ii-sulfate-1536x2048.jpg 1536w, https:\/\/hbbkimya.com\/wp-content\/uploads\/2025\/06\/demir-ii-sulfat-iron-ii-sulfate-scaled.jpg 1920w\" sizes=\"auto, (max-width: 225px) 100vw, 225px\" \/><\/a><\/p>\n","protected":false},"excerpt":{"rendered":"<p>\u00b7Form\u00fcl\u00fc :FeSO4.7H2O\u00a0 \u00a0 \u00b7Molar k\u00fctle: 278,02 g\/mol<\/p>\n<p>Demir s\u00fclfat ye\u015fil mavi renkli, kokusuz kristalimsi bir yap\u0131ya sahip kuru bir kimyasal maddedir.<\/p>\n<p>Laboratuvarda analiz maksatl\u0131 kullan\u0131lmaktad\u0131r.<\/p>\n","protected":false},"featured_media":1692,"comment_status":"open","ping_status":"closed","template":"","meta":{"neve_meta_sidebar":"","neve_meta_container":"","neve_meta_enable_content_width":"off","neve_meta_content_width":100,"neve_meta_title_alignment":"","neve_meta_author_avatar":"","neve_post_elements_order":"","neve_meta_disable_header":"","neve_meta_disable_footer":"","neve_meta_disable_title":"","_themeisle_gutenberg_block_has_review":false},"product_brand":[65],"product_cat":[44],"product_tag":[],"class_list":{"0":"post-1691","1":"product","2":"type-product","3":"status-publish","4":"has-post-thumbnail","6":"product_brand-hbbchem","7":"product_cat-toz-kati","9":"first","10":"instock","11":"taxable","12":"shipping-taxable","13":"purchasable","14":"product-type-simple"},"_links":{"self":[{"href":"https:\/\/hbbkimya.com\/index.php?rest_route=\/wp\/v2\/product\/1691","targetHints":{"allow":["GET"]}}],"collection":[{"href":"https:\/\/hbbkimya.com\/index.php?rest_route=\/wp\/v2\/product"}],"about":[{"href":"https:\/\/hbbkimya.com\/index.php?rest_route=\/wp\/v2\/types\/product"}],"replies":[{"embeddable":true,"href":"https:\/\/hbbkimya.com\/index.php?rest_route=%2Fwp%2Fv2%2Fcomments&post=1691"}],"wp:featuredmedia":[{"embeddable":true,"href":"https:\/\/hbbkimya.com\/index.php?rest_route=\/wp\/v2\/media\/1692"}],"wp:attachment":[{"href":"https:\/\/hbbkimya.com\/index.php?rest_route=%2Fwp%2Fv2%2Fmedia&parent=1691"}],"wp:term":[{"taxonomy":"product_brand","embeddable":true,"href":"https:\/\/hbbkimya.com\/index.php?rest_route=%2Fwp%2Fv2%2Fproduct_brand&post=1691"},{"taxonomy":"product_cat","embeddable":true,"href":"https:\/\/hbbkimya.com\/index.php?rest_route=%2Fwp%2Fv2%2Fproduct_cat&post=1691"},{"taxonomy":"product_tag","embeddable":true,"href":"https:\/\/hbbkimya.com\/index.php?rest_route=%2Fwp%2Fv2%2Fproduct_tag&post=1691"}],"curies":[{"name":"wp","href":"https:\/\/api.w.org\/{rel}","templated":true}]}}