{"id":1689,"date":"2025-06-29T22:42:43","date_gmt":"2025-06-29T19:42:43","guid":{"rendered":"https:\/\/hbbkimya.com\/?post_type=product&#038;p=1689"},"modified":"2025-08-23T22:16:17","modified_gmt":"2025-08-23T19:16:17","slug":"n-hekzan-n-hexane-chem-pure-250-ml","status":"publish","type":"product","link":"https:\/\/hbbkimya.com\/?product=n-hekzan-n-hexane-chem-pure-250-ml","title":{"rendered":"n-Hekzan (n-hexane) Chem Pure 250 ml"},"content":{"rendered":"<p><a href=\"https:\/\/hbbkimya.com\/wp-content\/uploads\/2025\/06\/n-hekzan-n-hexane-250-ml-scaled.jpg\"><img loading=\"lazy\" decoding=\"async\" class=\"alignnone size-medium wp-image-1690\" src=\"https:\/\/hbbkimya.com\/wp-content\/uploads\/2025\/06\/n-hekzan-n-hexane-250-ml-225x300.jpg\" alt=\"\" width=\"225\" height=\"300\" srcset=\"https:\/\/hbbkimya.com\/wp-content\/uploads\/2025\/06\/n-hekzan-n-hexane-250-ml-225x300.jpg 225w, https:\/\/hbbkimya.com\/wp-content\/uploads\/2025\/06\/n-hekzan-n-hexane-250-ml-scaled-600x800.jpg 600w, https:\/\/hbbkimya.com\/wp-content\/uploads\/2025\/06\/n-hekzan-n-hexane-250-ml-768x1024.jpg 768w, https:\/\/hbbkimya.com\/wp-content\/uploads\/2025\/06\/n-hekzan-n-hexane-250-ml-1152x1536.jpg 1152w, https:\/\/hbbkimya.com\/wp-content\/uploads\/2025\/06\/n-hekzan-n-hexane-250-ml-1536x2048.jpg 1536w, https:\/\/hbbkimya.com\/wp-content\/uploads\/2025\/06\/n-hekzan-n-hexane-250-ml-scaled.jpg 1920w\" sizes=\"auto, (max-width: 225px) 100vw, 225px\" \/><\/a><\/p>\n","protected":false},"excerpt":{"rendered":"<p>\u00b7Safl\u0131k: &lt;98.00 %\u00a0 \u00a0 \u00b7Form\u00fcl\u00fc : C6H14\u00a0 \u00a0\u00b7Molar k\u00fctle: 86,18 g\/mol\u00a0 \u00b7Yo\u011funluk: 0.68 g\/ml (15 \u00b0C)<\/p>\n<p><span class=\"selectable-text copyable-text\">Laboratuvarlarda ya\u011f \u00e7\u00f6z\u00fcc\u00fc olarak, ayr\u0131ca sanayide organik \u00e7\u00f6z\u00fcc\u00fc olarak kullan\u0131lmaktad\u0131r.<\/span><\/p>\n<p>Laboratuvarda analiz maksatl\u0131 kullan\u0131lmaktad\u0131r.<\/p>\n","protected":false},"featured_media":1690,"comment_status":"open","ping_status":"closed","template":"","meta":{"neve_meta_sidebar":"","neve_meta_container":"","neve_meta_enable_content_width":"off","neve_meta_content_width":100,"neve_meta_title_alignment":"","neve_meta_author_avatar":"","neve_post_elements_order":"","neve_meta_disable_header":"","neve_meta_disable_footer":"","neve_meta_disable_title":"","_themeisle_gutenberg_block_has_review":false},"product_brand":[65],"product_cat":[45],"product_tag":[],"class_list":{"0":"post-1689","1":"product","2":"type-product","3":"status-publish","4":"has-post-thumbnail","6":"product_brand-hbbchem","7":"product_cat-sivi-kimyasallar","9":"first","10":"instock","11":"taxable","12":"shipping-taxable","13":"purchasable","14":"product-type-simple"},"_links":{"self":[{"href":"https:\/\/hbbkimya.com\/index.php?rest_route=\/wp\/v2\/product\/1689","targetHints":{"allow":["GET"]}}],"collection":[{"href":"https:\/\/hbbkimya.com\/index.php?rest_route=\/wp\/v2\/product"}],"about":[{"href":"https:\/\/hbbkimya.com\/index.php?rest_route=\/wp\/v2\/types\/product"}],"replies":[{"embeddable":true,"href":"https:\/\/hbbkimya.com\/index.php?rest_route=%2Fwp%2Fv2%2Fcomments&post=1689"}],"wp:featuredmedia":[{"embeddable":true,"href":"https:\/\/hbbkimya.com\/index.php?rest_route=\/wp\/v2\/media\/1690"}],"wp:attachment":[{"href":"https:\/\/hbbkimya.com\/index.php?rest_route=%2Fwp%2Fv2%2Fmedia&parent=1689"}],"wp:term":[{"taxonomy":"product_brand","embeddable":true,"href":"https:\/\/hbbkimya.com\/index.php?rest_route=%2Fwp%2Fv2%2Fproduct_brand&post=1689"},{"taxonomy":"product_cat","embeddable":true,"href":"https:\/\/hbbkimya.com\/index.php?rest_route=%2Fwp%2Fv2%2Fproduct_cat&post=1689"},{"taxonomy":"product_tag","embeddable":true,"href":"https:\/\/hbbkimya.com\/index.php?rest_route=%2Fwp%2Fv2%2Fproduct_tag&post=1689"}],"curies":[{"name":"wp","href":"https:\/\/api.w.org\/{rel}","templated":true}]}}