{"id":1658,"date":"2025-06-29T19:27:30","date_gmt":"2025-06-29T16:27:30","guid":{"rendered":"https:\/\/hbbkimya.com\/?post_type=product&#038;p=1658"},"modified":"2026-02-11T23:06:21","modified_gmt":"2026-02-11T20:06:21","slug":"pastor-pipeti-0-5-3-ml-plastik-damlalik-100-adet","status":"publish","type":"product","link":"https:\/\/hbbkimya.com\/?product=pastor-pipeti-0-5-3-ml-plastik-damlalik-100-adet","title":{"rendered":"Past\u00f6r Pipeti 0.5-3 ml &#8211; Plastik Damlal\u0131k 100 Adet"},"content":{"rendered":"<p><a href=\"https:\/\/hbbkimya.com\/wp-content\/uploads\/2025\/06\/pastor-pipet-3ml-100-adet-pasteur-pipette-plastik-pipet-damlalik.webp\"><img loading=\"lazy\" decoding=\"async\" class=\"alignnone size-medium wp-image-1659\" src=\"https:\/\/hbbkimya.com\/wp-content\/uploads\/2025\/06\/pastor-pipet-3ml-100-adet-pasteur-pipette-plastik-pipet-damlalik-300x300.webp\" alt=\"\" width=\"300\" height=\"300\" srcset=\"https:\/\/hbbkimya.com\/wp-content\/uploads\/2025\/06\/pastor-pipet-3ml-100-adet-pasteur-pipette-plastik-pipet-damlalik-300x300.webp 300w, https:\/\/hbbkimya.com\/wp-content\/uploads\/2025\/06\/pastor-pipet-3ml-100-adet-pasteur-pipette-plastik-pipet-damlalik-100x100.webp 100w, https:\/\/hbbkimya.com\/wp-content\/uploads\/2025\/06\/pastor-pipet-3ml-100-adet-pasteur-pipette-plastik-pipet-damlalik-600x600.webp 600w, https:\/\/hbbkimya.com\/wp-content\/uploads\/2025\/06\/pastor-pipet-3ml-100-adet-pasteur-pipette-plastik-pipet-damlalik-150x150.webp 150w, https:\/\/hbbkimya.com\/wp-content\/uploads\/2025\/06\/pastor-pipet-3ml-100-adet-pasteur-pipette-plastik-pipet-damlalik-768x768.webp 768w, https:\/\/hbbkimya.com\/wp-content\/uploads\/2025\/06\/pastor-pipet-3ml-100-adet-pasteur-pipette-plastik-pipet-damlalik.webp 1000w\" sizes=\"auto, (max-width: 300px) 100vw, 300px\" \/><\/a><\/p>\n","protected":false},"excerpt":{"rendered":"<p data-start=\"0\" data-end=\"54\"><strong data-start=\"0\" data-end=\"54\">Past\u00f6r Pipeti 3 ml \u2013 Non Steril \u2013 100 Adet \/ Paket<\/strong><\/p>\n<p data-start=\"56\" data-end=\"185\">S\u0131v\u0131 transferi ve damlatma i\u015flemleri i\u00e7in pratik ve ekonomik bir \u00e7\u00f6z\u00fcmd\u00fcr. Laboratuvar, e\u011fitim ve genel kullan\u0131m ama\u00e7l\u0131 uygundur.<\/p>\n<p data-start=\"187\" data-end=\"210\"><strong data-start=\"187\" data-end=\"208\">\u00dcr\u00fcn \u00d6zellikleri:<\/strong><\/p>\n<ul data-start=\"211\" data-end=\"408\">\n<li data-start=\"211\" data-end=\"247\">\n<p data-start=\"213\" data-end=\"247\">Malzeme: Y\u00fcksek kaliteli plastik<\/p>\n<\/li>\n<li data-start=\"248\" data-end=\"267\">\n<p data-start=\"250\" data-end=\"267\">Hacim: <strong data-start=\"257\" data-end=\"265\">3 ml<\/strong><\/p>\n<\/li>\n<li data-start=\"268\" data-end=\"299\">\n<p data-start=\"270\" data-end=\"299\">Paket \u0130\u00e7eri\u011fi: <strong data-start=\"285\" data-end=\"297\">100 adet<\/strong><\/p>\n<\/li>\n<li data-start=\"300\" data-end=\"314\">\n<p data-start=\"302\" data-end=\"314\">Non-steril<\/p>\n<\/li>\n<li data-start=\"315\" data-end=\"360\">\n<p data-start=\"317\" data-end=\"360\">Tek kullan\u0131ml\u0131k, hafif ve kullan\u0131m\u0131 kolay<\/p>\n<\/li>\n<li data-start=\"361\" data-end=\"408\">\n<p data-start=\"363\" data-end=\"408\">Kontroll\u00fc s\u0131v\u0131 transferi ve damlatma imk\u00e2n\u0131<\/p>\n<\/li>\n<\/ul>\n<p data-start=\"410\" data-end=\"504\" data-is-last-node=\"\" data-is-only-node=\"\">Numune haz\u0131rlama, \u00e7\u00f6zelti aktarma ve genel laboratuvar uygulamalar\u0131nda g\u00fcvenle kullan\u0131labilir.<\/p>\n","protected":false},"featured_media":1659,"comment_status":"open","ping_status":"closed","template":"","meta":{"neve_meta_sidebar":"","neve_meta_container":"","neve_meta_enable_content_width":"off","neve_meta_content_width":100,"neve_meta_title_alignment":"","neve_meta_author_avatar":"","neve_post_elements_order":"","neve_meta_disable_header":"","neve_meta_disable_footer":"","neve_meta_disable_title":"","_themeisle_gutenberg_block_has_review":false},"product_brand":[],"product_cat":[38],"product_tag":[],"class_list":{"0":"post-1658","1":"product","2":"type-product","3":"status-publish","4":"has-post-thumbnail","6":"product_cat-sarf-plastik","8":"first","9":"instock","10":"taxable","11":"shipping-taxable","12":"purchasable","13":"product-type-simple"},"_links":{"self":[{"href":"https:\/\/hbbkimya.com\/index.php?rest_route=\/wp\/v2\/product\/1658","targetHints":{"allow":["GET"]}}],"collection":[{"href":"https:\/\/hbbkimya.com\/index.php?rest_route=\/wp\/v2\/product"}],"about":[{"href":"https:\/\/hbbkimya.com\/index.php?rest_route=\/wp\/v2\/types\/product"}],"replies":[{"embeddable":true,"href":"https:\/\/hbbkimya.com\/index.php?rest_route=%2Fwp%2Fv2%2Fcomments&post=1658"}],"wp:featuredmedia":[{"embeddable":true,"href":"https:\/\/hbbkimya.com\/index.php?rest_route=\/wp\/v2\/media\/1659"}],"wp:attachment":[{"href":"https:\/\/hbbkimya.com\/index.php?rest_route=%2Fwp%2Fv2%2Fmedia&parent=1658"}],"wp:term":[{"taxonomy":"product_brand","embeddable":true,"href":"https:\/\/hbbkimya.com\/index.php?rest_route=%2Fwp%2Fv2%2Fproduct_brand&post=1658"},{"taxonomy":"product_cat","embeddable":true,"href":"https:\/\/hbbkimya.com\/index.php?rest_route=%2Fwp%2Fv2%2Fproduct_cat&post=1658"},{"taxonomy":"product_tag","embeddable":true,"href":"https:\/\/hbbkimya.com\/index.php?rest_route=%2Fwp%2Fv2%2Fproduct_tag&post=1658"}],"curies":[{"name":"wp","href":"https:\/\/api.w.org\/{rel}","templated":true}]}}