{"id":1656,"date":"2025-06-29T19:03:17","date_gmt":"2025-06-29T16:03:17","guid":{"rendered":"https:\/\/hbbkimya.com\/?post_type=product&#038;p=1656"},"modified":"2026-02-11T21:36:56","modified_gmt":"2026-02-11T18:36:56","slug":"porselen-kapsul-190-ml-dibi-yuvarlak","status":"publish","type":"product","link":"https:\/\/hbbkimya.com\/?product=porselen-kapsul-190-ml-dibi-yuvarlak","title":{"rendered":"Porselen Kaps\u00fcl 190 ml &#8211; Pota &#8211; Dibi Yuvarlak"},"content":{"rendered":"<p><a href=\"https:\/\/hbbkimya.com\/wp-content\/uploads\/2025\/06\/porselen-kapsul-pota-kroze.webp\"><img loading=\"lazy\" decoding=\"async\" class=\"alignnone size-medium wp-image-1657\" src=\"https:\/\/hbbkimya.com\/wp-content\/uploads\/2025\/06\/porselen-kapsul-pota-kroze-300x300.webp\" alt=\"\" width=\"300\" height=\"300\" srcset=\"https:\/\/hbbkimya.com\/wp-content\/uploads\/2025\/06\/porselen-kapsul-pota-kroze-300x300.webp 300w, https:\/\/hbbkimya.com\/wp-content\/uploads\/2025\/06\/porselen-kapsul-pota-kroze-100x100.webp 100w, https:\/\/hbbkimya.com\/wp-content\/uploads\/2025\/06\/porselen-kapsul-pota-kroze-600x600.webp 600w, https:\/\/hbbkimya.com\/wp-content\/uploads\/2025\/06\/porselen-kapsul-pota-kroze-1024x1024.webp 1024w, https:\/\/hbbkimya.com\/wp-content\/uploads\/2025\/06\/porselen-kapsul-pota-kroze-150x150.webp 150w, https:\/\/hbbkimya.com\/wp-content\/uploads\/2025\/06\/porselen-kapsul-pota-kroze-768x768.webp 768w, https:\/\/hbbkimya.com\/wp-content\/uploads\/2025\/06\/porselen-kapsul-pota-kroze.webp 1280w\" sizes=\"auto, (max-width: 300px) 100vw, 300px\" \/><\/a><\/p>\n","protected":false},"excerpt":{"rendered":"<table style=\"font-weight: 400;\">\n<tbody>\n<tr>\n<td><b><strong>Y\u00fckseklik<\/strong><\/b><\/p>\n<p>44,4 mm<\/td>\n<td><b><strong>A\u011f\u0131z \u00c7ap<\/strong><\/b><\/p>\n<p>104 mm<\/td>\n<td><b><strong>Taban \u00c7ap<\/strong><\/b><\/p>\n<p>75 mm<\/td>\n<\/tr>\n<\/tbody>\n<\/table>\n<p data-start=\"35\" data-end=\"220\">DIN 12903 standard\u0131na uygun olarak \u00fcretilen porselen potalar, y\u00fcksek s\u0131cakl\u0131kta analiz ve yakma i\u015flemleri i\u00e7in tasarlanm\u0131\u015ft\u0131r. Laboratuvar ortam\u0131nda g\u00fcvenli ve dayan\u0131kl\u0131 kullan\u0131m sunar.<\/p>\n<h3 data-start=\"222\" data-end=\"241\"><strong data-start=\"226\" data-end=\"241\">\u00d6zellikler:<\/strong><\/h3>\n<ul data-start=\"243\" data-end=\"578\">\n<li data-start=\"243\" data-end=\"314\">\n<p data-start=\"245\" data-end=\"314\"><strong data-start=\"245\" data-end=\"276\">DIN 12903 standard\u0131na uygun<\/strong> s\u0131rlanm\u0131\u015f porselenden \u00fcretilmi\u015ftir.<\/p>\n<\/li>\n<li data-start=\"315\" data-end=\"411\">\n<p data-start=\"317\" data-end=\"411\">S\u0131rl\u0131 y\u00fczeylerde <strong data-start=\"334\" data-end=\"369\">1000\u00b0C\u2019ye kadar yumu\u015fama yapmaz<\/strong> ve y\u00fcksek beyazl\u0131k derecesine sahiptir.<\/p>\n<\/li>\n<li data-start=\"412\" data-end=\"502\">\n<p data-start=\"414\" data-end=\"502\"><strong data-start=\"414\" data-end=\"445\">Hidroflorik asit (HF) hari\u00e7<\/strong> asitlere ve alkalilere kar\u015f\u0131 m\u00fckemmel diren\u00e7 g\u00f6sterir.<\/p>\n<\/li>\n<li data-start=\"503\" data-end=\"578\">\n<p data-start=\"505\" data-end=\"578\">D\u0131\u015f alt y\u00fczey ve a\u011f\u0131z kenar\u0131 hari\u00e7 olmak \u00fczere <strong data-start=\"552\" data-end=\"575\">i\u00e7ten d\u0131\u015fa s\u0131rl\u0131d\u0131r<\/strong>.<\/p>\n<\/li>\n<\/ul>\n<h3 data-start=\"580\" data-end=\"619\"><strong data-start=\"584\" data-end=\"619\">Kullan\u0131m ve G\u00fcvenlik Uyar\u0131lar\u0131:<\/strong><\/h3>\n<ul data-start=\"621\" data-end=\"833\">\n<li data-start=\"621\" data-end=\"696\">\n<p data-start=\"623\" data-end=\"696\">K\u0131r\u0131lmalar\u0131 \u00f6nlemek i\u00e7in <strong data-start=\"648\" data-end=\"693\">do\u011frudan alev temas\u0131na maruz b\u0131rakmay\u0131n\u0131z<\/strong>.<\/p>\n<\/li>\n<li data-start=\"697\" data-end=\"752\">\n<p data-start=\"699\" data-end=\"752\">Is\u0131tma ve so\u011futma i\u015flemleri kontroll\u00fc yap\u0131lmal\u0131d\u0131r.<\/p>\n<\/li>\n<li data-start=\"753\" data-end=\"833\">\n<p data-start=\"755\" data-end=\"833\"><strong data-start=\"755\" data-end=\"806\">Is\u0131tma\/so\u011futma h\u0131z\u0131n\u0131n saatte 200\u00b0C\u2019yi a\u015fmamas\u0131<\/strong> \u015fiddetle tavsiye edilir.<\/p>\n<\/li>\n<\/ul>\n<p data-start=\"835\" data-end=\"931\" data-is-last-node=\"\" data-is-only-node=\"\">Y\u00fcksek s\u0131cakl\u0131k gerektiren analiz, k\u00fcl tayini ve benzeri laboratuvar uygulamalar\u0131 i\u00e7in uygundur.<\/p>\n","protected":false},"featured_media":1657,"comment_status":"open","ping_status":"closed","template":"","meta":{"neve_meta_sidebar":"","neve_meta_container":"","neve_meta_enable_content_width":"off","neve_meta_content_width":100,"neve_meta_title_alignment":"","neve_meta_author_avatar":"","neve_post_elements_order":"","neve_meta_disable_header":"","neve_meta_disable_footer":"","neve_meta_disable_title":"","_themeisle_gutenberg_block_has_review":false},"product_brand":[],"product_cat":[38],"product_tag":[],"class_list":{"0":"post-1656","1":"product","2":"type-product","3":"status-publish","4":"has-post-thumbnail","6":"product_cat-sarf-plastik","8":"first","9":"instock","10":"taxable","11":"shipping-taxable","12":"purchasable","13":"product-type-simple"},"_links":{"self":[{"href":"https:\/\/hbbkimya.com\/index.php?rest_route=\/wp\/v2\/product\/1656","targetHints":{"allow":["GET"]}}],"collection":[{"href":"https:\/\/hbbkimya.com\/index.php?rest_route=\/wp\/v2\/product"}],"about":[{"href":"https:\/\/hbbkimya.com\/index.php?rest_route=\/wp\/v2\/types\/product"}],"replies":[{"embeddable":true,"href":"https:\/\/hbbkimya.com\/index.php?rest_route=%2Fwp%2Fv2%2Fcomments&post=1656"}],"wp:featuredmedia":[{"embeddable":true,"href":"https:\/\/hbbkimya.com\/index.php?rest_route=\/wp\/v2\/media\/1657"}],"wp:attachment":[{"href":"https:\/\/hbbkimya.com\/index.php?rest_route=%2Fwp%2Fv2%2Fmedia&parent=1656"}],"wp:term":[{"taxonomy":"product_brand","embeddable":true,"href":"https:\/\/hbbkimya.com\/index.php?rest_route=%2Fwp%2Fv2%2Fproduct_brand&post=1656"},{"taxonomy":"product_cat","embeddable":true,"href":"https:\/\/hbbkimya.com\/index.php?rest_route=%2Fwp%2Fv2%2Fproduct_cat&post=1656"},{"taxonomy":"product_tag","embeddable":true,"href":"https:\/\/hbbkimya.com\/index.php?rest_route=%2Fwp%2Fv2%2Fproduct_tag&post=1656"}],"curies":[{"name":"wp","href":"https:\/\/api.w.org\/{rel}","templated":true}]}}