{"id":1639,"date":"2025-06-28T22:41:06","date_gmt":"2025-06-28T19:41:06","guid":{"rendered":"https:\/\/hbbkimya.com\/?post_type=product&#038;p=1639"},"modified":"2026-04-12T19:18:38","modified_gmt":"2026-04-12T16:18:38","slug":"kafesli-termometre-sut-termometresi-10120c-35-cm","status":"publish","type":"product","link":"https:\/\/hbbkimya.com\/?product=kafesli-termometre-sut-termometresi-10120c-35-cm","title":{"rendered":"Kafesli Termometre ( S\u00fct Termometresi ) -10+120C"},"content":{"rendered":"<p><a href=\"https:\/\/hbbkimya.com\/wp-content\/uploads\/2025\/06\/kafesli-termometre-korumali-termometre-kazan-termometresi-.webp\"><img loading=\"lazy\" decoding=\"async\" class=\"alignnone size-medium wp-image-1640\" src=\"https:\/\/hbbkimya.com\/wp-content\/uploads\/2025\/06\/kafesli-termometre-korumali-termometre-kazan-termometresi--300x300.webp\" alt=\"\" width=\"300\" height=\"300\" srcset=\"https:\/\/hbbkimya.com\/wp-content\/uploads\/2025\/06\/kafesli-termometre-korumali-termometre-kazan-termometresi--300x300.webp 300w, https:\/\/hbbkimya.com\/wp-content\/uploads\/2025\/06\/kafesli-termometre-korumali-termometre-kazan-termometresi--100x100.webp 100w, https:\/\/hbbkimya.com\/wp-content\/uploads\/2025\/06\/kafesli-termometre-korumali-termometre-kazan-termometresi--600x600.webp 600w, https:\/\/hbbkimya.com\/wp-content\/uploads\/2025\/06\/kafesli-termometre-korumali-termometre-kazan-termometresi--1024x1024.webp 1024w, https:\/\/hbbkimya.com\/wp-content\/uploads\/2025\/06\/kafesli-termometre-korumali-termometre-kazan-termometresi--150x150.webp 150w, https:\/\/hbbkimya.com\/wp-content\/uploads\/2025\/06\/kafesli-termometre-korumali-termometre-kazan-termometresi--768x768.webp 768w, https:\/\/hbbkimya.com\/wp-content\/uploads\/2025\/06\/kafesli-termometre-korumali-termometre-kazan-termometresi-.webp 1280w\" sizes=\"auto, (max-width: 300px) 100vw, 300px\" \/><\/a><\/p>\n","protected":false},"excerpt":{"rendered":"<p>Paket i\u00e7eri\u011fi; 1 adet<\/p>\n<p>Plastik koruma kafesi sayesinde k\u0131r\u0131lmadan uzun s\u00fcre kullan\u0131m sa\u011flar.<\/p>\n<p>\u00d6l\u00e7\u00fcm aral\u0131\u011f\u0131 ; -10+120C<\/p>\n<p>\u00d6n y\u00fczeydeki iri dereceler \u00f6l\u00e7\u00fclen s\u0131cakl\u0131\u011f\u0131n kolay okunmas\u0131na olanak verir.<\/p>\n","protected":false},"featured_media":1640,"comment_status":"open","ping_status":"closed","template":"","meta":{"neve_meta_sidebar":"","neve_meta_container":"","neve_meta_enable_content_width":"off","neve_meta_content_width":100,"neve_meta_title_alignment":"","neve_meta_author_avatar":"","neve_post_elements_order":"","neve_meta_disable_header":"","neve_meta_disable_footer":"","neve_meta_disable_title":"","_themeisle_gutenberg_block_has_review":false},"product_brand":[],"product_cat":[52],"product_tag":[],"class_list":{"0":"post-1639","1":"product","2":"type-product","3":"status-publish","4":"has-post-thumbnail","6":"product_cat-termometre-termohigrometre","8":"first","9":"instock","10":"sale","11":"taxable","12":"shipping-taxable","13":"purchasable","14":"product-type-simple"},"_links":{"self":[{"href":"https:\/\/hbbkimya.com\/index.php?rest_route=\/wp\/v2\/product\/1639","targetHints":{"allow":["GET"]}}],"collection":[{"href":"https:\/\/hbbkimya.com\/index.php?rest_route=\/wp\/v2\/product"}],"about":[{"href":"https:\/\/hbbkimya.com\/index.php?rest_route=\/wp\/v2\/types\/product"}],"replies":[{"embeddable":true,"href":"https:\/\/hbbkimya.com\/index.php?rest_route=%2Fwp%2Fv2%2Fcomments&post=1639"}],"wp:featuredmedia":[{"embeddable":true,"href":"https:\/\/hbbkimya.com\/index.php?rest_route=\/wp\/v2\/media\/1640"}],"wp:attachment":[{"href":"https:\/\/hbbkimya.com\/index.php?rest_route=%2Fwp%2Fv2%2Fmedia&parent=1639"}],"wp:term":[{"taxonomy":"product_brand","embeddable":true,"href":"https:\/\/hbbkimya.com\/index.php?rest_route=%2Fwp%2Fv2%2Fproduct_brand&post=1639"},{"taxonomy":"product_cat","embeddable":true,"href":"https:\/\/hbbkimya.com\/index.php?rest_route=%2Fwp%2Fv2%2Fproduct_cat&post=1639"},{"taxonomy":"product_tag","embeddable":true,"href":"https:\/\/hbbkimya.com\/index.php?rest_route=%2Fwp%2Fv2%2Fproduct_tag&post=1639"}],"curies":[{"name":"wp","href":"https:\/\/api.w.org\/{rel}","templated":true}]}}