{"id":1637,"date":"2025-06-28T22:30:17","date_gmt":"2025-06-28T19:30:17","guid":{"rendered":"https:\/\/hbbkimya.com\/?post_type=product&#038;p=1637"},"modified":"2026-04-12T20:32:44","modified_gmt":"2026-04-12T17:32:44","slug":"otomatik-pipet-ucu-200-%c2%b5l-sari-1000-adet-paket","status":"publish","type":"product","link":"https:\/\/hbbkimya.com\/?product=otomatik-pipet-ucu-200-%c2%b5l-sari-1000-adet-paket","title":{"rendered":"Otomatik Pipet Ucu 200 \u00b5l Sar\u0131 &#8211; 1000 Adet &#8211; Paket"},"content":{"rendered":"<p><a href=\"https:\/\/hbbkimya.com\/wp-content\/uploads\/2025\/06\/200ul-pipet-ucu-sari-otomatik-pipet.png\"><img loading=\"lazy\" decoding=\"async\" class=\"alignnone size-medium wp-image-2063\" src=\"https:\/\/hbbkimya.com\/wp-content\/uploads\/2025\/06\/200ul-pipet-ucu-sari-otomatik-pipet-300x300.png\" alt=\"\" width=\"300\" height=\"300\" srcset=\"https:\/\/hbbkimya.com\/wp-content\/uploads\/2025\/06\/200ul-pipet-ucu-sari-otomatik-pipet-300x300.png 300w, https:\/\/hbbkimya.com\/wp-content\/uploads\/2025\/06\/200ul-pipet-ucu-sari-otomatik-pipet-150x150.png 150w, https:\/\/hbbkimya.com\/wp-content\/uploads\/2025\/06\/200ul-pipet-ucu-sari-otomatik-pipet-768x768.png 768w, https:\/\/hbbkimya.com\/wp-content\/uploads\/2025\/06\/200ul-pipet-ucu-sari-otomatik-pipet-600x600.png 600w, https:\/\/hbbkimya.com\/wp-content\/uploads\/2025\/06\/200ul-pipet-ucu-sari-otomatik-pipet-100x100.png 100w, https:\/\/hbbkimya.com\/wp-content\/uploads\/2025\/06\/200ul-pipet-ucu-sari-otomatik-pipet.png 1024w\" sizes=\"auto, (max-width: 300px) 100vw, 300px\" \/><\/a><\/p>\n","protected":false},"excerpt":{"rendered":"<p data-start=\"138\" data-end=\"326\">Laboratuvar uygulamalar\u0131nda hassas ve g\u00fcvenli s\u0131v\u0131 transferi i\u00e7in \u00fcretilmi\u015f 200 \u00b5l kapasiteli otomatik pipet u\u00e7lar\u0131d\u0131r. Y\u00fcksek kimyasal dayan\u0131ml\u0131 polipropilen (PP) malzemeden \u00fcretilmi\u015ftir.<\/p>\n<h3 data-start=\"328\" data-end=\"353\"><strong data-start=\"332\" data-end=\"353\">Teknik \u00d6zellikler<\/strong><\/h3>\n<ul data-start=\"355\" data-end=\"563\">\n<li data-start=\"355\" data-end=\"387\">\n<p data-start=\"357\" data-end=\"387\"><strong data-start=\"357\" data-end=\"378\">Hacim Kapasitesi:<\/strong> 200 \u00b5l<\/p>\n<\/li>\n<li data-start=\"388\" data-end=\"406\">\n<p data-start=\"390\" data-end=\"406\"><strong data-start=\"390\" data-end=\"399\">Renk:<\/strong> Sar\u0131<\/p>\n<\/li>\n<li data-start=\"407\" data-end=\"457\">\n<p data-start=\"409\" data-end=\"457\"><strong data-start=\"409\" data-end=\"421\">Malzeme:<\/strong> Y\u00fcksek kaliteli Polipropilen (PP)<\/p>\n<\/li>\n<li data-start=\"458\" data-end=\"490\">\n<p data-start=\"460\" data-end=\"490\"><strong data-start=\"460\" data-end=\"478\">Paket \u0130\u00e7eri\u011fi:<\/strong> 1000 adet<\/p>\n<\/li>\n<li data-start=\"491\" data-end=\"563\">\n<p data-start=\"493\" data-end=\"563\"><strong data-start=\"493\" data-end=\"514\">Kimyasal Dayan\u0131m:<\/strong> Yayg\u0131n asit, baz ve \u00e7\u00f6zeltilere kar\u015f\u0131 diren\u00e7li<\/p>\n<\/li>\n<\/ul>\n<h3 data-start=\"565\" data-end=\"582\"><strong data-start=\"569\" data-end=\"582\">Uyumluluk<\/strong><\/h3>\n<ul data-start=\"584\" data-end=\"696\">\n<li data-start=\"584\" data-end=\"597\">\n<p data-start=\"586\" data-end=\"597\">Eppendorf<\/p>\n<\/li>\n<li data-start=\"598\" data-end=\"609\">\n<p data-start=\"600\" data-end=\"609\">Socorex<\/p>\n<\/li>\n<li data-start=\"610\" data-end=\"620\">\n<p data-start=\"612\" data-end=\"620\">Gilson<\/p>\n<\/li>\n<li data-start=\"621\" data-end=\"630\">\n<p data-start=\"623\" data-end=\"630\">Brand<\/p>\n<\/li>\n<li data-start=\"631\" data-end=\"696\">\n<p data-start=\"633\" data-end=\"696\">Treff<br data-start=\"638\" data-end=\"641\" \/>ve benzeri standart mikropipet modelleri ile uyumludur.<\/p>\n<\/li>\n<\/ul>\n<h3 data-start=\"698\" data-end=\"717\"><strong data-start=\"702\" data-end=\"717\">Avantajlar\u0131<\/strong><\/h3>\n<ul data-start=\"719\" data-end=\"953\">\n<li data-start=\"719\" data-end=\"781\">\n<p data-start=\"721\" data-end=\"781\">Mikropipet \u015faft\u0131na s\u0131zma riski olu\u015fturmadan g\u00fcvenli oturma<\/p>\n<\/li>\n<li data-start=\"782\" data-end=\"843\">\n<p data-start=\"784\" data-end=\"843\">\u0130nce ve kaygan i\u00e7 y\u00fczey sayesinde minimum \u00f6rnek kal\u0131nt\u0131s\u0131<\/p>\n<\/li>\n<li data-start=\"844\" data-end=\"895\">\n<p data-start=\"846\" data-end=\"895\">Hassas ve tekrarlanabilir pipetleme performans\u0131<\/p>\n<\/li>\n<li data-start=\"896\" data-end=\"953\">\n<p data-start=\"898\" data-end=\"953\">Laboratuvar rutin kullan\u0131m\u0131 i\u00e7in uygun ekonomik paket<\/p>\n<\/li>\n<\/ul>\n<p data-start=\"955\" data-end=\"1059\">Molek\u00fcler biyoloji, mikrobiyoloji, klinik ve analitik laboratuvar \u00e7al\u0131\u015fmalar\u0131nda g\u00fcvenle kullan\u0131labilir.<\/p>\n","protected":false},"featured_media":2063,"comment_status":"open","ping_status":"closed","template":"","meta":{"neve_meta_sidebar":"","neve_meta_container":"","neve_meta_enable_content_width":"off","neve_meta_content_width":100,"neve_meta_title_alignment":"","neve_meta_author_avatar":"","neve_post_elements_order":"","neve_meta_disable_header":"","neve_meta_disable_footer":"","neve_meta_disable_title":"","_themeisle_gutenberg_block_has_review":false},"product_brand":[],"product_cat":[38],"product_tag":[],"class_list":{"0":"post-1637","1":"product","2":"type-product","3":"status-publish","4":"has-post-thumbnail","6":"product_cat-sarf-plastik","8":"first","9":"instock","10":"taxable","11":"shipping-taxable","12":"purchasable","13":"product-type-simple"},"_links":{"self":[{"href":"https:\/\/hbbkimya.com\/index.php?rest_route=\/wp\/v2\/product\/1637","targetHints":{"allow":["GET"]}}],"collection":[{"href":"https:\/\/hbbkimya.com\/index.php?rest_route=\/wp\/v2\/product"}],"about":[{"href":"https:\/\/hbbkimya.com\/index.php?rest_route=\/wp\/v2\/types\/product"}],"replies":[{"embeddable":true,"href":"https:\/\/hbbkimya.com\/index.php?rest_route=%2Fwp%2Fv2%2Fcomments&post=1637"}],"wp:featuredmedia":[{"embeddable":true,"href":"https:\/\/hbbkimya.com\/index.php?rest_route=\/wp\/v2\/media\/2063"}],"wp:attachment":[{"href":"https:\/\/hbbkimya.com\/index.php?rest_route=%2Fwp%2Fv2%2Fmedia&parent=1637"}],"wp:term":[{"taxonomy":"product_brand","embeddable":true,"href":"https:\/\/hbbkimya.com\/index.php?rest_route=%2Fwp%2Fv2%2Fproduct_brand&post=1637"},{"taxonomy":"product_cat","embeddable":true,"href":"https:\/\/hbbkimya.com\/index.php?rest_route=%2Fwp%2Fv2%2Fproduct_cat&post=1637"},{"taxonomy":"product_tag","embeddable":true,"href":"https:\/\/hbbkimya.com\/index.php?rest_route=%2Fwp%2Fv2%2Fproduct_tag&post=1637"}],"curies":[{"name":"wp","href":"https:\/\/api.w.org\/{rel}","templated":true}]}}