{"id":1625,"date":"2025-06-23T21:56:33","date_gmt":"2025-06-23T18:56:33","guid":{"rendered":"https:\/\/hbbkimya.com\/?post_type=product&#038;p=1625"},"modified":"2025-08-23T22:14:31","modified_gmt":"2025-08-23T19:14:31","slug":"benzalkonyum-klorur-bac-50-1-litre","status":"publish","type":"product","link":"https:\/\/hbbkimya.com\/?product=benzalkonyum-klorur-bac-50-1-litre","title":{"rendered":"Benzalkonyum Klor\u00fcr (BAC) %50 1 Litre"},"content":{"rendered":"<p><a href=\"https:\/\/hbbkimya.com\/wp-content\/uploads\/2025\/06\/benzalkonyum-klorur-bac-benzalkonium-chloride-scaled.jpg\"><img loading=\"lazy\" decoding=\"async\" class=\"alignnone size-medium wp-image-1626\" src=\"https:\/\/hbbkimya.com\/wp-content\/uploads\/2025\/06\/benzalkonyum-klorur-bac-benzalkonium-chloride-225x300.jpg\" alt=\"\" width=\"225\" height=\"300\" srcset=\"https:\/\/hbbkimya.com\/wp-content\/uploads\/2025\/06\/benzalkonyum-klorur-bac-benzalkonium-chloride-225x300.jpg 225w, https:\/\/hbbkimya.com\/wp-content\/uploads\/2025\/06\/benzalkonyum-klorur-bac-benzalkonium-chloride-scaled-600x800.jpg 600w, https:\/\/hbbkimya.com\/wp-content\/uploads\/2025\/06\/benzalkonyum-klorur-bac-benzalkonium-chloride-768x1024.jpg 768w, https:\/\/hbbkimya.com\/wp-content\/uploads\/2025\/06\/benzalkonyum-klorur-bac-benzalkonium-chloride-1152x1536.jpg 1152w, https:\/\/hbbkimya.com\/wp-content\/uploads\/2025\/06\/benzalkonyum-klorur-bac-benzalkonium-chloride-1536x2048.jpg 1536w, https:\/\/hbbkimya.com\/wp-content\/uploads\/2025\/06\/benzalkonyum-klorur-bac-benzalkonium-chloride-scaled.jpg 1920w\" sizes=\"auto, (max-width: 225px) 100vw, 225px\" \/><\/a><\/p>\n","protected":false},"excerpt":{"rendered":"<p>Safl\u0131k: \u2265 50.00 %\u00a0 Form\u00fcl\u00fc :<span lang=\"EN-US\">C21H38NCl\u00a0 Molar k\u00fctle: 311.93 g\/mol\u00a0\u00a0<\/span><\/p>\n<p>Benzalkonyum klor\u00fcr, \u00e7e\u015fitli t\u0131bbi ve hijyen \u00fcr\u00fcnlerinde bulunur, \u00f6zellikle dezenfekte edici mendiller, el temizleyiciler, g\u00f6z damlalar\u0131, burun spreyleri ve cilt antiseptikleri gibi \u00fcr\u00fcnlerde s\u0131k\u00e7a kullan\u0131l\u0131r.<\/p>\n<p>Ayr\u0131ca, \u00e7e\u015fitli end\u00fcstriyel ve ticari uygulamalarda koruyucu bir madde olarak kullan\u0131l\u0131r.<\/p>\n<p>Bununla birlikte, y\u00fcksek konsantrasyonlarda cilt tahri\u015fine neden olabilece\u011fi i\u00e7in dikkatli bir \u015fekilde kullan\u0131lmal\u0131d\u0131r.<\/p>\n<p>Laboratuvarda analiz maksatl\u0131 kullan\u0131lmaktd\u0131r.<\/p>\n","protected":false},"featured_media":1626,"comment_status":"open","ping_status":"closed","template":"","meta":{"neve_meta_sidebar":"","neve_meta_container":"","neve_meta_enable_content_width":"off","neve_meta_content_width":100,"neve_meta_title_alignment":"","neve_meta_author_avatar":"","neve_post_elements_order":"","neve_meta_disable_header":"","neve_meta_disable_footer":"","neve_meta_disable_title":"","_themeisle_gutenberg_block_has_review":false},"product_brand":[65],"product_cat":[45],"product_tag":[],"class_list":{"0":"post-1625","1":"product","2":"type-product","3":"status-publish","4":"has-post-thumbnail","6":"product_brand-hbbchem","7":"product_cat-sivi-kimyasallar","9":"first","10":"instock","11":"taxable","12":"shipping-taxable","13":"purchasable","14":"product-type-simple"},"_links":{"self":[{"href":"https:\/\/hbbkimya.com\/index.php?rest_route=\/wp\/v2\/product\/1625","targetHints":{"allow":["GET"]}}],"collection":[{"href":"https:\/\/hbbkimya.com\/index.php?rest_route=\/wp\/v2\/product"}],"about":[{"href":"https:\/\/hbbkimya.com\/index.php?rest_route=\/wp\/v2\/types\/product"}],"replies":[{"embeddable":true,"href":"https:\/\/hbbkimya.com\/index.php?rest_route=%2Fwp%2Fv2%2Fcomments&post=1625"}],"wp:featuredmedia":[{"embeddable":true,"href":"https:\/\/hbbkimya.com\/index.php?rest_route=\/wp\/v2\/media\/1626"}],"wp:attachment":[{"href":"https:\/\/hbbkimya.com\/index.php?rest_route=%2Fwp%2Fv2%2Fmedia&parent=1625"}],"wp:term":[{"taxonomy":"product_brand","embeddable":true,"href":"https:\/\/hbbkimya.com\/index.php?rest_route=%2Fwp%2Fv2%2Fproduct_brand&post=1625"},{"taxonomy":"product_cat","embeddable":true,"href":"https:\/\/hbbkimya.com\/index.php?rest_route=%2Fwp%2Fv2%2Fproduct_cat&post=1625"},{"taxonomy":"product_tag","embeddable":true,"href":"https:\/\/hbbkimya.com\/index.php?rest_route=%2Fwp%2Fv2%2Fproduct_tag&post=1625"}],"curies":[{"name":"wp","href":"https:\/\/api.w.org\/{rel}","templated":true}]}}