{"id":1621,"date":"2025-06-21T22:18:54","date_gmt":"2025-06-21T19:18:54","guid":{"rendered":"https:\/\/hbbkimya.com\/?post_type=product&#038;p=1621"},"modified":"2025-08-23T22:26:56","modified_gmt":"2025-08-23T19:26:56","slug":"demir-iii-klorur-anhidrat-susuz-500-gr","status":"publish","type":"product","link":"https:\/\/hbbkimya.com\/?product=demir-iii-klorur-anhidrat-susuz-500-gr","title":{"rendered":"Demir III Klor\u00fcr Anhidrat (Susuz) 500 gr"},"content":{"rendered":"<p><a href=\"https:\/\/hbbkimya.com\/wp-content\/uploads\/2025\/06\/demir-3-klorur-iron-iii-chloride-scaled.jpg\"><img loading=\"lazy\" decoding=\"async\" class=\"alignnone size-medium wp-image-1622\" src=\"https:\/\/hbbkimya.com\/wp-content\/uploads\/2025\/06\/demir-3-klorur-iron-iii-chloride-222x300.jpg\" alt=\"\" width=\"222\" height=\"300\" srcset=\"https:\/\/hbbkimya.com\/wp-content\/uploads\/2025\/06\/demir-3-klorur-iron-iii-chloride-222x300.jpg 222w, https:\/\/hbbkimya.com\/wp-content\/uploads\/2025\/06\/demir-3-klorur-iron-iii-chloride-scaled-600x812.jpg 600w, https:\/\/hbbkimya.com\/wp-content\/uploads\/2025\/06\/demir-3-klorur-iron-iii-chloride-757x1024.jpg 757w, https:\/\/hbbkimya.com\/wp-content\/uploads\/2025\/06\/demir-3-klorur-iron-iii-chloride-768x1039.jpg 768w, https:\/\/hbbkimya.com\/wp-content\/uploads\/2025\/06\/demir-3-klorur-iron-iii-chloride-1135x1536.jpg 1135w, https:\/\/hbbkimya.com\/wp-content\/uploads\/2025\/06\/demir-3-klorur-iron-iii-chloride-1514x2048.jpg 1514w, https:\/\/hbbkimya.com\/wp-content\/uploads\/2025\/06\/demir-3-klorur-iron-iii-chloride-scaled.jpg 1892w\" sizes=\"auto, (max-width: 222px) 100vw, 222px\" \/><\/a><\/p>\n","protected":false},"excerpt":{"rendered":"<p><strong>Form\u00fcl:<\/strong> FeCl3\u00a0 \u00a0 \u00a0<strong>Molek\u00fcl A\u011f\u0131rl\u0131\u011f\u0131:<\/strong>162.20 g\/mol<\/p>\n<p>Demir\u00a0\u00fc\u00e7\u00a0klor\u00fcr, evsel ve end\u00fcstriyel temiz su ve at\u0131ksu ar\u0131tma i\u015flemlerinde, bak\u0131r a\u015f\u0131nd\u0131rma, elektronikte bask\u0131 devrelerin yap\u0131lmas\u0131nda,\u00a0demir\u00a0oksit pigmentlerinin \u00fcretiminde, \u00e7amur \u015fartland\u0131rma i\u015flemlerinde\u00a0kullan\u0131lmaktad\u0131r. En yo\u011fun kullan\u0131ld\u0131\u011f\u0131 alan ar\u0131tma sistemleridir.<\/p>\n<p><span class=\"selectable-text copyable-text\"> Organik ve inorganik sentezlerde reaktif olarak, \u00f6zellikle reaksiyonlar\u0131 katalize etmek i\u00e7in Lewis asidi olarak s\u0131kl\u0131kla kullan\u0131l\u0131r. T\u0131pta ve histolojide s\u0131kl\u0131kla fenolleri tespit etmek i\u00e7in kullan\u0131l\u0131r.<\/span><\/p>\n","protected":false},"featured_media":1622,"comment_status":"open","ping_status":"closed","template":"","meta":{"neve_meta_sidebar":"","neve_meta_container":"","neve_meta_enable_content_width":"off","neve_meta_content_width":100,"neve_meta_title_alignment":"","neve_meta_author_avatar":"","neve_post_elements_order":"","neve_meta_disable_header":"","neve_meta_disable_footer":"","neve_meta_disable_title":"","_themeisle_gutenberg_block_has_review":false},"product_brand":[65],"product_cat":[44],"product_tag":[],"class_list":{"0":"post-1621","1":"product","2":"type-product","3":"status-publish","4":"has-post-thumbnail","6":"product_brand-hbbchem","7":"product_cat-toz-kati","9":"first","10":"instock","11":"taxable","12":"shipping-taxable","13":"purchasable","14":"product-type-simple"},"_links":{"self":[{"href":"https:\/\/hbbkimya.com\/index.php?rest_route=\/wp\/v2\/product\/1621","targetHints":{"allow":["GET"]}}],"collection":[{"href":"https:\/\/hbbkimya.com\/index.php?rest_route=\/wp\/v2\/product"}],"about":[{"href":"https:\/\/hbbkimya.com\/index.php?rest_route=\/wp\/v2\/types\/product"}],"replies":[{"embeddable":true,"href":"https:\/\/hbbkimya.com\/index.php?rest_route=%2Fwp%2Fv2%2Fcomments&post=1621"}],"wp:featuredmedia":[{"embeddable":true,"href":"https:\/\/hbbkimya.com\/index.php?rest_route=\/wp\/v2\/media\/1622"}],"wp:attachment":[{"href":"https:\/\/hbbkimya.com\/index.php?rest_route=%2Fwp%2Fv2%2Fmedia&parent=1621"}],"wp:term":[{"taxonomy":"product_brand","embeddable":true,"href":"https:\/\/hbbkimya.com\/index.php?rest_route=%2Fwp%2Fv2%2Fproduct_brand&post=1621"},{"taxonomy":"product_cat","embeddable":true,"href":"https:\/\/hbbkimya.com\/index.php?rest_route=%2Fwp%2Fv2%2Fproduct_cat&post=1621"},{"taxonomy":"product_tag","embeddable":true,"href":"https:\/\/hbbkimya.com\/index.php?rest_route=%2Fwp%2Fv2%2Fproduct_tag&post=1621"}],"curies":[{"name":"wp","href":"https:\/\/api.w.org\/{rel}","templated":true}]}}