{"id":1613,"date":"2025-06-18T23:06:37","date_gmt":"2025-06-18T20:06:37","guid":{"rendered":"https:\/\/hbbkimya.com\/?post_type=product&#038;p=1613"},"modified":"2025-08-23T22:16:16","modified_gmt":"2025-08-23T19:16:16","slug":"mono-etilen-glikol-meg-999-1-litre","status":"publish","type":"product","link":"https:\/\/hbbkimya.com\/?product=mono-etilen-glikol-meg-999-1-litre","title":{"rendered":"Mono Etilen Glikol (MEG) %99,9 1 Litre"},"content":{"rendered":"<p><a href=\"https:\/\/hbbkimya.com\/wp-content\/uploads\/2025\/06\/mono-etilen-glikol-monoetilen-glikol-scaled.jpg\"><img loading=\"lazy\" decoding=\"async\" class=\"alignnone size-medium wp-image-1614\" src=\"https:\/\/hbbkimya.com\/wp-content\/uploads\/2025\/06\/mono-etilen-glikol-monoetilen-glikol-225x300.jpg\" alt=\"\" width=\"225\" height=\"300\" srcset=\"https:\/\/hbbkimya.com\/wp-content\/uploads\/2025\/06\/mono-etilen-glikol-monoetilen-glikol-225x300.jpg 225w, https:\/\/hbbkimya.com\/wp-content\/uploads\/2025\/06\/mono-etilen-glikol-monoetilen-glikol-scaled-600x800.jpg 600w, https:\/\/hbbkimya.com\/wp-content\/uploads\/2025\/06\/mono-etilen-glikol-monoetilen-glikol-768x1024.jpg 768w, https:\/\/hbbkimya.com\/wp-content\/uploads\/2025\/06\/mono-etilen-glikol-monoetilen-glikol-1152x1536.jpg 1152w, https:\/\/hbbkimya.com\/wp-content\/uploads\/2025\/06\/mono-etilen-glikol-monoetilen-glikol-1536x2048.jpg 1536w, https:\/\/hbbkimya.com\/wp-content\/uploads\/2025\/06\/mono-etilen-glikol-monoetilen-glikol-scaled.jpg 1920w\" sizes=\"auto, (max-width: 225px) 100vw, 225px\" \/><\/a><\/p>\n","protected":false},"excerpt":{"rendered":"<p>Safl\u0131k:Min 99.9 %\u00a0 \u00a0Form\u00fcl\u00fc :<span lang=\"EN-US\">C2H6O2\u00a0 \u00a0 <\/span>Molar k\u00fctle: 62.07<span lang=\"EN-US\">g\/mol<\/span><\/p>\n<p>Polyester elyaf \u00fcretimi ve antifriz form\u00fclasyonlar\u0131 i\u00e7in hammadde olarak kullan\u0131lmaktad\u0131r. Kokusuz, renksiz, tatl\u0131 tad\u0131 olan, viskoz bir s\u0131v\u0131d\u0131r.<\/p>\n<p>Laboratuvarda analiz maksatl\u0131 kullan\u0131lmaktad\u0131r.<\/p>\n","protected":false},"featured_media":1614,"comment_status":"open","ping_status":"closed","template":"","meta":{"neve_meta_sidebar":"","neve_meta_container":"","neve_meta_enable_content_width":"off","neve_meta_content_width":100,"neve_meta_title_alignment":"","neve_meta_author_avatar":"","neve_post_elements_order":"","neve_meta_disable_header":"","neve_meta_disable_footer":"","neve_meta_disable_title":"","_themeisle_gutenberg_block_has_review":false},"product_brand":[65],"product_cat":[45],"product_tag":[],"class_list":{"0":"post-1613","1":"product","2":"type-product","3":"status-publish","4":"has-post-thumbnail","6":"product_brand-hbbchem","7":"product_cat-sivi-kimyasallar","9":"first","10":"instock","11":"taxable","12":"shipping-taxable","13":"purchasable","14":"product-type-simple"},"_links":{"self":[{"href":"https:\/\/hbbkimya.com\/index.php?rest_route=\/wp\/v2\/product\/1613","targetHints":{"allow":["GET"]}}],"collection":[{"href":"https:\/\/hbbkimya.com\/index.php?rest_route=\/wp\/v2\/product"}],"about":[{"href":"https:\/\/hbbkimya.com\/index.php?rest_route=\/wp\/v2\/types\/product"}],"replies":[{"embeddable":true,"href":"https:\/\/hbbkimya.com\/index.php?rest_route=%2Fwp%2Fv2%2Fcomments&post=1613"}],"wp:featuredmedia":[{"embeddable":true,"href":"https:\/\/hbbkimya.com\/index.php?rest_route=\/wp\/v2\/media\/1614"}],"wp:attachment":[{"href":"https:\/\/hbbkimya.com\/index.php?rest_route=%2Fwp%2Fv2%2Fmedia&parent=1613"}],"wp:term":[{"taxonomy":"product_brand","embeddable":true,"href":"https:\/\/hbbkimya.com\/index.php?rest_route=%2Fwp%2Fv2%2Fproduct_brand&post=1613"},{"taxonomy":"product_cat","embeddable":true,"href":"https:\/\/hbbkimya.com\/index.php?rest_route=%2Fwp%2Fv2%2Fproduct_cat&post=1613"},{"taxonomy":"product_tag","embeddable":true,"href":"https:\/\/hbbkimya.com\/index.php?rest_route=%2Fwp%2Fv2%2Fproduct_tag&post=1613"}],"curies":[{"name":"wp","href":"https:\/\/api.w.org\/{rel}","templated":true}]}}