{"id":1609,"date":"2025-06-18T22:56:57","date_gmt":"2025-06-18T19:56:57","guid":{"rendered":"https:\/\/hbbkimya.com\/?post_type=product&#038;p=1609"},"modified":"2025-08-23T22:15:03","modified_gmt":"2025-08-23T19:15:03","slug":"formaldehit-chem-pure-37-1-litre","status":"publish","type":"product","link":"https:\/\/hbbkimya.com\/?product=formaldehit-chem-pure-37-1-litre","title":{"rendered":"Formaldehit %37 Chem Pure 1 litre"},"content":{"rendered":"<p><a href=\"https:\/\/hbbkimya.com\/wp-content\/uploads\/2025\/06\/formaldehit-formalin-lab-scaled.jpg\"><img loading=\"lazy\" decoding=\"async\" class=\"alignnone size-medium wp-image-1610\" src=\"https:\/\/hbbkimya.com\/wp-content\/uploads\/2025\/06\/formaldehit-formalin-lab-225x300.jpg\" alt=\"\" width=\"225\" height=\"300\" srcset=\"https:\/\/hbbkimya.com\/wp-content\/uploads\/2025\/06\/formaldehit-formalin-lab-225x300.jpg 225w, https:\/\/hbbkimya.com\/wp-content\/uploads\/2025\/06\/formaldehit-formalin-lab-scaled-600x800.jpg 600w, https:\/\/hbbkimya.com\/wp-content\/uploads\/2025\/06\/formaldehit-formalin-lab-768x1024.jpg 768w, https:\/\/hbbkimya.com\/wp-content\/uploads\/2025\/06\/formaldehit-formalin-lab-1152x1536.jpg 1152w, https:\/\/hbbkimya.com\/wp-content\/uploads\/2025\/06\/formaldehit-formalin-lab-1536x2048.jpg 1536w, https:\/\/hbbkimya.com\/wp-content\/uploads\/2025\/06\/formaldehit-formalin-lab-scaled.jpg 1920w\" sizes=\"auto, (max-width: 225px) 100vw, 225px\" \/><\/a><\/p>\n","protected":false},"excerpt":{"rendered":"<p><strong>Safl\u0131k:37%\u00a0 \u00a0 Form\u00fcl\u00fc :<span lang=\"EN-US\">CH2O\u00a0 \u00a0 <\/span>Molar k\u00fctle: 30.031<span lang=\"EN-US\">g\/mol<\/span><\/strong><\/p>\n<p>T\u0131p laboratuvarlarda koruyucu s\u0131v\u0131 ve sterilize edici madde olarak kullan\u0131lmaktad\u0131r.<\/p>\n<p>Ba\u015fl\u0131ca re\u00e7ine imalat\u0131nda ve kimyasal \u00fcretim ara maddesi olarak kullan\u0131lmaktad\u0131r.<\/p>\n<p>Ki\u015fisel bak\u0131m \u00fcr\u00fcnlerinde mikroplar\u0131n \u00fcremesini \u00f6nlemek i\u00e7in koruyucu olarak kullan\u0131l\u0131r.<\/p>\n<p>Ayr\u0131ca baz\u0131 a\u015f\u0131larda da \u00f6l\u00fc h\u00fccreleri korumak i\u00e7in kullan\u0131l\u0131r.<\/p>\n<p>Laboratuvarda analiz maksatl\u0131 kullan\u0131lmaktad\u0131r.<\/p>\n","protected":false},"featured_media":1610,"comment_status":"open","ping_status":"closed","template":"","meta":{"neve_meta_sidebar":"","neve_meta_container":"","neve_meta_enable_content_width":"off","neve_meta_content_width":100,"neve_meta_title_alignment":"","neve_meta_author_avatar":"","neve_post_elements_order":"","neve_meta_disable_header":"","neve_meta_disable_footer":"","neve_meta_disable_title":"","_themeisle_gutenberg_block_has_review":false},"product_brand":[65],"product_cat":[45],"product_tag":[],"class_list":{"0":"post-1609","1":"product","2":"type-product","3":"status-publish","4":"has-post-thumbnail","6":"product_brand-hbbchem","7":"product_cat-sivi-kimyasallar","9":"first","10":"instock","11":"taxable","12":"shipping-taxable","13":"purchasable","14":"product-type-simple"},"_links":{"self":[{"href":"https:\/\/hbbkimya.com\/index.php?rest_route=\/wp\/v2\/product\/1609","targetHints":{"allow":["GET"]}}],"collection":[{"href":"https:\/\/hbbkimya.com\/index.php?rest_route=\/wp\/v2\/product"}],"about":[{"href":"https:\/\/hbbkimya.com\/index.php?rest_route=\/wp\/v2\/types\/product"}],"replies":[{"embeddable":true,"href":"https:\/\/hbbkimya.com\/index.php?rest_route=%2Fwp%2Fv2%2Fcomments&post=1609"}],"wp:featuredmedia":[{"embeddable":true,"href":"https:\/\/hbbkimya.com\/index.php?rest_route=\/wp\/v2\/media\/1610"}],"wp:attachment":[{"href":"https:\/\/hbbkimya.com\/index.php?rest_route=%2Fwp%2Fv2%2Fmedia&parent=1609"}],"wp:term":[{"taxonomy":"product_brand","embeddable":true,"href":"https:\/\/hbbkimya.com\/index.php?rest_route=%2Fwp%2Fv2%2Fproduct_brand&post=1609"},{"taxonomy":"product_cat","embeddable":true,"href":"https:\/\/hbbkimya.com\/index.php?rest_route=%2Fwp%2Fv2%2Fproduct_cat&post=1609"},{"taxonomy":"product_tag","embeddable":true,"href":"https:\/\/hbbkimya.com\/index.php?rest_route=%2Fwp%2Fv2%2Fproduct_tag&post=1609"}],"curies":[{"name":"wp","href":"https:\/\/api.w.org\/{rel}","templated":true}]}}