{"id":1595,"date":"2025-06-16T23:10:29","date_gmt":"2025-06-16T20:10:29","guid":{"rendered":"https:\/\/hbbkimya.com\/?post_type=product&#038;p=1595"},"modified":"2025-08-23T22:15:04","modified_gmt":"2025-08-23T19:15:04","slug":"formik-asit-1-litre","status":"publish","type":"product","link":"https:\/\/hbbkimya.com\/?product=formik-asit-1-litre","title":{"rendered":"Formik Asit (Kar\u0131nca Asidi) %85 1 Litre"},"content":{"rendered":"<p><a href=\"https:\/\/hbbkimya.com\/wp-content\/uploads\/2025\/06\/formik-asit-formic-acid-karinca-asiti-scaled.jpg\"><img loading=\"lazy\" decoding=\"async\" class=\"alignnone size-medium wp-image-1596\" src=\"https:\/\/hbbkimya.com\/wp-content\/uploads\/2025\/06\/formik-asit-formic-acid-karinca-asiti-225x300.jpg\" alt=\"\" width=\"225\" height=\"300\" srcset=\"https:\/\/hbbkimya.com\/wp-content\/uploads\/2025\/06\/formik-asit-formic-acid-karinca-asiti-225x300.jpg 225w, https:\/\/hbbkimya.com\/wp-content\/uploads\/2025\/06\/formik-asit-formic-acid-karinca-asiti-scaled-600x800.jpg 600w, https:\/\/hbbkimya.com\/wp-content\/uploads\/2025\/06\/formik-asit-formic-acid-karinca-asiti-768x1024.jpg 768w, https:\/\/hbbkimya.com\/wp-content\/uploads\/2025\/06\/formik-asit-formic-acid-karinca-asiti-1152x1536.jpg 1152w, https:\/\/hbbkimya.com\/wp-content\/uploads\/2025\/06\/formik-asit-formic-acid-karinca-asiti-1536x2048.jpg 1536w, https:\/\/hbbkimya.com\/wp-content\/uploads\/2025\/06\/formik-asit-formic-acid-karinca-asiti-scaled.jpg 1920w\" sizes=\"auto, (max-width: 225px) 100vw, 225px\" \/><\/a><\/p>\n","protected":false},"excerpt":{"rendered":"<ul>\n<li>\u00b7<strong>Safl\u0131k:<\/strong> 85%\u00a0 \u00a0\u00b7<strong>Form\u00fcl\u00fc :<\/strong> HCOOH\u00a0 \u00a0\u00b7<strong>Molar k\u00fctle:<\/strong> 46,03 g\/mol\u00a0 \u00a0\u00b7<strong>Yo\u011funluk:\u00a0<\/strong>1,22 gr\/ml<\/li>\n<li>Formik asit (metanoik asit) veya halk aras\u0131nda bilinen ismiyle kar\u0131nca asidi tek karbonlu en basit karboksilik asittir.<\/li>\n<li>Formik asit end\u00fcstride temel olarak \u00e7iftlik hayvanlar\u0131n\u0131n yemlerinde koruyucu ve antibakteriel olarak kullan\u0131l\u0131r.<\/li>\n<li>Baz\u0131 g\u0131da maddelerinde raf \u00f6mr\u00fcn\u00fc uzatmak i\u00e7in formik asit tercih edilir.<\/li>\n<li>Deri \u00fcretiminde tabaklamada, tekstilde son i\u015flemlerde ve kau\u00e7uk \u00fcretiminde p\u0131ht\u0131la\u015ft\u0131r\u0131c\u0131 olarak da kullan\u0131m alan\u0131 vard\u0131r.<\/li>\n<li>Bunlar\u0131n yan\u0131nda formik asit; ar\u0131c\u0131l\u0131kta <span class=\"ILfuVd\" lang=\"tr\"><span class=\"hgKElc\"><strong>ar\u0131larda olu\u015fan Varroa paraziti ile m\u00fccadele i\u00e7in kullan\u0131lan bir \u00fcr\u00fcnd\u00fcr,<\/strong>\u00a0<\/span><\/span>baz\u0131 temizlik malzemelerinde kire\u00e7 \u00e7\u00f6z\u00fcc\u00fc olarak ve si\u011filler i\u00e7in olan ila\u00e7lar\u0131n i\u00e7erisinde kullan\u0131l\u0131r. Yak\u0131t h\u00fccrelerinde hidrojen kayna\u011f\u0131 olarak da kullan\u0131m\u0131 vard\u0131r.<\/li>\n<li>Laboratuvarda analiz maksatl\u0131 kullan\u0131lmaktad\u0131r.<\/li>\n<\/ul>\n","protected":false},"featured_media":1596,"comment_status":"open","ping_status":"closed","template":"","meta":{"neve_meta_sidebar":"","neve_meta_container":"","neve_meta_enable_content_width":"off","neve_meta_content_width":100,"neve_meta_title_alignment":"","neve_meta_author_avatar":"","neve_post_elements_order":"","neve_meta_disable_header":"","neve_meta_disable_footer":"","neve_meta_disable_title":"","_themeisle_gutenberg_block_has_review":false},"product_brand":[65],"product_cat":[45],"product_tag":[],"class_list":{"0":"post-1595","1":"product","2":"type-product","3":"status-publish","4":"has-post-thumbnail","6":"product_brand-hbbchem","7":"product_cat-sivi-kimyasallar","9":"first","10":"instock","11":"taxable","12":"shipping-taxable","13":"purchasable","14":"product-type-simple"},"_links":{"self":[{"href":"https:\/\/hbbkimya.com\/index.php?rest_route=\/wp\/v2\/product\/1595","targetHints":{"allow":["GET"]}}],"collection":[{"href":"https:\/\/hbbkimya.com\/index.php?rest_route=\/wp\/v2\/product"}],"about":[{"href":"https:\/\/hbbkimya.com\/index.php?rest_route=\/wp\/v2\/types\/product"}],"replies":[{"embeddable":true,"href":"https:\/\/hbbkimya.com\/index.php?rest_route=%2Fwp%2Fv2%2Fcomments&post=1595"}],"wp:featuredmedia":[{"embeddable":true,"href":"https:\/\/hbbkimya.com\/index.php?rest_route=\/wp\/v2\/media\/1596"}],"wp:attachment":[{"href":"https:\/\/hbbkimya.com\/index.php?rest_route=%2Fwp%2Fv2%2Fmedia&parent=1595"}],"wp:term":[{"taxonomy":"product_brand","embeddable":true,"href":"https:\/\/hbbkimya.com\/index.php?rest_route=%2Fwp%2Fv2%2Fproduct_brand&post=1595"},{"taxonomy":"product_cat","embeddable":true,"href":"https:\/\/hbbkimya.com\/index.php?rest_route=%2Fwp%2Fv2%2Fproduct_cat&post=1595"},{"taxonomy":"product_tag","embeddable":true,"href":"https:\/\/hbbkimya.com\/index.php?rest_route=%2Fwp%2Fv2%2Fproduct_tag&post=1595"}],"curies":[{"name":"wp","href":"https:\/\/api.w.org\/{rel}","templated":true}]}}