{"id":1589,"date":"2025-06-16T22:02:37","date_gmt":"2025-06-16T19:02:37","guid":{"rendered":"https:\/\/hbbkimya.com\/?post_type=product&#038;p=1589"},"modified":"2025-11-17T10:06:41","modified_gmt":"2025-11-17T07:06:41","slug":"monsel-solusyonu-100-ml","status":"publish","type":"product","link":"https:\/\/hbbkimya.com\/?product=monsel-solusyonu-100-ml","title":{"rendered":"Monsel (Monsel&#8217;s) Sol\u00fcsyonu %20 100 ml"},"content":{"rendered":"<p><a href=\"https:\/\/hbbkimya.com\/wp-content\/uploads\/2025\/06\/monsel-solusyonu-monsels-solution-scaled.jpg\"><img loading=\"lazy\" decoding=\"async\" class=\"alignnone size-medium wp-image-1590\" src=\"https:\/\/hbbkimya.com\/wp-content\/uploads\/2025\/06\/monsel-solusyonu-monsels-solution-225x300.jpg\" alt=\"\" width=\"225\" height=\"300\" srcset=\"https:\/\/hbbkimya.com\/wp-content\/uploads\/2025\/06\/monsel-solusyonu-monsels-solution-225x300.jpg 225w, https:\/\/hbbkimya.com\/wp-content\/uploads\/2025\/06\/monsel-solusyonu-monsels-solution-scaled-600x800.jpg 600w, https:\/\/hbbkimya.com\/wp-content\/uploads\/2025\/06\/monsel-solusyonu-monsels-solution-768x1024.jpg 768w, https:\/\/hbbkimya.com\/wp-content\/uploads\/2025\/06\/monsel-solusyonu-monsels-solution-1152x1536.jpg 1152w, https:\/\/hbbkimya.com\/wp-content\/uploads\/2025\/06\/monsel-solusyonu-monsels-solution-1536x2048.jpg 1536w, https:\/\/hbbkimya.com\/wp-content\/uploads\/2025\/06\/monsel-solusyonu-monsels-solution-scaled.jpg 1920w\" sizes=\"auto, (max-width: 225px) 100vw, 225px\" \/><\/a><\/p>\n","protected":false},"excerpt":{"rendered":"<ul>\n<li>100 ml lik ambalajdad\u0131r.<\/li>\n<li>Monsel sol\u00fcsyonu, t\u0131bbi uygulamalarda kullan\u0131lan bir kan durdurucu (hemastatik) sol\u00fcsyondur.<\/li>\n<li>Oda s\u0131cakl\u0131\u011f\u0131nda (15\u201325\u00b0C), \u0131\u015f\u0131k almayan bir yerde saklanmal\u0131d\u0131r.<\/li>\n<li>Asidik yap\u0131s\u0131 nedeniyle metal kaplarda de\u011fil, cam veya uygun \u0131\u015f\u0131k ge\u00e7irmeyen plastik kaplarda saklanmal\u0131d\u0131r.<\/li>\n<li>Laboratuvarda analiz maksatl\u0131 kullan\u0131lmaktad\u0131r.<\/li>\n<\/ul>\n","protected":false},"featured_media":1590,"comment_status":"open","ping_status":"closed","template":"","meta":{"neve_meta_sidebar":"","neve_meta_container":"","neve_meta_enable_content_width":"off","neve_meta_content_width":100,"neve_meta_title_alignment":"","neve_meta_author_avatar":"","neve_post_elements_order":"","neve_meta_disable_header":"","neve_meta_disable_footer":"","neve_meta_disable_title":"","_themeisle_gutenberg_block_has_review":false},"product_brand":[65],"product_cat":[46],"product_tag":[],"class_list":{"0":"post-1589","1":"product","2":"type-product","3":"status-publish","4":"has-post-thumbnail","6":"product_brand-hbbchem","7":"product_cat-cozeltiler-solusyonlar","9":"first","10":"instock","11":"sale","12":"taxable","13":"shipping-taxable","14":"purchasable","15":"product-type-simple"},"_links":{"self":[{"href":"https:\/\/hbbkimya.com\/index.php?rest_route=\/wp\/v2\/product\/1589","targetHints":{"allow":["GET"]}}],"collection":[{"href":"https:\/\/hbbkimya.com\/index.php?rest_route=\/wp\/v2\/product"}],"about":[{"href":"https:\/\/hbbkimya.com\/index.php?rest_route=\/wp\/v2\/types\/product"}],"replies":[{"embeddable":true,"href":"https:\/\/hbbkimya.com\/index.php?rest_route=%2Fwp%2Fv2%2Fcomments&post=1589"}],"wp:featuredmedia":[{"embeddable":true,"href":"https:\/\/hbbkimya.com\/index.php?rest_route=\/wp\/v2\/media\/1590"}],"wp:attachment":[{"href":"https:\/\/hbbkimya.com\/index.php?rest_route=%2Fwp%2Fv2%2Fmedia&parent=1589"}],"wp:term":[{"taxonomy":"product_brand","embeddable":true,"href":"https:\/\/hbbkimya.com\/index.php?rest_route=%2Fwp%2Fv2%2Fproduct_brand&post=1589"},{"taxonomy":"product_cat","embeddable":true,"href":"https:\/\/hbbkimya.com\/index.php?rest_route=%2Fwp%2Fv2%2Fproduct_cat&post=1589"},{"taxonomy":"product_tag","embeddable":true,"href":"https:\/\/hbbkimya.com\/index.php?rest_route=%2Fwp%2Fv2%2Fproduct_tag&post=1589"}],"curies":[{"name":"wp","href":"https:\/\/api.w.org\/{rel}","templated":true}]}}