{"id":1568,"date":"2025-05-18T18:04:23","date_gmt":"2025-05-18T15:04:23","guid":{"rendered":"https:\/\/hbbkimya.com\/?post_type=product&#038;p=1568"},"modified":"2025-08-23T22:17:54","modified_gmt":"2025-08-23T19:17:54","slug":"fenol-kirmizisi-fenol-red-indikatoru-50-ml","status":"publish","type":"product","link":"https:\/\/hbbkimya.com\/?product=fenol-kirmizisi-fenol-red-indikatoru-50-ml","title":{"rendered":"Fenol K\u0131rm\u0131z\u0131s\u0131 (Fenol Red) \u0130ndikat\u00f6r\u00fc 50 ml"},"content":{"rendered":"<p><a href=\"https:\/\/hbbkimya.com\/wp-content\/uploads\/2025\/05\/fenol-red-kirmizisi-scaled.jpeg\"><img loading=\"lazy\" decoding=\"async\" class=\"alignnone size-medium wp-image-1569\" src=\"https:\/\/hbbkimya.com\/wp-content\/uploads\/2025\/05\/fenol-red-kirmizisi-223x300.jpeg\" alt=\"\" width=\"223\" height=\"300\" srcset=\"https:\/\/hbbkimya.com\/wp-content\/uploads\/2025\/05\/fenol-red-kirmizisi-223x300.jpeg 223w, https:\/\/hbbkimya.com\/wp-content\/uploads\/2025\/05\/fenol-red-kirmizisi-scaled-600x808.jpeg 600w, https:\/\/hbbkimya.com\/wp-content\/uploads\/2025\/05\/fenol-red-kirmizisi-761x1024.jpeg 761w, https:\/\/hbbkimya.com\/wp-content\/uploads\/2025\/05\/fenol-red-kirmizisi-768x1034.jpeg 768w, https:\/\/hbbkimya.com\/wp-content\/uploads\/2025\/05\/fenol-red-kirmizisi-1141x1536.jpeg 1141w, https:\/\/hbbkimya.com\/wp-content\/uploads\/2025\/05\/fenol-red-kirmizisi-1522x2048.jpeg 1522w, https:\/\/hbbkimya.com\/wp-content\/uploads\/2025\/05\/fenol-red-kirmizisi-scaled.jpeg 1902w\" sizes=\"auto, (max-width: 223px) 100vw, 223px\" \/><\/a><\/p>\n","protected":false},"excerpt":{"rendered":"<ul>\n<li>Bir fenol k\u0131rm\u0131z\u0131s\u0131 \u00e7\u00f6zeltisi 6,6 ve 8,0 pH de\u011ferleri aras\u0131nda sar\u0131dan k\u0131rm\u0131z\u0131ya bir renk ge\u00e7i\u015fi yapar.<\/li>\n<li>8,0\u2019\u0131n alt\u0131nda a\u00e7\u0131k pembe rengine, 6,6\u2019ya do\u011fru sar\u0131 renge b\u00fcr\u00fcn\u00fcr. 8,0\u2019\u0131n \u00fcst\u00fcnde k\u0131rm\u0131z\u0131 renk al\u0131r.<\/li>\n<li>Laboratuvarda analiz ve tahlil maksatl\u0131 kullan\u0131lmaktad\u0131r.<\/li>\n<\/ul>\n","protected":false},"featured_media":1569,"comment_status":"open","ping_status":"closed","template":"","meta":{"neve_meta_sidebar":"","neve_meta_container":"","neve_meta_enable_content_width":"off","neve_meta_content_width":100,"neve_meta_title_alignment":"","neve_meta_author_avatar":"","neve_post_elements_order":"","neve_meta_disable_header":"","neve_meta_disable_footer":"","neve_meta_disable_title":"","_themeisle_gutenberg_block_has_review":false},"product_brand":[65],"product_cat":[47],"product_tag":[],"class_list":{"0":"post-1568","1":"product","2":"type-product","3":"status-publish","4":"has-post-thumbnail","6":"product_brand-hbbchem","7":"product_cat-indikatorler","9":"first","10":"instock","11":"taxable","12":"shipping-taxable","13":"purchasable","14":"product-type-simple"},"_links":{"self":[{"href":"https:\/\/hbbkimya.com\/index.php?rest_route=\/wp\/v2\/product\/1568","targetHints":{"allow":["GET"]}}],"collection":[{"href":"https:\/\/hbbkimya.com\/index.php?rest_route=\/wp\/v2\/product"}],"about":[{"href":"https:\/\/hbbkimya.com\/index.php?rest_route=\/wp\/v2\/types\/product"}],"replies":[{"embeddable":true,"href":"https:\/\/hbbkimya.com\/index.php?rest_route=%2Fwp%2Fv2%2Fcomments&post=1568"}],"wp:featuredmedia":[{"embeddable":true,"href":"https:\/\/hbbkimya.com\/index.php?rest_route=\/wp\/v2\/media\/1569"}],"wp:attachment":[{"href":"https:\/\/hbbkimya.com\/index.php?rest_route=%2Fwp%2Fv2%2Fmedia&parent=1568"}],"wp:term":[{"taxonomy":"product_brand","embeddable":true,"href":"https:\/\/hbbkimya.com\/index.php?rest_route=%2Fwp%2Fv2%2Fproduct_brand&post=1568"},{"taxonomy":"product_cat","embeddable":true,"href":"https:\/\/hbbkimya.com\/index.php?rest_route=%2Fwp%2Fv2%2Fproduct_cat&post=1568"},{"taxonomy":"product_tag","embeddable":true,"href":"https:\/\/hbbkimya.com\/index.php?rest_route=%2Fwp%2Fv2%2Fproduct_tag&post=1568"}],"curies":[{"name":"wp","href":"https:\/\/api.w.org\/{rel}","templated":true}]}}