{"id":1559,"date":"2025-05-11T21:38:52","date_gmt":"2025-05-11T18:38:52","guid":{"rendered":"https:\/\/hbbkimya.com\/?post_type=product&#038;p=1559"},"modified":"2025-08-23T22:21:52","modified_gmt":"2025-08-23T19:21:52","slug":"kalay-nikel-sokucu-solusyonu-5-litre","status":"publish","type":"product","link":"https:\/\/hbbkimya.com\/?product=kalay-nikel-sokucu-solusyonu-5-litre","title":{"rendered":"Kalay Nikel S\u00f6k\u00fcc\u00fc Sol\u00fcsyonu 5 Litre"},"content":{"rendered":"<p><a href=\"https:\/\/hbbkimya.com\/wp-content\/uploads\/2025\/05\/kalay-sokucu-scaled.jpeg\"><img loading=\"lazy\" decoding=\"async\" class=\"alignnone size-medium wp-image-1560\" src=\"https:\/\/hbbkimya.com\/wp-content\/uploads\/2025\/05\/kalay-sokucu-225x300.jpeg\" alt=\"\" width=\"225\" height=\"300\" srcset=\"https:\/\/hbbkimya.com\/wp-content\/uploads\/2025\/05\/kalay-sokucu-225x300.jpeg 225w, https:\/\/hbbkimya.com\/wp-content\/uploads\/2025\/05\/kalay-sokucu-scaled-600x800.jpeg 600w, https:\/\/hbbkimya.com\/wp-content\/uploads\/2025\/05\/kalay-sokucu-768x1024.jpeg 768w, https:\/\/hbbkimya.com\/wp-content\/uploads\/2025\/05\/kalay-sokucu-1152x1536.jpeg 1152w, https:\/\/hbbkimya.com\/wp-content\/uploads\/2025\/05\/kalay-sokucu-1536x2048.jpeg 1536w, https:\/\/hbbkimya.com\/wp-content\/uploads\/2025\/05\/kalay-sokucu-scaled.jpeg 1920w\" sizes=\"auto, (max-width: 225px) 100vw, 225px\" \/><\/a><\/p>\n","protected":false},"excerpt":{"rendered":"<ul>\n<li>5000 ML L\u0130K AMBALAJDADIR.<\/li>\n<li>METAL AYRI\u015eTIRMADA \u00d6N \u0130\u015eLEM K\u0130MYASALIDIR.<\/li>\n<li>BAKIR ALTIN G\u00dcM\u00dc\u015e G\u0130B\u0130 MADENLERE ZARAR VERMEZ.<\/li>\n<li>Y\u00dcZEY\u0130N PARLAKLI\u011eINI ETK\u0130LEMEZ.<\/li>\n<li>LABORATUVARDA ANAL\u0130Z VE TE\u015eH\u0130S MAKSATLI KULLANILMAKTADIR.<\/li>\n<\/ul>\n","protected":false},"featured_media":1560,"comment_status":"open","ping_status":"closed","template":"","meta":{"neve_meta_sidebar":"","neve_meta_container":"","neve_meta_enable_content_width":"off","neve_meta_content_width":100,"neve_meta_title_alignment":"","neve_meta_author_avatar":"","neve_post_elements_order":"","neve_meta_disable_header":"","neve_meta_disable_footer":"","neve_meta_disable_title":"","_themeisle_gutenberg_block_has_review":false},"product_brand":[65],"product_cat":[46],"product_tag":[],"class_list":{"0":"post-1559","1":"product","2":"type-product","3":"status-publish","4":"has-post-thumbnail","6":"product_brand-hbbchem","7":"product_cat-cozeltiler-solusyonlar","9":"first","10":"instock","11":"sale","12":"taxable","13":"shipping-taxable","14":"purchasable","15":"product-type-simple"},"_links":{"self":[{"href":"https:\/\/hbbkimya.com\/index.php?rest_route=\/wp\/v2\/product\/1559","targetHints":{"allow":["GET"]}}],"collection":[{"href":"https:\/\/hbbkimya.com\/index.php?rest_route=\/wp\/v2\/product"}],"about":[{"href":"https:\/\/hbbkimya.com\/index.php?rest_route=\/wp\/v2\/types\/product"}],"replies":[{"embeddable":true,"href":"https:\/\/hbbkimya.com\/index.php?rest_route=%2Fwp%2Fv2%2Fcomments&post=1559"}],"wp:featuredmedia":[{"embeddable":true,"href":"https:\/\/hbbkimya.com\/index.php?rest_route=\/wp\/v2\/media\/1560"}],"wp:attachment":[{"href":"https:\/\/hbbkimya.com\/index.php?rest_route=%2Fwp%2Fv2%2Fmedia&parent=1559"}],"wp:term":[{"taxonomy":"product_brand","embeddable":true,"href":"https:\/\/hbbkimya.com\/index.php?rest_route=%2Fwp%2Fv2%2Fproduct_brand&post=1559"},{"taxonomy":"product_cat","embeddable":true,"href":"https:\/\/hbbkimya.com\/index.php?rest_route=%2Fwp%2Fv2%2Fproduct_cat&post=1559"},{"taxonomy":"product_tag","embeddable":true,"href":"https:\/\/hbbkimya.com\/index.php?rest_route=%2Fwp%2Fv2%2Fproduct_tag&post=1559"}],"curies":[{"name":"wp","href":"https:\/\/api.w.org\/{rel}","templated":true}]}}