{"id":1555,"date":"2025-05-11T21:20:57","date_gmt":"2025-05-11T18:20:57","guid":{"rendered":"https:\/\/hbbkimya.com\/?post_type=product&#038;p=1555"},"modified":"2025-10-19T21:30:37","modified_gmt":"2025-10-19T18:30:37","slug":"ure-urea-chem-pure-5-kg","status":"publish","type":"product","link":"https:\/\/hbbkimya.com\/?product=ure-urea-chem-pure-5-kg","title":{"rendered":"\u00dcre (Urea) Chem Pure 5 kg"},"content":{"rendered":"<p><a href=\"https:\/\/hbbkimya.com\/wp-content\/uploads\/2025\/05\/ure-scaled.jpeg\"><img loading=\"lazy\" decoding=\"async\" class=\"alignnone size-medium wp-image-1556\" src=\"https:\/\/hbbkimya.com\/wp-content\/uploads\/2025\/05\/ure-225x300.jpeg\" alt=\"\" width=\"225\" height=\"300\" srcset=\"https:\/\/hbbkimya.com\/wp-content\/uploads\/2025\/05\/ure-225x300.jpeg 225w, https:\/\/hbbkimya.com\/wp-content\/uploads\/2025\/05\/ure-scaled-600x800.jpeg 600w, https:\/\/hbbkimya.com\/wp-content\/uploads\/2025\/05\/ure-768x1024.jpeg 768w, https:\/\/hbbkimya.com\/wp-content\/uploads\/2025\/05\/ure-1152x1536.jpeg 1152w, https:\/\/hbbkimya.com\/wp-content\/uploads\/2025\/05\/ure-1536x2048.jpeg 1536w, https:\/\/hbbkimya.com\/wp-content\/uploads\/2025\/05\/ure-scaled.jpeg 1920w\" sizes=\"auto, (max-width: 225px) 100vw, 225px\" \/><\/a><\/p>\n","protected":false},"excerpt":{"rendered":"<div class=\"wDYxhc\" data-attrid=\"kc:\/chemistry\/chemical_compound:formula\" data-md=\"1001\" data-hveid=\"CDYQAA\" data-ved=\"2ahUKEwj2gJvYqoGKAxVeQPEDHZoBI3MQkCl6BAg2EAA\">\n<div class=\"Z1hOCe\">\n<ul>\n<li class=\"zloOqf PZPZlf\" data-ved=\"2ahUKEwj2gJvYqoGKAxVeQPEDHZoBI3MQyxMoAHoECDYQAQ\"><span class=\"w8qArf\">Form\u00fcl: <\/span><span class=\"LrzXr kno-fv wHYlTd z8gr9e\"><span class=\"font\"><span class=\"size\">CH\u2084N\u2082O\u00a0 Yo\u011funluk<\/span><\/span><\/span><span class=\"w8qArf FoJoyf\">:\u00a0<\/span><span class=\"LrzXr kno-fv wHYlTd z8gr9e\"><span class=\"font\"><span class=\"size\">1,32 g\/cm\u00b3\u00a0 M:<\/span><\/span><\/span><span class=\"w8qArf FoJoyf\">\u00a0<\/span><span class=\"LrzXr kno-fv wHYlTd z8gr9e\"><span class=\"font\"><span class=\"size\">60,06 g\/mol\u00a0 CAS Numaras\u0131:57-13-6<\/span><\/span><\/span><\/li>\n<li class=\"zloOqf PZPZlf\" data-ved=\"2ahUKEwj2gJvYqoGKAxVeQPEDHZoBI3MQyxMoAHoECDYQAQ\"><span class=\"LrzXr kno-fv wHYlTd z8gr9e\"><span class=\"font\"><span class=\"size\"><span class=\"colour\">\u200b<\/span><\/span><\/span><\/span><span class=\"font\"><span class=\"size\"><span class=\"colour\">En \u00e7ok<\/span><span class=\"colour\"> g\u00fcbre<\/span><\/span><\/span><span class=\"font\"><span class=\"size\"><span class=\"colour\">\u00a0<\/span><span class=\"colour\">ve hayvan<\/span><span class=\"colour\"> yemi<\/span><\/span><\/span><span class=\"font\"><span class=\"size\"><span class=\"colour\">\u00a0<\/span><span class=\"colour\">olarak kullan\u0131lan \u00fcreden ila\u00e7 ve plastik yap\u0131m\u0131nda da faydalan\u0131l\u0131r. \u00dcre asit ve tuzlarla bir tak\u0131m kat\u0131lma bile\u015fikleri, baz\u0131 asitlerle de<\/span><span class=\"colour\"> kondensasyon<\/span><\/span><\/span><span class=\"font\"><span class=\"size\"><span class=\"colour\">\u00a0<\/span><span class=\"colour\">\u00fcr\u00fcnleri veya \u00fcreidleri verir.<\/span><span class=\"colour\"> Naftalinin<\/span><\/span><\/span><span class=\"font\"><span class=\"size\"><span class=\"colour\">\u00a0<\/span><span class=\"colour\">t\u00fcrevleriyle verdi\u011fi bile\u015fikleri terapide<\/span><\/span><\/span><span class=\"font\"><span class=\"size\"><span class=\"colour\">\u00a0<\/span><span class=\"colour\">kullan\u0131l\u0131r. <\/span><\/span><\/span><\/li>\n<li class=\"zloOqf PZPZlf\" data-ved=\"2ahUKEwj2gJvYqoGKAxVeQPEDHZoBI3MQyxMoAHoECDYQAQ\"><span class=\"font\"><span class=\"size\"><span class=\"colour\">Boya \u00fcretiminde de kullan\u0131lan \u00fcre ayn\u0131 zamanda bitkiler i\u00e7in bir besin kayna\u011f\u0131d\u0131r.<\/span><span class=\"colour\">\u00a0<\/span><\/span><\/span><\/li>\n<li aria-level=\"1\">Laboratuvarda proteinlerin denaturasyonunda kullan\u0131l\u0131r.<\/li>\n<li aria-level=\"1\">Enerji santralleri ve dizel motorlu ara\u00e7lar\u0131n egzoz gazlar\u0131ndan \u00e7\u0131kan NOx kirleticileri azalt\u0131lmas\u0131 i\u00e7in kullan\u0131l\u0131r.<\/li>\n<li aria-level=\"1\">Bula\u015f\u0131k sabunu \u00fcretiminde kullan\u0131lan bir maddedir.<\/li>\n<li aria-level=\"1\">Tekstil sekt\u00f6r\u00fcnde, boyama i\u015flemleri yap\u0131lan boya banyolar\u0131nda nemi tutan maddedir. Ayn\u0131 zamanda \u00e7\u00f6z\u00fcn\u00fcrl\u00fc\u011f\u00fc art\u0131r\u0131r.<\/li>\n<li aria-level=\"1\">Yang\u0131n s\u00f6nd\u00fcrme ekipmanlar\u0131nda alev geciktirici madde olarak kullan\u0131l\u0131r.<\/li>\n<li class=\"zloOqf PZPZlf\" data-ved=\"2ahUKEwj2gJvYqoGKAxVeQPEDHZoBI3MQyxMoAHoECDYQAQ\"><span class=\"LrzXr kno-fv wHYlTd z8gr9e\"><span class=\"font\"><span class=\"size\"><span class=\"colour\">Laboratuvarda analiz ve tahlil maksatl\u0131 kullan\u0131l\u0131r.\u200b<\/span><\/span><\/span><\/span><\/li>\n<\/ul>\n<\/div>\n<\/div>\n<div><\/div>\n","protected":false},"featured_media":1556,"comment_status":"open","ping_status":"closed","template":"","meta":{"neve_meta_sidebar":"","neve_meta_container":"","neve_meta_enable_content_width":"off","neve_meta_content_width":100,"neve_meta_title_alignment":"","neve_meta_author_avatar":"","neve_post_elements_order":"","neve_meta_disable_header":"","neve_meta_disable_footer":"","neve_meta_disable_title":"","_themeisle_gutenberg_block_has_review":false},"product_brand":[65],"product_cat":[44],"product_tag":[],"class_list":{"0":"post-1555","1":"product","2":"type-product","3":"status-publish","4":"has-post-thumbnail","6":"product_brand-hbbchem","7":"product_cat-toz-kati","9":"first","10":"instock","11":"taxable","12":"shipping-taxable","13":"purchasable","14":"product-type-simple"},"_links":{"self":[{"href":"https:\/\/hbbkimya.com\/index.php?rest_route=\/wp\/v2\/product\/1555","targetHints":{"allow":["GET"]}}],"collection":[{"href":"https:\/\/hbbkimya.com\/index.php?rest_route=\/wp\/v2\/product"}],"about":[{"href":"https:\/\/hbbkimya.com\/index.php?rest_route=\/wp\/v2\/types\/product"}],"replies":[{"embeddable":true,"href":"https:\/\/hbbkimya.com\/index.php?rest_route=%2Fwp%2Fv2%2Fcomments&post=1555"}],"wp:featuredmedia":[{"embeddable":true,"href":"https:\/\/hbbkimya.com\/index.php?rest_route=\/wp\/v2\/media\/1556"}],"wp:attachment":[{"href":"https:\/\/hbbkimya.com\/index.php?rest_route=%2Fwp%2Fv2%2Fmedia&parent=1555"}],"wp:term":[{"taxonomy":"product_brand","embeddable":true,"href":"https:\/\/hbbkimya.com\/index.php?rest_route=%2Fwp%2Fv2%2Fproduct_brand&post=1555"},{"taxonomy":"product_cat","embeddable":true,"href":"https:\/\/hbbkimya.com\/index.php?rest_route=%2Fwp%2Fv2%2Fproduct_cat&post=1555"},{"taxonomy":"product_tag","embeddable":true,"href":"https:\/\/hbbkimya.com\/index.php?rest_route=%2Fwp%2Fv2%2Fproduct_tag&post=1555"}],"curies":[{"name":"wp","href":"https:\/\/api.w.org\/{rel}","templated":true}]}}