{"id":1548,"date":"2025-05-10T22:27:57","date_gmt":"2025-05-10T19:27:57","guid":{"rendered":"https:\/\/hbbkimya.com\/?post_type=product&#038;p=1548"},"modified":"2026-02-11T21:39:08","modified_gmt":"2026-02-11T18:39:08","slug":"turnusol-kagidi-kirmizi-100-test-strip","status":"publish","type":"product","link":"https:\/\/hbbkimya.com\/?product=turnusol-kagidi-kirmizi-100-test-strip","title":{"rendered":"Turnusol Ka\u011f\u0131d\u0131 K\u0131rm\u0131z\u0131 100 Test Strip"},"content":{"rendered":"<p><a href=\"https:\/\/hbbkimya.com\/wp-content\/uploads\/2025\/05\/turnusol-kagidi-kirmizi-ph-kagidi.jpg\"><img loading=\"lazy\" decoding=\"async\" class=\"alignnone size-medium wp-image-2065\" src=\"https:\/\/hbbkimya.com\/wp-content\/uploads\/2025\/05\/turnusol-kagidi-kirmizi-ph-kagidi-300x300.jpg\" alt=\"\" width=\"300\" height=\"300\" srcset=\"https:\/\/hbbkimya.com\/wp-content\/uploads\/2025\/05\/turnusol-kagidi-kirmizi-ph-kagidi-300x300.jpg 300w, https:\/\/hbbkimya.com\/wp-content\/uploads\/2025\/05\/turnusol-kagidi-kirmizi-ph-kagidi-150x150.jpg 150w, https:\/\/hbbkimya.com\/wp-content\/uploads\/2025\/05\/turnusol-kagidi-kirmizi-ph-kagidi-100x100.jpg 100w, https:\/\/hbbkimya.com\/wp-content\/uploads\/2025\/05\/turnusol-kagidi-kirmizi-ph-kagidi.jpg 550w\" sizes=\"auto, (max-width: 300px) 100vw, 300px\" \/><\/a><\/p>\n","protected":false},"excerpt":{"rendered":"<ul data-start=\"32\" data-end=\"301\">\n<li data-start=\"32\" data-end=\"103\">\n<p data-start=\"34\" data-end=\"103\">\u00c7\u00f6zeltilerdeki <strong data-start=\"49\" data-end=\"80\">asit ve bazlar\u0131 ay\u0131rt etmek<\/strong> amac\u0131yla kullan\u0131l\u0131r.<\/p>\n<\/li>\n<li data-start=\"104\" data-end=\"189\">\n<p data-start=\"106\" data-end=\"189\">S\u0131v\u0131lar\u0131n asidik veya bazik olup olmad\u0131\u011f\u0131n\u0131 <strong data-start=\"150\" data-end=\"177\">h\u0131zl\u0131 ve pratik \u015fekilde<\/strong> g\u00f6sterir.<\/p>\n<\/li>\n<li data-start=\"190\" data-end=\"237\">\n<p data-start=\"192\" data-end=\"237\"><strong data-start=\"192\" data-end=\"222\">pH \u00f6l\u00e7\u00fcm aral\u0131\u011f\u0131 5,0 \u2013 8,0<\/strong> aras\u0131ndad\u0131r.<\/p>\n<\/li>\n<li data-start=\"238\" data-end=\"301\">\n<p data-start=\"240\" data-end=\"301\">Bazik ortamda <strong data-start=\"254\" data-end=\"275\">k\u0131rm\u0131z\u0131dan maviye<\/strong> renk de\u011fi\u015fimi g\u00f6sterir.<\/p>\n<\/li>\n<\/ul>\n<p data-start=\"303\" data-end=\"358\" data-is-last-node=\"\" data-is-only-node=\"\">Laboratuvar ve e\u011fitim ama\u00e7l\u0131 kullan\u0131mlar i\u00e7in uygundur.<\/p>\n","protected":false},"featured_media":2065,"comment_status":"open","ping_status":"closed","template":"","meta":{"neve_meta_sidebar":"","neve_meta_container":"","neve_meta_enable_content_width":"off","neve_meta_content_width":100,"neve_meta_title_alignment":"","neve_meta_author_avatar":"","neve_post_elements_order":"","neve_meta_disable_header":"","neve_meta_disable_footer":"","neve_meta_disable_title":"","_themeisle_gutenberg_block_has_review":false},"product_brand":[],"product_cat":[40],"product_tag":[],"class_list":{"0":"post-1548","1":"product","2":"type-product","3":"status-publish","4":"has-post-thumbnail","6":"product_cat-test-kitleri-stripleri","8":"first","9":"instock","10":"taxable","11":"shipping-taxable","12":"purchasable","13":"product-type-simple"},"_links":{"self":[{"href":"https:\/\/hbbkimya.com\/index.php?rest_route=\/wp\/v2\/product\/1548","targetHints":{"allow":["GET"]}}],"collection":[{"href":"https:\/\/hbbkimya.com\/index.php?rest_route=\/wp\/v2\/product"}],"about":[{"href":"https:\/\/hbbkimya.com\/index.php?rest_route=\/wp\/v2\/types\/product"}],"replies":[{"embeddable":true,"href":"https:\/\/hbbkimya.com\/index.php?rest_route=%2Fwp%2Fv2%2Fcomments&post=1548"}],"wp:featuredmedia":[{"embeddable":true,"href":"https:\/\/hbbkimya.com\/index.php?rest_route=\/wp\/v2\/media\/2065"}],"wp:attachment":[{"href":"https:\/\/hbbkimya.com\/index.php?rest_route=%2Fwp%2Fv2%2Fmedia&parent=1548"}],"wp:term":[{"taxonomy":"product_brand","embeddable":true,"href":"https:\/\/hbbkimya.com\/index.php?rest_route=%2Fwp%2Fv2%2Fproduct_brand&post=1548"},{"taxonomy":"product_cat","embeddable":true,"href":"https:\/\/hbbkimya.com\/index.php?rest_route=%2Fwp%2Fv2%2Fproduct_cat&post=1548"},{"taxonomy":"product_tag","embeddable":true,"href":"https:\/\/hbbkimya.com\/index.php?rest_route=%2Fwp%2Fv2%2Fproduct_tag&post=1548"}],"curies":[{"name":"wp","href":"https:\/\/api.w.org\/{rel}","templated":true}]}}