{"id":1522,"date":"2025-04-24T21:17:50","date_gmt":"2025-04-24T18:17:50","guid":{"rendered":"https:\/\/hbbkimya.com\/?post_type=product&#038;p=1522"},"modified":"2026-04-12T19:17:00","modified_gmt":"2026-04-12T16:17:00","slug":"mekanik-karistirici-20-litre-tepegoz","status":"publish","type":"product","link":"https:\/\/hbbkimya.com\/?product=mekanik-karistirici-20-litre-tepegoz","title":{"rendered":"Mekanik Kar\u0131\u015ft\u0131r\u0131c\u0131 20 Litre &#8211; Tepeg\u00f6z"},"content":{"rendered":"<p><a href=\"https:\/\/hbbkimya.com\/wp-content\/uploads\/2025\/04\/mekanik-karistirici-20-litre-tepegoz-karistirici.webp\"><img loading=\"lazy\" decoding=\"async\" class=\"alignnone size-medium wp-image-1523\" src=\"https:\/\/hbbkimya.com\/wp-content\/uploads\/2025\/04\/mekanik-karistirici-20-litre-tepegoz-karistirici-300x300.webp\" alt=\"\" width=\"300\" height=\"300\" srcset=\"https:\/\/hbbkimya.com\/wp-content\/uploads\/2025\/04\/mekanik-karistirici-20-litre-tepegoz-karistirici-300x300.webp 300w, https:\/\/hbbkimya.com\/wp-content\/uploads\/2025\/04\/mekanik-karistirici-20-litre-tepegoz-karistirici-100x100.webp 100w, https:\/\/hbbkimya.com\/wp-content\/uploads\/2025\/04\/mekanik-karistirici-20-litre-tepegoz-karistirici-600x600.webp 600w, https:\/\/hbbkimya.com\/wp-content\/uploads\/2025\/04\/mekanik-karistirici-20-litre-tepegoz-karistirici-1024x1024.webp 1024w, https:\/\/hbbkimya.com\/wp-content\/uploads\/2025\/04\/mekanik-karistirici-20-litre-tepegoz-karistirici-150x150.webp 150w, https:\/\/hbbkimya.com\/wp-content\/uploads\/2025\/04\/mekanik-karistirici-20-litre-tepegoz-karistirici-768x768.webp 768w, https:\/\/hbbkimya.com\/wp-content\/uploads\/2025\/04\/mekanik-karistirici-20-litre-tepegoz-karistirici.webp 1280w\" sizes=\"auto, (max-width: 300px) 100vw, 300px\" \/><\/a><\/p>\n","protected":false},"excerpt":{"rendered":"<p><strong>Teknik \u00d6zellikleri:<\/strong><\/p>\n<p>Model : TM-II-6C<\/p>\n<p>Max. Kar\u0131\u015ft\u0131rma Kapasite : 20L<\/p>\n<p>G\u00fc\u00e7(W) : 60<\/p>\n<p>H\u0131z G\u00f6stergesi : LCD<\/p>\n<p>H\u0131z Aral\u0131\u011f\u0131 (r.p.m) : 100~2500<\/p>\n<p>H\u0131z Do\u011frulu\u011fu (r.p.m) : \u00b1 1<\/p>\n<p>Plaka Ebatlar\u0131(mm) : 200*300<\/p>\n<p>Voltaj,V : 100-240<\/p>\n<p>Max. viskozite : 15000 cP\/mPas<\/p>\n<ul type=\"disc\">\n<li>Bak\u0131m gerektirmeyen, sessiz ve patlamaya dayan\u0131kl\u0131 DC motor yumu\u015fak bir ba\u015flang\u0131\u00e7 ve h\u0131zl\u0131 bir duru\u015f olana\u011f\u0131 ile maksimum 40 litreye kadar kar\u0131\u015ft\u0131rma yapar<\/li>\n<li>Dayan\u0131kl\u0131 al\u00fcminyum d\u0131\u015f g\u00f6vde \u00e7al\u0131\u015fma s\u0131ras\u0131nda motor taraf\u0131ndan \u00fcretilen \u0131s\u0131n\u0131n yay\u0131l\u0131m\u0131n\u0131 engeller.<\/li>\n<li>A\u015f\u0131r\u0131 y\u00fck korumas\u0131 \u00f6zelli\u011fi sayesinde s\u00fcrekli a\u015f\u0131r\u0131 y\u00fcke maruz kalmas\u0131 durumunda motor otomatik olarak durur<\/li>\n<li>Geni\u015f LCD panelde e\u015f zamanl\u0131 olarak ayarlanan de\u011fer ve ula\u015f\u0131lan h\u0131z g\u00f6zlemlenebilir<\/li>\n<li>100 ile 2500rpmaras\u0131nda elektronik olarak kontrol edilebilen h\u0131z y\u00fcksek s\u0131cakl\u0131klarda bile kararl\u0131 ve etkin kar\u0131\u015ft\u0131rmay\u0131sa\u011flar.<\/li>\n<li>D\u00f6k\u00fclme \u00f6nleyici \u00f6zelli\u011fi sayesinde, PC kontrol sistemi d\u00fczg\u00fcn \u015fekilde ba\u015flat\u0131l\u0131r ve numunelerin ta\u015fmas\u0131 \u00f6nlenir.<\/li>\n<li>CE belgeli 2 y\u0131l garantili<\/li>\n<\/ul>\n<p><strong>Cihaz\u0131n standart paket i\u00e7eri\u011fi:<\/strong><\/p>\n<p>Cihaz\u0131n kendisi<\/p>\n<p>Kar\u0131\u015ft\u0131rma \u015faft\u0131<\/p>\n<p>Stand<\/p>\n<p>Ba\u011flant\u0131 kelep\u00e7esi<\/p>\n<p>Kullan\u0131m k\u0131lavuzu<\/p>\n","protected":false},"featured_media":1523,"comment_status":"open","ping_status":"closed","template":"","meta":{"neve_meta_sidebar":"","neve_meta_container":"","neve_meta_enable_content_width":"off","neve_meta_content_width":100,"neve_meta_title_alignment":"","neve_meta_author_avatar":"","neve_post_elements_order":"","neve_meta_disable_header":"","neve_meta_disable_footer":"","neve_meta_disable_title":"","_themeisle_gutenberg_block_has_review":false},"product_brand":[],"product_cat":[51],"product_tag":[],"class_list":{"0":"post-1522","1":"product","2":"type-product","3":"status-publish","4":"has-post-thumbnail","6":"product_cat-manyetik-mekanik-tup-karistiricilar","8":"first","9":"outofstock","10":"sale","11":"sold-individually","12":"taxable","13":"shipping-taxable","14":"purchasable","15":"product-type-simple"},"_links":{"self":[{"href":"https:\/\/hbbkimya.com\/index.php?rest_route=\/wp\/v2\/product\/1522","targetHints":{"allow":["GET"]}}],"collection":[{"href":"https:\/\/hbbkimya.com\/index.php?rest_route=\/wp\/v2\/product"}],"about":[{"href":"https:\/\/hbbkimya.com\/index.php?rest_route=\/wp\/v2\/types\/product"}],"replies":[{"embeddable":true,"href":"https:\/\/hbbkimya.com\/index.php?rest_route=%2Fwp%2Fv2%2Fcomments&post=1522"}],"wp:featuredmedia":[{"embeddable":true,"href":"https:\/\/hbbkimya.com\/index.php?rest_route=\/wp\/v2\/media\/1523"}],"wp:attachment":[{"href":"https:\/\/hbbkimya.com\/index.php?rest_route=%2Fwp%2Fv2%2Fmedia&parent=1522"}],"wp:term":[{"taxonomy":"product_brand","embeddable":true,"href":"https:\/\/hbbkimya.com\/index.php?rest_route=%2Fwp%2Fv2%2Fproduct_brand&post=1522"},{"taxonomy":"product_cat","embeddable":true,"href":"https:\/\/hbbkimya.com\/index.php?rest_route=%2Fwp%2Fv2%2Fproduct_cat&post=1522"},{"taxonomy":"product_tag","embeddable":true,"href":"https:\/\/hbbkimya.com\/index.php?rest_route=%2Fwp%2Fv2%2Fproduct_tag&post=1522"}],"curies":[{"name":"wp","href":"https:\/\/api.w.org\/{rel}","templated":true}]}}