{"id":1518,"date":"2025-04-23T23:05:01","date_gmt":"2025-04-23T20:05:01","guid":{"rendered":"https:\/\/hbbkimya.com\/?post_type=product&#038;p=1518"},"modified":"2026-04-12T19:15:52","modified_gmt":"2026-04-12T16:15:52","slug":"isiticili-manyetik-karistirici","status":"publish","type":"product","link":"https:\/\/hbbkimya.com\/?product=isiticili-manyetik-karistirici","title":{"rendered":"Is\u0131t\u0131c\u0131l\u0131 Manyetik Kar\u0131\u015ft\u0131r\u0131c\u0131"},"content":{"rendered":"<p><a href=\"https:\/\/hbbkimya.com\/wp-content\/uploads\/2025\/04\/isiticili-manyetik-karistirici-laboratuvar-mixer-balik.webp\"><img loading=\"lazy\" decoding=\"async\" class=\"alignnone size-medium wp-image-1519\" src=\"https:\/\/hbbkimya.com\/wp-content\/uploads\/2025\/04\/isiticili-manyetik-karistirici-laboratuvar-mixer-balik-300x300.webp\" alt=\"\" width=\"300\" height=\"300\" srcset=\"https:\/\/hbbkimya.com\/wp-content\/uploads\/2025\/04\/isiticili-manyetik-karistirici-laboratuvar-mixer-balik-300x300.webp 300w, https:\/\/hbbkimya.com\/wp-content\/uploads\/2025\/04\/isiticili-manyetik-karistirici-laboratuvar-mixer-balik-100x100.webp 100w, https:\/\/hbbkimya.com\/wp-content\/uploads\/2025\/04\/isiticili-manyetik-karistirici-laboratuvar-mixer-balik-600x600.webp 600w, https:\/\/hbbkimya.com\/wp-content\/uploads\/2025\/04\/isiticili-manyetik-karistirici-laboratuvar-mixer-balik-1024x1024.webp 1024w, https:\/\/hbbkimya.com\/wp-content\/uploads\/2025\/04\/isiticili-manyetik-karistirici-laboratuvar-mixer-balik-150x150.webp 150w, https:\/\/hbbkimya.com\/wp-content\/uploads\/2025\/04\/isiticili-manyetik-karistirici-laboratuvar-mixer-balik-768x768.webp 768w, https:\/\/hbbkimya.com\/wp-content\/uploads\/2025\/04\/isiticili-manyetik-karistirici-laboratuvar-mixer-balik.webp 1280w\" sizes=\"auto, (max-width: 300px) 100vw, 300px\" \/><\/a><\/p>\n","protected":false},"excerpt":{"rendered":"<p>Marka: Thermomac-TM19<\/p>\n<p><strong>TEKN\u0130K \u00d6ZELL\u0130KLER<\/strong><\/p>\n<p>Maksimum s\u0131cakl\u0131k : 350 \u00b0C<\/p>\n<p>H\u0131z Aral\u0131\u011f\u0131 : 200-2000 RPM<\/p>\n<p>Tabla \u00d6l\u00e7\u00fcs\u00fc : 190mm x 190mm<\/p>\n<p>Is\u0131t\u0131c\u0131 Tabla : Seramik<\/p>\n<p>Max. Kar\u0131\u015ft\u0131rma Kapasitesi : 10000 ml<\/p>\n<p>G\u00fc\u00e7 : 600 W<\/p>\n<p>Destek stand\u0131yla birlikte y\u00fckseklik : 390mm<\/p>\n<p>Voltaj : 220\/240 volt, 50\/60 Hz<\/p>\n<p>Ebat (LxWxH) : 315mm x 190mm x 120mm<\/p>\n<p>A\u011f\u0131rl\u0131k : 5.250 kg<\/p>\n<p>Is\u0131tma g\u00fcc\u00fc ve kar\u0131\u015ft\u0131rma h\u0131z\u0131 kademesi birka\u00e7 ad\u0131mda ayarlanabilir, maksimum 380 dereceye kadar s\u0131cakl\u0131k, maksimum 2000 rpm\u2019e kadar h\u0131z.<\/p>\n<p>Sabit s\u0131cakl\u0131k, h\u0131zl\u0131 \u0131s\u0131tma ve emniyet \u00f6zellikleri ile alev durumunda \u0131s\u0131tma plakas\u0131n\u0131 kapatma \u00f6zelli\u011fi<\/p>\n<p><strong>TESL\u0130MAT \u0130\u00c7ER\u0130\u011e\u0130<\/strong><\/p>\n<p>-Harici S\u0131cakl\u0131k Sens\u00f6r\u00fc Paslanmaz \u00c7elikten \u00fcretilmi\u015f Pt100<\/p>\n<p>&#8211; Stand (ta\u015f\u0131ma borusu)<\/p>\n<p>&#8211; Sens\u00f6r Tutucu<\/p>\n<p>&#8211; PTFE Manyetik Bal\u0131k<\/p>\n<p>&#8211; Kullan\u0131m K\u0131lavuzu<\/p>\n","protected":false},"featured_media":1519,"comment_status":"open","ping_status":"closed","template":"","meta":{"neve_meta_sidebar":"","neve_meta_container":"","neve_meta_enable_content_width":"off","neve_meta_content_width":100,"neve_meta_title_alignment":"","neve_meta_author_avatar":"","neve_post_elements_order":"","neve_meta_disable_header":"","neve_meta_disable_footer":"","neve_meta_disable_title":"","_themeisle_gutenberg_block_has_review":false},"product_brand":[],"product_cat":[51],"product_tag":[],"class_list":{"0":"post-1518","1":"product","2":"type-product","3":"status-publish","4":"has-post-thumbnail","6":"product_cat-manyetik-mekanik-tup-karistiricilar","8":"first","9":"outofstock","10":"sale","11":"taxable","12":"shipping-taxable","13":"purchasable","14":"product-type-simple"},"_links":{"self":[{"href":"https:\/\/hbbkimya.com\/index.php?rest_route=\/wp\/v2\/product\/1518","targetHints":{"allow":["GET"]}}],"collection":[{"href":"https:\/\/hbbkimya.com\/index.php?rest_route=\/wp\/v2\/product"}],"about":[{"href":"https:\/\/hbbkimya.com\/index.php?rest_route=\/wp\/v2\/types\/product"}],"replies":[{"embeddable":true,"href":"https:\/\/hbbkimya.com\/index.php?rest_route=%2Fwp%2Fv2%2Fcomments&post=1518"}],"wp:featuredmedia":[{"embeddable":true,"href":"https:\/\/hbbkimya.com\/index.php?rest_route=\/wp\/v2\/media\/1519"}],"wp:attachment":[{"href":"https:\/\/hbbkimya.com\/index.php?rest_route=%2Fwp%2Fv2%2Fmedia&parent=1518"}],"wp:term":[{"taxonomy":"product_brand","embeddable":true,"href":"https:\/\/hbbkimya.com\/index.php?rest_route=%2Fwp%2Fv2%2Fproduct_brand&post=1518"},{"taxonomy":"product_cat","embeddable":true,"href":"https:\/\/hbbkimya.com\/index.php?rest_route=%2Fwp%2Fv2%2Fproduct_cat&post=1518"},{"taxonomy":"product_tag","embeddable":true,"href":"https:\/\/hbbkimya.com\/index.php?rest_route=%2Fwp%2Fv2%2Fproduct_tag&post=1518"}],"curies":[{"name":"wp","href":"https:\/\/api.w.org\/{rel}","templated":true}]}}