{"id":1516,"date":"2025-04-23T22:27:53","date_gmt":"2025-04-23T19:27:53","guid":{"rendered":"https:\/\/hbbkimya.com\/?post_type=product&#038;p=1516"},"modified":"2026-04-12T16:06:15","modified_gmt":"2026-04-12T13:06:15","slug":"peynir-butirometresi-0-40-tipalar-ve-behercikler-dahil","status":"publish","type":"product","link":"https:\/\/hbbkimya.com\/?product=peynir-butirometresi-0-40-tipalar-ve-behercikler-dahil","title":{"rendered":"Funke Gerber Peynir B\u00fctirometresi %0-40 (T\u0131palar ve Behercikler Dahil) FG3230"},"content":{"rendered":"<p><a href=\"https:\/\/hbbkimya.com\/wp-content\/uploads\/2025\/04\/peynir-butirometresi-40.webp\"><img loading=\"lazy\" decoding=\"async\" class=\"alignnone size-medium wp-image-1517\" src=\"https:\/\/hbbkimya.com\/wp-content\/uploads\/2025\/04\/peynir-butirometresi-40-300x300.webp\" alt=\"\" width=\"300\" height=\"300\" srcset=\"https:\/\/hbbkimya.com\/wp-content\/uploads\/2025\/04\/peynir-butirometresi-40-300x300.webp 300w, https:\/\/hbbkimya.com\/wp-content\/uploads\/2025\/04\/peynir-butirometresi-40-100x100.webp 100w, https:\/\/hbbkimya.com\/wp-content\/uploads\/2025\/04\/peynir-butirometresi-40-600x600.webp 600w, https:\/\/hbbkimya.com\/wp-content\/uploads\/2025\/04\/peynir-butirometresi-40-1024x1024.webp 1024w, https:\/\/hbbkimya.com\/wp-content\/uploads\/2025\/04\/peynir-butirometresi-40-150x150.webp 150w, https:\/\/hbbkimya.com\/wp-content\/uploads\/2025\/04\/peynir-butirometresi-40-768x768.webp 768w, https:\/\/hbbkimya.com\/wp-content\/uploads\/2025\/04\/peynir-butirometresi-40.webp 1080w\" sizes=\"auto, (max-width: 300px) 100vw, 300px\" \/><\/a><\/p>\n","protected":false},"excerpt":{"rendered":"<p data-start=\"49\" data-end=\"319\">S\u00fct ve s\u00fct \u00fcr\u00fcnlerinde geni\u015f \u00f6l\u00e7\u00fcm aral\u0131\u011f\u0131 ile hassas analiz imk\u00e2n\u0131 sunan FUNKE GERBER b\u00fctirometre, profesyonel laboratuvar ve \u00fcretim s\u00fcre\u00e7leri i\u00e7in geli\u015ftirilmi\u015ftir. %0\u201340 \u00f6l\u00e7\u00fcm kapasitesi sayesinde farkl\u0131 s\u00fct \u00fcr\u00fcnlerinde g\u00fcvenilir ve tekrarlanabilir ya\u011f tayini sa\u011flar.<\/p>\n<p data-start=\"321\" data-end=\"342\"><strong data-start=\"321\" data-end=\"342\">\u00dcr\u00fcn \u00d6zellikleri:<\/strong><\/p>\n<ul>\n<li>Marka: FUNKE GERBER FG3230<\/li>\n<li>\u00d6l\u00e7\u00fcm aral\u0131\u011f\u0131: %0 \u2013 40<\/li>\n<li>Y\u00fcksek hassasiyetli ya\u011f tayini<\/li>\n<li>Dayan\u0131kl\u0131 ve uzun \u00f6m\u00fcrl\u00fc cam yap\u0131<\/li>\n<li>Kolay okunabilir skala<\/li>\n<li>Yo\u011fun kullan\u0131ma uygun profesyonel tasar\u0131m<\/li>\n<\/ul>\n<p data-start=\"541\" data-end=\"563\"><strong data-start=\"541\" data-end=\"563\">Kullan\u0131m Alanlar\u0131:<\/strong><\/p>\n<ul>\n<li>S\u00fct ve s\u00fct \u00fcr\u00fcnleri analizleri<\/li>\n<li>G\u0131da kalite kontrol laboratuvarlar\u0131<\/li>\n<li>S\u00fct ve s\u00fct \u00fcr\u00fcnleri \u00fcretim tesisleri<\/li>\n<li>E\u011fitim ve ara\u015ft\u0131rma laboratuvarlar\u0131<\/li>\n<\/ul>\n<p data-start=\"721\" data-end=\"737\"><strong data-start=\"721\" data-end=\"737\">Avantajlar\u0131:<\/strong><\/p>\n<ul data-start=\"738\" data-end=\"900\">\n<li data-section-id=\"1h7d1fk\" data-start=\"738\" data-end=\"784\">Geni\u015f \u00f6l\u00e7\u00fcm aral\u0131\u011f\u0131 ile \u00e7ok y\u00f6nl\u00fc kullan\u0131m<\/li>\n<li data-section-id=\"1q4quk3\" data-start=\"785\" data-end=\"818\">H\u0131zl\u0131 ve pratik analiz imk\u00e2n\u0131<\/li>\n<li data-section-id=\"18gucnj\" data-start=\"819\" data-end=\"850\">Do\u011fru ve g\u00fcvenilir sonu\u00e7lar<\/li>\n<li data-section-id=\"1da2omd\" data-start=\"851\" data-end=\"900\">Kalite kontrol s\u00fcre\u00e7lerinde y\u00fcksek performans<\/li>\n<\/ul>\n<p data-start=\"902\" data-end=\"1086\" data-is-last-node=\"\" data-is-only-node=\"\">S\u00fct \u00fcr\u00fcnlerinde ya\u011f analizlerini en do\u011fru \u015fekilde ger\u00e7ekle\u015ftirmek ve kaliteyi kontrol alt\u0131nda tutmak i\u00e7in FUNKE GERBER b\u00fctirometre, profesyonellerin g\u00fcvenle tercih etti\u011fi bir \u00e7\u00f6z\u00fcmd\u00fcr.<\/p>\n","protected":false},"featured_media":1517,"comment_status":"open","ping_status":"closed","template":"","meta":{"neve_meta_sidebar":"","neve_meta_container":"","neve_meta_enable_content_width":"off","neve_meta_content_width":100,"neve_meta_title_alignment":"","neve_meta_author_avatar":"","neve_post_elements_order":"","neve_meta_disable_header":"","neve_meta_disable_footer":"","neve_meta_disable_title":"","_themeisle_gutenberg_block_has_review":false},"product_brand":[],"product_cat":[37],"product_tag":[],"class_list":{"0":"post-1516","1":"product","2":"type-product","3":"status-publish","4":"has-post-thumbnail","6":"product_cat-cam","8":"first","9":"instock","10":"sale","11":"taxable","12":"shipping-taxable","13":"purchasable","14":"product-type-simple"},"_links":{"self":[{"href":"https:\/\/hbbkimya.com\/index.php?rest_route=\/wp\/v2\/product\/1516","targetHints":{"allow":["GET"]}}],"collection":[{"href":"https:\/\/hbbkimya.com\/index.php?rest_route=\/wp\/v2\/product"}],"about":[{"href":"https:\/\/hbbkimya.com\/index.php?rest_route=\/wp\/v2\/types\/product"}],"replies":[{"embeddable":true,"href":"https:\/\/hbbkimya.com\/index.php?rest_route=%2Fwp%2Fv2%2Fcomments&post=1516"}],"wp:featuredmedia":[{"embeddable":true,"href":"https:\/\/hbbkimya.com\/index.php?rest_route=\/wp\/v2\/media\/1517"}],"wp:attachment":[{"href":"https:\/\/hbbkimya.com\/index.php?rest_route=%2Fwp%2Fv2%2Fmedia&parent=1516"}],"wp:term":[{"taxonomy":"product_brand","embeddable":true,"href":"https:\/\/hbbkimya.com\/index.php?rest_route=%2Fwp%2Fv2%2Fproduct_brand&post=1516"},{"taxonomy":"product_cat","embeddable":true,"href":"https:\/\/hbbkimya.com\/index.php?rest_route=%2Fwp%2Fv2%2Fproduct_cat&post=1516"},{"taxonomy":"product_tag","embeddable":true,"href":"https:\/\/hbbkimya.com\/index.php?rest_route=%2Fwp%2Fv2%2Fproduct_tag&post=1516"}],"curies":[{"name":"wp","href":"https:\/\/api.w.org\/{rel}","templated":true}]}}