{"id":1511,"date":"2025-04-23T21:29:39","date_gmt":"2025-04-23T18:29:39","guid":{"rendered":"https:\/\/hbbkimya.com\/?post_type=product&#038;p=1511"},"modified":"2026-04-20T15:31:08","modified_gmt":"2026-04-20T12:31:08","slug":"piset-500-ml-pe-plastik-uzun-form","status":"publish","type":"product","link":"https:\/\/hbbkimya.com\/?product=piset-500-ml-pe-plastik-uzun-form","title":{"rendered":"Piset 500 ml &#8211; PE Plastik Uzun Form"},"content":{"rendered":"<p><a href=\"https:\/\/hbbkimya.com\/wp-content\/uploads\/2025\/01\/piset-plastik-damlatma-sisesi.webp\"><img loading=\"lazy\" decoding=\"async\" class=\"alignnone size-medium wp-image-1510\" src=\"https:\/\/hbbkimya.com\/wp-content\/uploads\/2025\/01\/piset-plastik-damlatma-sisesi-300x300.webp\" alt=\"\" width=\"300\" height=\"300\" srcset=\"https:\/\/hbbkimya.com\/wp-content\/uploads\/2025\/01\/piset-plastik-damlatma-sisesi-300x300.webp 300w, https:\/\/hbbkimya.com\/wp-content\/uploads\/2025\/01\/piset-plastik-damlatma-sisesi-100x100.webp 100w, https:\/\/hbbkimya.com\/wp-content\/uploads\/2025\/01\/piset-plastik-damlatma-sisesi-600x600.webp 600w, https:\/\/hbbkimya.com\/wp-content\/uploads\/2025\/01\/piset-plastik-damlatma-sisesi-150x150.webp 150w, https:\/\/hbbkimya.com\/wp-content\/uploads\/2025\/01\/piset-plastik-damlatma-sisesi-768x768.webp 768w, https:\/\/hbbkimya.com\/wp-content\/uploads\/2025\/01\/piset-plastik-damlatma-sisesi.webp 1000w\" sizes=\"auto, (max-width: 300px) 100vw, 300px\" \/><\/a><\/p>\n","protected":false},"excerpt":{"rendered":"<p>500 ml hacimlidir, 1 adet<\/p>\n<p>Kal\u0131n duvarl\u0131 ve darbelere dayan\u0131kl\u0131 yap\u0131ya sahip olmak i\u00e7in yar\u0131 sert veya \u00e7ok \u015feffaf polietilenden \u00fcretilirler.<\/p>\n<p>Yuvarlak tasarlanan boyun formu k\u0131s\u0131tlanmayan ak\u0131\u015f garantisi sa\u011flayarak boyun k\u0131sm\u0131nda s\u0131v\u0131 birikimini \u00f6nler.<\/p>\n<p>G\u00f6vdeye uygulayaca\u011f\u0131n\u0131z hafif bir bas\u0131n\u00e7 ile esnek s\u0131v\u0131 \u00e7\u0131k\u0131\u015f borusundan d\u00fcz ve ince bir s\u0131v\u0131 ak\u0131\u015f\u0131 elde edebilirsiniz.<\/p>\n<p>S\u0131v\u0131 \u00e7\u0131k\u0131\u015f borusunun ucu kesilerek, ak\u0131\u015f h\u0131z\u0131n\u0131 iste\u011finize g\u00f6re artt\u0131rabilirsiniz.<\/p>\n<p>Laboratuvarlarda pratik kullan\u0131m i\u00e7in uygundur.<\/p>\n","protected":false},"featured_media":1510,"comment_status":"open","ping_status":"closed","template":"","meta":{"neve_meta_sidebar":"","neve_meta_container":"","neve_meta_enable_content_width":"off","neve_meta_content_width":100,"neve_meta_title_alignment":"","neve_meta_author_avatar":"","neve_post_elements_order":"","neve_meta_disable_header":"","neve_meta_disable_footer":"","neve_meta_disable_title":"","_themeisle_gutenberg_block_has_review":false},"product_brand":[],"product_cat":[38],"product_tag":[],"class_list":{"0":"post-1511","1":"product","2":"type-product","3":"status-publish","4":"has-post-thumbnail","6":"product_cat-sarf-plastik","8":"first","9":"instock","10":"taxable","11":"shipping-taxable","12":"purchasable","13":"product-type-simple"},"_links":{"self":[{"href":"https:\/\/hbbkimya.com\/index.php?rest_route=\/wp\/v2\/product\/1511","targetHints":{"allow":["GET"]}}],"collection":[{"href":"https:\/\/hbbkimya.com\/index.php?rest_route=\/wp\/v2\/product"}],"about":[{"href":"https:\/\/hbbkimya.com\/index.php?rest_route=\/wp\/v2\/types\/product"}],"replies":[{"embeddable":true,"href":"https:\/\/hbbkimya.com\/index.php?rest_route=%2Fwp%2Fv2%2Fcomments&post=1511"}],"wp:featuredmedia":[{"embeddable":true,"href":"https:\/\/hbbkimya.com\/index.php?rest_route=\/wp\/v2\/media\/1510"}],"wp:attachment":[{"href":"https:\/\/hbbkimya.com\/index.php?rest_route=%2Fwp%2Fv2%2Fmedia&parent=1511"}],"wp:term":[{"taxonomy":"product_brand","embeddable":true,"href":"https:\/\/hbbkimya.com\/index.php?rest_route=%2Fwp%2Fv2%2Fproduct_brand&post=1511"},{"taxonomy":"product_cat","embeddable":true,"href":"https:\/\/hbbkimya.com\/index.php?rest_route=%2Fwp%2Fv2%2Fproduct_cat&post=1511"},{"taxonomy":"product_tag","embeddable":true,"href":"https:\/\/hbbkimya.com\/index.php?rest_route=%2Fwp%2Fv2%2Fproduct_tag&post=1511"}],"curies":[{"name":"wp","href":"https:\/\/api.w.org\/{rel}","templated":true}]}}