{"id":1507,"date":"2025-04-23T21:08:32","date_gmt":"2025-04-23T18:08:32","guid":{"rendered":"https:\/\/hbbkimya.com\/?post_type=product&#038;p=1507"},"modified":"2026-02-11T21:35:39","modified_gmt":"2026-02-11T18:35:39","slug":"tek-yollu-puar-otomatik-buret-icin","status":"publish","type":"product","link":"https:\/\/hbbkimya.com\/?product=tek-yollu-puar-otomatik-buret-icin","title":{"rendered":"Puar Tek Yollu (Otomatik B\u00fcret i\u00e7in)"},"content":{"rendered":"<p><a href=\"https:\/\/hbbkimya.com\/wp-content\/uploads\/2025\/04\/Puar-Otomatik-Buret-tek-yollu.jpg\"><img loading=\"lazy\" decoding=\"async\" class=\"alignnone size-medium wp-image-1508\" src=\"https:\/\/hbbkimya.com\/wp-content\/uploads\/2025\/04\/Puar-Otomatik-Buret-tek-yollu-300x300.jpg\" alt=\"\" width=\"300\" height=\"300\" srcset=\"https:\/\/hbbkimya.com\/wp-content\/uploads\/2025\/04\/Puar-Otomatik-Buret-tek-yollu-300x300.jpg 300w, https:\/\/hbbkimya.com\/wp-content\/uploads\/2025\/04\/Puar-Otomatik-Buret-tek-yollu-100x100.jpg 100w, https:\/\/hbbkimya.com\/wp-content\/uploads\/2025\/04\/Puar-Otomatik-Buret-tek-yollu-600x600.jpg 600w, https:\/\/hbbkimya.com\/wp-content\/uploads\/2025\/04\/Puar-Otomatik-Buret-tek-yollu-150x150.jpg 150w, https:\/\/hbbkimya.com\/wp-content\/uploads\/2025\/04\/Puar-Otomatik-Buret-tek-yollu-768x768.jpg 768w, https:\/\/hbbkimya.com\/wp-content\/uploads\/2025\/04\/Puar-Otomatik-Buret-tek-yollu.jpg 1000w\" sizes=\"auto, (max-width: 300px) 100vw, 300px\" \/><\/a><\/p>\n","protected":false},"excerpt":{"rendered":"<p data-start=\"37\" data-end=\"64\"><strong data-start=\"37\" data-end=\"55\">Paket \u0130\u00e7eri\u011fi:<\/strong> 1 adet<\/p>\n<p data-start=\"66\" data-end=\"232\">Laboratuvarlarda b\u00fcret ile g\u00fcvenli ve kontroll\u00fc s\u0131v\u0131 transferi i\u00e7in kullan\u0131lan tek yollu puard\u0131r. \u00d6zellikle otomatik b\u00fcret sistemleriyle uyumlu olarak tasarlanm\u0131\u015ft\u0131r.<\/p>\n<h3 data-start=\"234\" data-end=\"253\"><strong data-start=\"238\" data-end=\"253\">\u00d6zellikler:<\/strong><\/h3>\n<ul data-start=\"255\" data-end=\"504\">\n<li data-start=\"255\" data-end=\"306\">\n<p data-start=\"257\" data-end=\"306\">En iyi kalite <strong data-start=\"271\" data-end=\"290\">do\u011fal kau\u00e7uktan<\/strong> \u00fcretilmi\u015ftir.<\/p>\n<\/li>\n<li data-start=\"307\" data-end=\"348\">\n<p data-start=\"309\" data-end=\"348\">Dayan\u0131kl\u0131, esnek ve uzun \u00f6m\u00fcrl\u00fc yap\u0131.<\/p>\n<\/li>\n<li data-start=\"349\" data-end=\"436\">\n<p data-start=\"351\" data-end=\"436\">Boru i\u00e7 \u00e7ap\u0131, <strong data-start=\"365\" data-end=\"426\">otomatik b\u00fcretin hava giri\u015f borusunun d\u0131\u015f \u00e7ap\u0131na tam uyum<\/strong> sa\u011flar.<\/p>\n<\/li>\n<li data-start=\"437\" data-end=\"504\">\n<p data-start=\"439\" data-end=\"504\">S\u0131v\u0131 emme i\u015flemini g\u00fcvenli ve kontroll\u00fc \u015fekilde ger\u00e7ekle\u015ftirir.<\/p>\n<\/li>\n<\/ul>\n<p data-start=\"506\" data-end=\"595\" data-is-last-node=\"\" data-is-only-node=\"\">Analitik laboratuvarlarda hassas \u00e7al\u0131\u015fmalar i\u00e7in ideal ve pratik bir yard\u0131mc\u0131 ekipmand\u0131r.<\/p>\n<p>&nbsp;<\/p>\n","protected":false},"featured_media":1508,"comment_status":"open","ping_status":"closed","template":"","meta":{"neve_meta_sidebar":"","neve_meta_container":"","neve_meta_enable_content_width":"off","neve_meta_content_width":100,"neve_meta_title_alignment":"","neve_meta_author_avatar":"","neve_post_elements_order":"","neve_meta_disable_header":"","neve_meta_disable_footer":"","neve_meta_disable_title":"","_themeisle_gutenberg_block_has_review":false},"product_brand":[],"product_cat":[38],"product_tag":[],"class_list":{"0":"post-1507","1":"product","2":"type-product","3":"status-publish","4":"has-post-thumbnail","6":"product_cat-sarf-plastik","8":"first","9":"instock","10":"taxable","11":"shipping-taxable","12":"purchasable","13":"product-type-simple"},"_links":{"self":[{"href":"https:\/\/hbbkimya.com\/index.php?rest_route=\/wp\/v2\/product\/1507","targetHints":{"allow":["GET"]}}],"collection":[{"href":"https:\/\/hbbkimya.com\/index.php?rest_route=\/wp\/v2\/product"}],"about":[{"href":"https:\/\/hbbkimya.com\/index.php?rest_route=\/wp\/v2\/types\/product"}],"replies":[{"embeddable":true,"href":"https:\/\/hbbkimya.com\/index.php?rest_route=%2Fwp%2Fv2%2Fcomments&post=1507"}],"wp:featuredmedia":[{"embeddable":true,"href":"https:\/\/hbbkimya.com\/index.php?rest_route=\/wp\/v2\/media\/1508"}],"wp:attachment":[{"href":"https:\/\/hbbkimya.com\/index.php?rest_route=%2Fwp%2Fv2%2Fmedia&parent=1507"}],"wp:term":[{"taxonomy":"product_brand","embeddable":true,"href":"https:\/\/hbbkimya.com\/index.php?rest_route=%2Fwp%2Fv2%2Fproduct_brand&post=1507"},{"taxonomy":"product_cat","embeddable":true,"href":"https:\/\/hbbkimya.com\/index.php?rest_route=%2Fwp%2Fv2%2Fproduct_cat&post=1507"},{"taxonomy":"product_tag","embeddable":true,"href":"https:\/\/hbbkimya.com\/index.php?rest_route=%2Fwp%2Fv2%2Fproduct_tag&post=1507"}],"curies":[{"name":"wp","href":"https:\/\/api.w.org\/{rel}","templated":true}]}}