{"id":1500,"date":"2025-04-22T10:43:47","date_gmt":"2025-04-22T07:43:47","guid":{"rendered":"https:\/\/hbbkimya.com\/?post_type=product&#038;p=1500"},"modified":"2025-08-23T22:16:17","modified_gmt":"2025-08-23T19:16:17","slug":"nitrik-asit-saf-chem-pure-55-57-5-litre","status":"publish","type":"product","link":"https:\/\/hbbkimya.com\/?product=nitrik-asit-saf-chem-pure-55-57-5-litre","title":{"rendered":"Nitrik Asit %55-57 Chem Pure 5 litre"},"content":{"rendered":"<p><a href=\"https:\/\/hbbkimya.com\/wp-content\/uploads\/2025\/04\/nitrik-asit-kezzap-nitric-acid-kral-suyu-scaled.jpeg\"><img loading=\"lazy\" decoding=\"async\" class=\"alignnone size-medium wp-image-1501\" src=\"https:\/\/hbbkimya.com\/wp-content\/uploads\/2025\/04\/nitrik-asit-kezzap-nitric-acid-kral-suyu-219x300.jpeg\" alt=\"\" width=\"219\" height=\"300\" srcset=\"https:\/\/hbbkimya.com\/wp-content\/uploads\/2025\/04\/nitrik-asit-kezzap-nitric-acid-kral-suyu-219x300.jpeg 219w, https:\/\/hbbkimya.com\/wp-content\/uploads\/2025\/04\/nitrik-asit-kezzap-nitric-acid-kral-suyu-scaled-600x821.jpeg 600w, https:\/\/hbbkimya.com\/wp-content\/uploads\/2025\/04\/nitrik-asit-kezzap-nitric-acid-kral-suyu-748x1024.jpeg 748w, https:\/\/hbbkimya.com\/wp-content\/uploads\/2025\/04\/nitrik-asit-kezzap-nitric-acid-kral-suyu-768x1051.jpeg 768w, https:\/\/hbbkimya.com\/wp-content\/uploads\/2025\/04\/nitrik-asit-kezzap-nitric-acid-kral-suyu-1122x1536.jpeg 1122w, https:\/\/hbbkimya.com\/wp-content\/uploads\/2025\/04\/nitrik-asit-kezzap-nitric-acid-kral-suyu-1496x2048.jpeg 1496w, https:\/\/hbbkimya.com\/wp-content\/uploads\/2025\/04\/nitrik-asit-kezzap-nitric-acid-kral-suyu-scaled.jpeg 1870w\" sizes=\"auto, (max-width: 219px) 100vw, 219px\" \/><\/a><\/p>\n","protected":false},"excerpt":{"rendered":"<p>Form\u00fcl:\u00a0HNO\u2083\u00a0 \u00a0 \u00a0 \u00a0Yo\u011funluk:\u00a01,51\u00a0g\/cm\u00b3<\/p>\n<p>m\u00fcrekkep ve boyar maddelerde pigment olarak kullan\u0131l\u0131r.<\/p>\n<p>ayr\u0131ca\u00a0kuvvetli bir oksitleyici madde\u00a0olarak da yayg\u0131n \u015fekilde kullan\u0131lmaktad\u0131r.<\/p>\n<p>Laboratuvarlarda analiz ve te\u015fhis maksatl\u0131 kullan\u0131lmaktad\u0131r.<\/p>\n","protected":false},"featured_media":1722,"comment_status":"open","ping_status":"closed","template":"","meta":{"neve_meta_sidebar":"","neve_meta_container":"","neve_meta_enable_content_width":"off","neve_meta_content_width":100,"neve_meta_title_alignment":"","neve_meta_author_avatar":"","neve_post_elements_order":"","neve_meta_disable_header":"","neve_meta_disable_footer":"","neve_meta_disable_title":"","_themeisle_gutenberg_block_has_review":false},"product_brand":[65],"product_cat":[45],"product_tag":[],"class_list":{"0":"post-1500","1":"product","2":"type-product","3":"status-publish","4":"has-post-thumbnail","6":"product_brand-hbbchem","7":"product_cat-sivi-kimyasallar","9":"first","10":"instock","11":"taxable","12":"shipping-taxable","13":"purchasable","14":"product-type-simple"},"_links":{"self":[{"href":"https:\/\/hbbkimya.com\/index.php?rest_route=\/wp\/v2\/product\/1500","targetHints":{"allow":["GET"]}}],"collection":[{"href":"https:\/\/hbbkimya.com\/index.php?rest_route=\/wp\/v2\/product"}],"about":[{"href":"https:\/\/hbbkimya.com\/index.php?rest_route=\/wp\/v2\/types\/product"}],"replies":[{"embeddable":true,"href":"https:\/\/hbbkimya.com\/index.php?rest_route=%2Fwp%2Fv2%2Fcomments&post=1500"}],"wp:featuredmedia":[{"embeddable":true,"href":"https:\/\/hbbkimya.com\/index.php?rest_route=\/wp\/v2\/media\/1722"}],"wp:attachment":[{"href":"https:\/\/hbbkimya.com\/index.php?rest_route=%2Fwp%2Fv2%2Fmedia&parent=1500"}],"wp:term":[{"taxonomy":"product_brand","embeddable":true,"href":"https:\/\/hbbkimya.com\/index.php?rest_route=%2Fwp%2Fv2%2Fproduct_brand&post=1500"},{"taxonomy":"product_cat","embeddable":true,"href":"https:\/\/hbbkimya.com\/index.php?rest_route=%2Fwp%2Fv2%2Fproduct_cat&post=1500"},{"taxonomy":"product_tag","embeddable":true,"href":"https:\/\/hbbkimya.com\/index.php?rest_route=%2Fwp%2Fv2%2Fproduct_tag&post=1500"}],"curies":[{"name":"wp","href":"https:\/\/api.w.org\/{rel}","templated":true}]}}