{"id":1435,"date":"2025-03-10T12:05:44","date_gmt":"2025-03-10T09:05:44","guid":{"rendered":"https:\/\/hbbkimya.com\/?post_type=product&#038;p=1435"},"modified":"2026-04-12T17:40:31","modified_gmt":"2026-04-12T14:40:31","slug":"lam-lamel-seti-50adet-duz-lam-100adet-18x18-lamel","status":"publish","type":"product","link":"https:\/\/hbbkimya.com\/?product=lam-lamel-seti-50adet-duz-lam-100adet-18x18-lamel","title":{"rendered":"Lam Lamel Seti"},"content":{"rendered":"<p><a href=\"https:\/\/hbbkimya.com\/wp-content\/uploads\/2025\/03\/lam-lamel-seti-biyoloji-mikroskop-rodajli-lam-18x18-lamel.webp\"><img loading=\"lazy\" decoding=\"async\" class=\"alignnone size-medium wp-image-1436\" src=\"https:\/\/hbbkimya.com\/wp-content\/uploads\/2025\/03\/lam-lamel-seti-biyoloji-mikroskop-rodajli-lam-18x18-lamel-300x300.webp\" alt=\"\" width=\"300\" height=\"300\" srcset=\"https:\/\/hbbkimya.com\/wp-content\/uploads\/2025\/03\/lam-lamel-seti-biyoloji-mikroskop-rodajli-lam-18x18-lamel-300x300.webp 300w, https:\/\/hbbkimya.com\/wp-content\/uploads\/2025\/03\/lam-lamel-seti-biyoloji-mikroskop-rodajli-lam-18x18-lamel-100x100.webp 100w, https:\/\/hbbkimya.com\/wp-content\/uploads\/2025\/03\/lam-lamel-seti-biyoloji-mikroskop-rodajli-lam-18x18-lamel-600x600.webp 600w, https:\/\/hbbkimya.com\/wp-content\/uploads\/2025\/03\/lam-lamel-seti-biyoloji-mikroskop-rodajli-lam-18x18-lamel-1024x1024.webp 1024w, https:\/\/hbbkimya.com\/wp-content\/uploads\/2025\/03\/lam-lamel-seti-biyoloji-mikroskop-rodajli-lam-18x18-lamel-150x150.webp 150w, https:\/\/hbbkimya.com\/wp-content\/uploads\/2025\/03\/lam-lamel-seti-biyoloji-mikroskop-rodajli-lam-18x18-lamel-768x768.webp 768w, https:\/\/hbbkimya.com\/wp-content\/uploads\/2025\/03\/lam-lamel-seti-biyoloji-mikroskop-rodajli-lam-18x18-lamel.webp 1500w\" sizes=\"auto, (max-width: 300px) 100vw, 300px\" \/><\/a><\/p>\n","protected":false},"excerpt":{"rendered":"<p data-start=\"0\" data-end=\"70\"><strong data-start=\"0\" data-end=\"70\">Mikroskop Lam &amp; Lamel Seti (50 Adet Lam + 100 Adet 18&#215;18 mm Lamel)<\/strong><\/p>\n<p data-start=\"72\" data-end=\"335\">Laboratuvar ve mikroskobik analizler i\u00e7in \u00f6zel olarak \u00fcretilmi\u015f bu set, y\u00fcksek optik kalite ve dayan\u0131kl\u0131l\u0131\u011f\u0131 bir arada sunar. Hidrolitik s\u0131n\u0131f I borosilikat camdan \u00fcretilmi\u015f lam ve lameller, \u00fcst\u00fcn \u015feffafl\u0131k sayesinde net ve do\u011fru g\u00f6zlemler yapman\u0131za olanak tan\u0131r.<\/p>\n<p data-start=\"337\" data-end=\"358\"><strong data-start=\"337\" data-end=\"358\">\u00dcr\u00fcn \u00d6zellikleri:<\/strong><\/p>\n<ul data-start=\"359\" data-end=\"632\">\n<li data-section-id=\"1tobdf5\" data-start=\"359\" data-end=\"427\">Set i\u00e7eri\u011fi:\n<ul data-start=\"378\" data-end=\"427\">\n<li data-section-id=\"1c6kukb\" data-start=\"378\" data-end=\"397\">50 adet d\u00fcz lam<\/li>\n<li data-section-id=\"1maf7rw\" data-start=\"400\" data-end=\"427\">100 adet 18&#215;18 mm lamel<\/li>\n<\/ul>\n<\/li>\n<li data-section-id=\"plnjb6\" data-start=\"428\" data-end=\"475\">Malzeme: Hidrolitik s\u0131n\u0131f I borosilikat cam<\/li>\n<li data-section-id=\"samlr1\" data-start=\"476\" data-end=\"503\">Y\u00fcksek kimyasal dayan\u0131m<\/li>\n<li data-section-id=\"69j513\" data-start=\"504\" data-end=\"544\">M\u00fckemmel optik \u015feffafl\u0131k (beyaz cam)<\/li>\n<li data-section-id=\"1h2j8sd\" data-start=\"545\" data-end=\"595\">P\u00fcr\u00fczs\u00fcz y\u00fczey ile kaliteli preparat haz\u0131rlama<\/li>\n<li data-section-id=\"19gv9lk\" data-start=\"596\" data-end=\"632\">Standart \u00f6l\u00e7\u00fclerde hassas \u00fcretim<\/li>\n<\/ul>\n<p data-start=\"634\" data-end=\"647\"><strong data-start=\"634\" data-end=\"647\">Standart:<\/strong><\/p>\n<ul data-start=\"648\" data-end=\"687\">\n<li data-section-id=\"1v96a0u\" data-start=\"648\" data-end=\"687\">DIN ISO 8255-1 standard\u0131na uygundur<\/li>\n<\/ul>\n<p data-start=\"689\" data-end=\"711\"><strong data-start=\"689\" data-end=\"711\">Kullan\u0131m Alanlar\u0131:<\/strong><\/p>\n<ul data-start=\"712\" data-end=\"838\">\n<li data-section-id=\"cnuu2e\" data-start=\"712\" data-end=\"739\">Mikroskobik incelemeler<\/li>\n<li data-section-id=\"1jma18c\" data-start=\"740\" data-end=\"766\">Laboratuvar analizleri<\/li>\n<li data-section-id=\"1ppnjbc\" data-start=\"767\" data-end=\"802\">E\u011fitim ve ara\u015ft\u0131rma \u00e7al\u0131\u015fmalar\u0131<\/li>\n<li data-section-id=\"1mh2t2n\" data-start=\"803\" data-end=\"838\">Klinik ve biyolojik uygulamalar<\/li>\n<\/ul>\n<p data-start=\"840\" data-end=\"950\" data-is-last-node=\"\" data-is-only-node=\"\">Profesyonel kullan\u0131m i\u00e7in ideal olan bu lam &amp; lamel seti, g\u00fcvenilir sonu\u00e7lar ve y\u00fcksek g\u00f6r\u00fcnt\u00fc kalitesi sunar.<\/p>\n","protected":false},"featured_media":1436,"comment_status":"open","ping_status":"closed","template":"","meta":{"neve_meta_sidebar":"","neve_meta_container":"","neve_meta_enable_content_width":"off","neve_meta_content_width":100,"neve_meta_title_alignment":"","neve_meta_author_avatar":"","neve_post_elements_order":"","neve_meta_disable_header":"","neve_meta_disable_footer":"","neve_meta_disable_title":"","_themeisle_gutenberg_block_has_review":false},"product_brand":[],"product_cat":[37],"product_tag":[],"class_list":{"0":"post-1435","1":"product","2":"type-product","3":"status-publish","4":"has-post-thumbnail","6":"product_cat-cam","8":"first","9":"instock","10":"taxable","11":"shipping-taxable","12":"purchasable","13":"product-type-simple"},"_links":{"self":[{"href":"https:\/\/hbbkimya.com\/index.php?rest_route=\/wp\/v2\/product\/1435","targetHints":{"allow":["GET"]}}],"collection":[{"href":"https:\/\/hbbkimya.com\/index.php?rest_route=\/wp\/v2\/product"}],"about":[{"href":"https:\/\/hbbkimya.com\/index.php?rest_route=\/wp\/v2\/types\/product"}],"replies":[{"embeddable":true,"href":"https:\/\/hbbkimya.com\/index.php?rest_route=%2Fwp%2Fv2%2Fcomments&post=1435"}],"wp:featuredmedia":[{"embeddable":true,"href":"https:\/\/hbbkimya.com\/index.php?rest_route=\/wp\/v2\/media\/1436"}],"wp:attachment":[{"href":"https:\/\/hbbkimya.com\/index.php?rest_route=%2Fwp%2Fv2%2Fmedia&parent=1435"}],"wp:term":[{"taxonomy":"product_brand","embeddable":true,"href":"https:\/\/hbbkimya.com\/index.php?rest_route=%2Fwp%2Fv2%2Fproduct_brand&post=1435"},{"taxonomy":"product_cat","embeddable":true,"href":"https:\/\/hbbkimya.com\/index.php?rest_route=%2Fwp%2Fv2%2Fproduct_cat&post=1435"},{"taxonomy":"product_tag","embeddable":true,"href":"https:\/\/hbbkimya.com\/index.php?rest_route=%2Fwp%2Fv2%2Fproduct_tag&post=1435"}],"curies":[{"name":"wp","href":"https:\/\/api.w.org\/{rel}","templated":true}]}}