{"id":1415,"date":"2025-03-06T15:18:03","date_gmt":"2025-03-06T12:18:03","guid":{"rendered":"https:\/\/hbbkimya.com\/?post_type=product&#038;p=1415"},"modified":"2026-04-20T13:15:37","modified_gmt":"2026-04-20T10:15:37","slug":"nitrat-test-kiti-kolorimetrik","status":"publish","type":"product","link":"https:\/\/hbbkimya.com\/?product=nitrat-test-kiti-kolorimetrik","title":{"rendered":"Nitrat Test Kiti ( 0 &#8211; 100 ppm)"},"content":{"rendered":"<p><a href=\"https:\/\/hbbkimya.com\/wp-content\/uploads\/2025\/03\/nitrat-test-kiti-kolorimetrik-su-test.jpg\"><img loading=\"lazy\" decoding=\"async\" class=\"alignnone size-medium wp-image-1416\" src=\"https:\/\/hbbkimya.com\/wp-content\/uploads\/2025\/03\/nitrat-test-kiti-kolorimetrik-su-test-300x200.jpg\" alt=\"\" width=\"300\" height=\"200\" srcset=\"https:\/\/hbbkimya.com\/wp-content\/uploads\/2025\/03\/nitrat-test-kiti-kolorimetrik-su-test-300x200.jpg 300w, https:\/\/hbbkimya.com\/wp-content\/uploads\/2025\/03\/nitrat-test-kiti-kolorimetrik-su-test-600x400.jpg 600w, https:\/\/hbbkimya.com\/wp-content\/uploads\/2025\/03\/nitrat-test-kiti-kolorimetrik-su-test-768x512.jpg 768w, https:\/\/hbbkimya.com\/wp-content\/uploads\/2025\/03\/nitrat-test-kiti-kolorimetrik-su-test-930x620.jpg 930w, https:\/\/hbbkimya.com\/wp-content\/uploads\/2025\/03\/nitrat-test-kiti-kolorimetrik-su-test.jpg 1004w\" sizes=\"auto, (max-width: 300px) 100vw, 300px\" \/><\/a><\/p>\n","protected":false},"excerpt":{"rendered":"<p>Test Edilecek Numune: Su<\/p>\n<p>\u00d6l\u00e7\u00fcm Y\u00f6ntemi:: Kolorimetrik<\/p>\n<p>Test Say\u0131s\u0131: 100 Test<\/p>\n<p>\u00d6l\u00e7\u00fcm Aral\u0131\u011f\u0131: 10 &#8211; 20 &#8211; 30 &#8211; 50 &#8211; 100 ppm Nitrat<\/p>\n<p>Tespit Limiti :10 ppm Nitrat<\/p>\n<p>Laboratuvarda analiz ve tahlil maksatl\u0131 kullan\u0131lmaktad\u0131r.<\/p>\n","protected":false},"featured_media":1416,"comment_status":"open","ping_status":"closed","template":"","meta":{"neve_meta_sidebar":"","neve_meta_container":"","neve_meta_enable_content_width":"off","neve_meta_content_width":100,"neve_meta_title_alignment":"","neve_meta_author_avatar":"","neve_post_elements_order":"","neve_meta_disable_header":"","neve_meta_disable_footer":"","neve_meta_disable_title":"","_themeisle_gutenberg_block_has_review":false},"product_brand":[69],"product_cat":[40],"product_tag":[],"class_list":{"0":"post-1415","1":"product","2":"type-product","3":"status-publish","4":"has-post-thumbnail","6":"product_brand-chembio","7":"product_cat-test-kitleri-stripleri","9":"first","10":"instock","11":"sale","12":"taxable","13":"shipping-taxable","14":"purchasable","15":"product-type-simple"},"_links":{"self":[{"href":"https:\/\/hbbkimya.com\/index.php?rest_route=\/wp\/v2\/product\/1415","targetHints":{"allow":["GET"]}}],"collection":[{"href":"https:\/\/hbbkimya.com\/index.php?rest_route=\/wp\/v2\/product"}],"about":[{"href":"https:\/\/hbbkimya.com\/index.php?rest_route=\/wp\/v2\/types\/product"}],"replies":[{"embeddable":true,"href":"https:\/\/hbbkimya.com\/index.php?rest_route=%2Fwp%2Fv2%2Fcomments&post=1415"}],"wp:featuredmedia":[{"embeddable":true,"href":"https:\/\/hbbkimya.com\/index.php?rest_route=\/wp\/v2\/media\/1416"}],"wp:attachment":[{"href":"https:\/\/hbbkimya.com\/index.php?rest_route=%2Fwp%2Fv2%2Fmedia&parent=1415"}],"wp:term":[{"taxonomy":"product_brand","embeddable":true,"href":"https:\/\/hbbkimya.com\/index.php?rest_route=%2Fwp%2Fv2%2Fproduct_brand&post=1415"},{"taxonomy":"product_cat","embeddable":true,"href":"https:\/\/hbbkimya.com\/index.php?rest_route=%2Fwp%2Fv2%2Fproduct_cat&post=1415"},{"taxonomy":"product_tag","embeddable":true,"href":"https:\/\/hbbkimya.com\/index.php?rest_route=%2Fwp%2Fv2%2Fproduct_tag&post=1415"}],"curies":[{"name":"wp","href":"https:\/\/api.w.org\/{rel}","templated":true}]}}