{"id":1409,"date":"2025-03-05T17:14:29","date_gmt":"2025-03-05T14:14:29","guid":{"rendered":"https:\/\/hbbkimya.com\/?post_type=product&#038;p=1409"},"modified":"2026-04-14T14:39:37","modified_gmt":"2026-04-14T11:39:37","slug":"gumus-nitrat-cozeltisi-0-1n-0-1m-500-ml","status":"publish","type":"product","link":"https:\/\/hbbkimya.com\/?product=gumus-nitrat-cozeltisi-0-1n-0-1m-500-ml","title":{"rendered":"G\u00fcm\u00fc\u015f Nitrat \u00c7\u00f6zeltisi 0.1N (0.1M) 500 ml"},"content":{"rendered":"<p><a href=\"https:\/\/hbbkimya.com\/wp-content\/uploads\/2025\/03\/gumus-nitrat-cozeltisi-01N-silver-nitrate-solution-01-n-scaled.jpeg\"><img loading=\"lazy\" decoding=\"async\" class=\"alignnone size-medium wp-image-1408\" src=\"https:\/\/hbbkimya.com\/wp-content\/uploads\/2025\/03\/gumus-nitrat-cozeltisi-01N-silver-nitrate-solution-01-n-225x300.jpeg\" alt=\"\" width=\"225\" height=\"300\" srcset=\"https:\/\/hbbkimya.com\/wp-content\/uploads\/2025\/03\/gumus-nitrat-cozeltisi-01N-silver-nitrate-solution-01-n-225x300.jpeg 225w, https:\/\/hbbkimya.com\/wp-content\/uploads\/2025\/03\/gumus-nitrat-cozeltisi-01N-silver-nitrate-solution-01-n-scaled-600x800.jpeg 600w, https:\/\/hbbkimya.com\/wp-content\/uploads\/2025\/03\/gumus-nitrat-cozeltisi-01N-silver-nitrate-solution-01-n-768x1024.jpeg 768w, https:\/\/hbbkimya.com\/wp-content\/uploads\/2025\/03\/gumus-nitrat-cozeltisi-01N-silver-nitrate-solution-01-n-1152x1536.jpeg 1152w, https:\/\/hbbkimya.com\/wp-content\/uploads\/2025\/03\/gumus-nitrat-cozeltisi-01N-silver-nitrate-solution-01-n-1536x2048.jpeg 1536w, https:\/\/hbbkimya.com\/wp-content\/uploads\/2025\/03\/gumus-nitrat-cozeltisi-01N-silver-nitrate-solution-01-n-scaled.jpeg 1920w\" sizes=\"auto, (max-width: 225px) 100vw, 225px\" \/><\/a><\/p>\n","protected":false},"excerpt":{"rendered":"<ul>\n<li>Silver Nitrate 0.1 N (0.1 M) Solution<\/li>\n<li>AgNo3, 0.1 N<\/li>\n<li>500 mllik ambalajdad\u0131r.<\/li>\n<li>Analizlerde, deneylerde, kimya ve kalite kontrol laboratuvar\u0131nda analiz maksatl\u0131 kullan\u0131lmaktad\u0131r.<\/li>\n<\/ul>\n","protected":false},"featured_media":1408,"comment_status":"open","ping_status":"closed","template":"","meta":{"neve_meta_sidebar":"","neve_meta_container":"","neve_meta_enable_content_width":"off","neve_meta_content_width":100,"neve_meta_title_alignment":"","neve_meta_author_avatar":"","neve_post_elements_order":"","neve_meta_disable_header":"","neve_meta_disable_footer":"","neve_meta_disable_title":"","_themeisle_gutenberg_block_has_review":false},"product_brand":[65],"product_cat":[46],"product_tag":[],"class_list":{"0":"post-1409","1":"product","2":"type-product","3":"status-publish","4":"has-post-thumbnail","6":"product_brand-hbbchem","7":"product_cat-cozeltiler-solusyonlar","9":"first","10":"instock","11":"taxable","12":"shipping-taxable","13":"purchasable","14":"product-type-simple"},"_links":{"self":[{"href":"https:\/\/hbbkimya.com\/index.php?rest_route=\/wp\/v2\/product\/1409","targetHints":{"allow":["GET"]}}],"collection":[{"href":"https:\/\/hbbkimya.com\/index.php?rest_route=\/wp\/v2\/product"}],"about":[{"href":"https:\/\/hbbkimya.com\/index.php?rest_route=\/wp\/v2\/types\/product"}],"replies":[{"embeddable":true,"href":"https:\/\/hbbkimya.com\/index.php?rest_route=%2Fwp%2Fv2%2Fcomments&post=1409"}],"wp:featuredmedia":[{"embeddable":true,"href":"https:\/\/hbbkimya.com\/index.php?rest_route=\/wp\/v2\/media\/1408"}],"wp:attachment":[{"href":"https:\/\/hbbkimya.com\/index.php?rest_route=%2Fwp%2Fv2%2Fmedia&parent=1409"}],"wp:term":[{"taxonomy":"product_brand","embeddable":true,"href":"https:\/\/hbbkimya.com\/index.php?rest_route=%2Fwp%2Fv2%2Fproduct_brand&post=1409"},{"taxonomy":"product_cat","embeddable":true,"href":"https:\/\/hbbkimya.com\/index.php?rest_route=%2Fwp%2Fv2%2Fproduct_cat&post=1409"},{"taxonomy":"product_tag","embeddable":true,"href":"https:\/\/hbbkimya.com\/index.php?rest_route=%2Fwp%2Fv2%2Fproduct_tag&post=1409"}],"curies":[{"name":"wp","href":"https:\/\/api.w.org\/{rel}","templated":true}]}}