{"id":1399,"date":"2025-03-03T17:11:01","date_gmt":"2025-03-03T14:11:01","guid":{"rendered":"https:\/\/hbbkimya.com\/?post_type=product&#038;p=1399"},"modified":"2025-08-23T22:15:50","modified_gmt":"2025-08-23T19:15:50","slug":"iso-amil-alkol-sentez-ve-sut-testi-icin","status":"publish","type":"product","link":"https:\/\/hbbkimya.com\/?product=iso-amil-alkol-sentez-ve-sut-testi-icin","title":{"rendered":"\u0130so Amil Alkol (Sentez ve S\u00fct Testi i\u00e7in) 1 Litre"},"content":{"rendered":"<p><a href=\"https:\/\/hbbkimya.com\/wp-content\/uploads\/2025\/03\/amyl-alchol-amil-alkol-sut-sentezi.webp\"><img loading=\"lazy\" decoding=\"async\" class=\"alignnone size-medium wp-image-1400\" src=\"https:\/\/hbbkimya.com\/wp-content\/uploads\/2025\/03\/amyl-alchol-amil-alkol-sut-sentezi-300x166.webp\" alt=\"\" width=\"300\" height=\"166\" srcset=\"https:\/\/hbbkimya.com\/wp-content\/uploads\/2025\/03\/amyl-alchol-amil-alkol-sut-sentezi-300x166.webp 300w, https:\/\/hbbkimya.com\/wp-content\/uploads\/2025\/03\/amyl-alchol-amil-alkol-sut-sentezi-600x331.webp 600w, https:\/\/hbbkimya.com\/wp-content\/uploads\/2025\/03\/amyl-alchol-amil-alkol-sut-sentezi-1024x565.webp 1024w, https:\/\/hbbkimya.com\/wp-content\/uploads\/2025\/03\/amyl-alchol-amil-alkol-sut-sentezi-768x424.webp 768w, https:\/\/hbbkimya.com\/wp-content\/uploads\/2025\/03\/amyl-alchol-amil-alkol-sut-sentezi.webp 1500w\" sizes=\"auto, (max-width: 300px) 100vw, 300px\" \/><\/a><\/p>\n","protected":false},"excerpt":{"rendered":"<p>1 Litrelik ambalajdad\u0131r.<\/p>\n<p>S\u00fctte ya\u011f tayininde kullan\u0131l\u0131r.<\/p>\n<p>Laboratuvarda analiz ve tahlil maksatl\u0131 kullan\u0131lmaktad\u0131r.<\/p>\n","protected":false},"featured_media":1400,"comment_status":"open","ping_status":"closed","template":"","meta":{"neve_meta_sidebar":"","neve_meta_container":"","neve_meta_enable_content_width":"off","neve_meta_content_width":100,"neve_meta_title_alignment":"","neve_meta_author_avatar":"","neve_post_elements_order":"","neve_meta_disable_header":"","neve_meta_disable_footer":"","neve_meta_disable_title":"","_themeisle_gutenberg_block_has_review":false},"product_brand":[65],"product_cat":[45],"product_tag":[],"class_list":{"0":"post-1399","1":"product","2":"type-product","3":"status-publish","4":"has-post-thumbnail","6":"product_brand-hbbchem","7":"product_cat-sivi-kimyasallar","9":"first","10":"instock","11":"sale","12":"taxable","13":"shipping-taxable","14":"purchasable","15":"product-type-simple"},"_links":{"self":[{"href":"https:\/\/hbbkimya.com\/index.php?rest_route=\/wp\/v2\/product\/1399","targetHints":{"allow":["GET"]}}],"collection":[{"href":"https:\/\/hbbkimya.com\/index.php?rest_route=\/wp\/v2\/product"}],"about":[{"href":"https:\/\/hbbkimya.com\/index.php?rest_route=\/wp\/v2\/types\/product"}],"replies":[{"embeddable":true,"href":"https:\/\/hbbkimya.com\/index.php?rest_route=%2Fwp%2Fv2%2Fcomments&post=1399"}],"wp:featuredmedia":[{"embeddable":true,"href":"https:\/\/hbbkimya.com\/index.php?rest_route=\/wp\/v2\/media\/1400"}],"wp:attachment":[{"href":"https:\/\/hbbkimya.com\/index.php?rest_route=%2Fwp%2Fv2%2Fmedia&parent=1399"}],"wp:term":[{"taxonomy":"product_brand","embeddable":true,"href":"https:\/\/hbbkimya.com\/index.php?rest_route=%2Fwp%2Fv2%2Fproduct_brand&post=1399"},{"taxonomy":"product_cat","embeddable":true,"href":"https:\/\/hbbkimya.com\/index.php?rest_route=%2Fwp%2Fv2%2Fproduct_cat&post=1399"},{"taxonomy":"product_tag","embeddable":true,"href":"https:\/\/hbbkimya.com\/index.php?rest_route=%2Fwp%2Fv2%2Fproduct_tag&post=1399"}],"curies":[{"name":"wp","href":"https:\/\/api.w.org\/{rel}","templated":true}]}}