{"id":1386,"date":"2025-03-02T22:23:56","date_gmt":"2025-03-02T19:23:56","guid":{"rendered":"https:\/\/hbbkimya.com\/?post_type=product&#038;p=1386"},"modified":"2026-04-12T19:14:54","modified_gmt":"2026-04-12T16:14:54","slug":"mantolu-balon-isitici-1000ml-hm001","status":"publish","type":"product","link":"https:\/\/hbbkimya.com\/?product=mantolu-balon-isitici-1000ml-hm001","title":{"rendered":"Mantolu Balon Is\u0131t\u0131c\u0131 1000 ml HM001"},"content":{"rendered":"<p><a href=\"https:\/\/hbbkimya.com\/wp-content\/uploads\/2025\/03\/thermomac-mantolu-balon-isitici-1000ml-heating-mantle-.webp\"><img loading=\"lazy\" decoding=\"async\" class=\"alignnone size-medium wp-image-1387\" src=\"https:\/\/hbbkimya.com\/wp-content\/uploads\/2025\/03\/thermomac-mantolu-balon-isitici-1000ml-heating-mantle--252x300.webp\" alt=\"\" width=\"252\" height=\"300\" srcset=\"https:\/\/hbbkimya.com\/wp-content\/uploads\/2025\/03\/thermomac-mantolu-balon-isitici-1000ml-heating-mantle--252x300.webp 252w, https:\/\/hbbkimya.com\/wp-content\/uploads\/2025\/03\/thermomac-mantolu-balon-isitici-1000ml-heating-mantle--600x714.webp 600w, https:\/\/hbbkimya.com\/wp-content\/uploads\/2025\/03\/thermomac-mantolu-balon-isitici-1000ml-heating-mantle--860x1024.webp 860w, https:\/\/hbbkimya.com\/wp-content\/uploads\/2025\/03\/thermomac-mantolu-balon-isitici-1000ml-heating-mantle--768x914.webp 768w, https:\/\/hbbkimya.com\/wp-content\/uploads\/2025\/03\/thermomac-mantolu-balon-isitici-1000ml-heating-mantle-.webp 1075w\" sizes=\"auto, (max-width: 252px) 100vw, 252px\" \/><\/a><\/p>\n","protected":false},"excerpt":{"rendered":"<p><strong>TEKN\u0130K \u00d6ZELL\u0130KLER<\/strong><\/p>\n<table style=\"font-weight: 400;\" width=\"0\">\n<tbody>\n<tr>\n<td width=\"180\">Model<\/td>\n<td width=\"263\">HM001<\/td>\n<\/tr>\n<tr>\n<td width=\"180\">Flask Kapasitesi<\/td>\n<td width=\"263\">1000ml<\/td>\n<\/tr>\n<tr>\n<td width=\"180\">D\u0131\u015f Ebat,mm<\/td>\n<td width=\"263\">260\u00d7260\u00d7200<\/td>\n<\/tr>\n<tr>\n<td width=\"180\">Ambalaj boyutu,mm<\/td>\n<td width=\"263\">290\u00d7290\u00d7220<\/td>\n<\/tr>\n<tr>\n<td width=\"180\">Voltaj,V<\/td>\n<td width=\"263\">220V, 50Hz<\/td>\n<\/tr>\n<tr>\n<td width=\"180\">Mak. Kulan\u0131lan S\u0131cakl\u0131k. \u2070C<\/td>\n<td width=\"263\">450\u2070C<\/td>\n<\/tr>\n<tr>\n<td width=\"180\">G\u00fc\u00e7<\/td>\n<td width=\"263\">350 W<\/td>\n<\/tr>\n<\/tbody>\n<\/table>\n<p>Balon Is\u0131t\u0131c\u0131lar; Kimya, g\u0131da, ila\u00e7, tekstil, boya, petro kimya, ka\u011f\u0131t ve benzeri sekt\u00f6rlerin ara\u015ft\u0131rma ve kalite kontrol laboratuvarlar\u0131n da\u00a0muhtelif hacimdeki cam balonlar\u0131n i\u00e7ine konulan s\u0131v\u0131lar\u0131n \u0131s\u0131t\u0131lmas\u0131 i\u015fleminde kullan\u0131l\u0131r.<\/p>\n","protected":false},"featured_media":1387,"comment_status":"open","ping_status":"closed","template":"","meta":{"neve_meta_sidebar":"","neve_meta_container":"","neve_meta_enable_content_width":"off","neve_meta_content_width":100,"neve_meta_title_alignment":"","neve_meta_author_avatar":"","neve_post_elements_order":"","neve_meta_disable_header":"","neve_meta_disable_footer":"","neve_meta_disable_title":"","_themeisle_gutenberg_block_has_review":false},"product_brand":[],"product_cat":[53],"product_tag":[],"class_list":{"0":"post-1386","1":"product","2":"type-product","3":"status-publish","4":"has-post-thumbnail","6":"product_cat-balon-mantolu-isiticilar","8":"first","9":"outofstock","10":"sale","11":"taxable","12":"shipping-taxable","13":"purchasable","14":"product-type-simple"},"_links":{"self":[{"href":"https:\/\/hbbkimya.com\/index.php?rest_route=\/wp\/v2\/product\/1386","targetHints":{"allow":["GET"]}}],"collection":[{"href":"https:\/\/hbbkimya.com\/index.php?rest_route=\/wp\/v2\/product"}],"about":[{"href":"https:\/\/hbbkimya.com\/index.php?rest_route=\/wp\/v2\/types\/product"}],"replies":[{"embeddable":true,"href":"https:\/\/hbbkimya.com\/index.php?rest_route=%2Fwp%2Fv2%2Fcomments&post=1386"}],"wp:featuredmedia":[{"embeddable":true,"href":"https:\/\/hbbkimya.com\/index.php?rest_route=\/wp\/v2\/media\/1387"}],"wp:attachment":[{"href":"https:\/\/hbbkimya.com\/index.php?rest_route=%2Fwp%2Fv2%2Fmedia&parent=1386"}],"wp:term":[{"taxonomy":"product_brand","embeddable":true,"href":"https:\/\/hbbkimya.com\/index.php?rest_route=%2Fwp%2Fv2%2Fproduct_brand&post=1386"},{"taxonomy":"product_cat","embeddable":true,"href":"https:\/\/hbbkimya.com\/index.php?rest_route=%2Fwp%2Fv2%2Fproduct_cat&post=1386"},{"taxonomy":"product_tag","embeddable":true,"href":"https:\/\/hbbkimya.com\/index.php?rest_route=%2Fwp%2Fv2%2Fproduct_tag&post=1386"}],"curies":[{"name":"wp","href":"https:\/\/api.w.org\/{rel}","templated":true}]}}