{"id":1370,"date":"2025-03-02T17:38:05","date_gmt":"2025-03-02T14:38:05","guid":{"rendered":"https:\/\/hbbkimya.com\/?post_type=product&#038;p=1370"},"modified":"2026-01-27T15:18:08","modified_gmt":"2026-01-27T12:18:08","slug":"hidrojen-peroksit-solusyonu-3-1-litre","status":"publish","type":"product","link":"https:\/\/hbbkimya.com\/?product=hidrojen-peroksit-solusyonu-3-1-litre","title":{"rendered":"Hidrojen Peroksit Sol\u00fcsyonu %3 1 litre"},"content":{"rendered":"<p><a href=\"https:\/\/hbbkimya.com\/wp-content\/uploads\/2025\/03\/hidrojen-peroksit-3-30-50.jpeg\"><img loading=\"lazy\" decoding=\"async\" class=\"alignnone size-medium wp-image-1371\" src=\"https:\/\/hbbkimya.com\/wp-content\/uploads\/2025\/03\/hidrojen-peroksit-3-30-50-225x300.jpeg\" alt=\"\" width=\"225\" height=\"300\" srcset=\"https:\/\/hbbkimya.com\/wp-content\/uploads\/2025\/03\/hidrojen-peroksit-3-30-50-225x300.jpeg 225w, https:\/\/hbbkimya.com\/wp-content\/uploads\/2025\/03\/hidrojen-peroksit-3-30-50-600x800.jpeg 600w, https:\/\/hbbkimya.com\/wp-content\/uploads\/2025\/03\/hidrojen-peroksit-3-30-50-768x1024.jpeg 768w, https:\/\/hbbkimya.com\/wp-content\/uploads\/2025\/03\/hidrojen-peroksit-3-30-50-1152x1536.jpeg 1152w, https:\/\/hbbkimya.com\/wp-content\/uploads\/2025\/03\/hidrojen-peroksit-3-30-50.jpeg 1536w\" sizes=\"auto, (max-width: 225px) 100vw, 225px\" \/><\/a><\/p>\n","protected":false},"excerpt":{"rendered":"<ul>\n<li>Katalaz ay\u0131rac\u0131<\/li>\n<li>Sanayide geni\u015f bir kullan\u0131m alan\u0131 vard\u0131r,\u00a0 peroksit \u00e7\u00f6zeltisi vir\u00fcs \u00f6ld\u00fcr\u00fcc\u00fc olarak kullan\u0131l\u0131r \u00a0ve kimya laboratuvarlar\u0131nda, elektronik sanayisinde kullan\u0131l\u0131r. tekstil sanayisinde\u00a0\u00a0\u00a0pamuklu kuma\u015flar\u0131 beyazlatmak\u00a0\u00a0\u00a0maksad\u0131yla kullan\u0131l\u0131r.\u00a0\u00a0Ar\u0131tmalarda koku giderici\u00a0\u00a0olarak kullan\u0131m\u0131 vard\u0131r.<\/li>\n<li>Laboratuvarda analiz maksatl\u0131 kullan\u0131lmaktad\u0131r.<\/li>\n<\/ul>\n","protected":false},"featured_media":1371,"comment_status":"open","ping_status":"closed","template":"","meta":{"neve_meta_sidebar":"","neve_meta_container":"","neve_meta_enable_content_width":"off","neve_meta_content_width":100,"neve_meta_title_alignment":"","neve_meta_author_avatar":"","neve_post_elements_order":"","neve_meta_disable_header":"","neve_meta_disable_footer":"","neve_meta_disable_title":"","_themeisle_gutenberg_block_has_review":false},"product_brand":[65],"product_cat":[46],"product_tag":[],"class_list":{"0":"post-1370","1":"product","2":"type-product","3":"status-publish","4":"has-post-thumbnail","6":"product_brand-hbbchem","7":"product_cat-cozeltiler-solusyonlar","9":"first","10":"instock","11":"sale","12":"taxable","13":"shipping-taxable","14":"purchasable","15":"product-type-simple"},"_links":{"self":[{"href":"https:\/\/hbbkimya.com\/index.php?rest_route=\/wp\/v2\/product\/1370","targetHints":{"allow":["GET"]}}],"collection":[{"href":"https:\/\/hbbkimya.com\/index.php?rest_route=\/wp\/v2\/product"}],"about":[{"href":"https:\/\/hbbkimya.com\/index.php?rest_route=\/wp\/v2\/types\/product"}],"replies":[{"embeddable":true,"href":"https:\/\/hbbkimya.com\/index.php?rest_route=%2Fwp%2Fv2%2Fcomments&post=1370"}],"wp:featuredmedia":[{"embeddable":true,"href":"https:\/\/hbbkimya.com\/index.php?rest_route=\/wp\/v2\/media\/1371"}],"wp:attachment":[{"href":"https:\/\/hbbkimya.com\/index.php?rest_route=%2Fwp%2Fv2%2Fmedia&parent=1370"}],"wp:term":[{"taxonomy":"product_brand","embeddable":true,"href":"https:\/\/hbbkimya.com\/index.php?rest_route=%2Fwp%2Fv2%2Fproduct_brand&post=1370"},{"taxonomy":"product_cat","embeddable":true,"href":"https:\/\/hbbkimya.com\/index.php?rest_route=%2Fwp%2Fv2%2Fproduct_cat&post=1370"},{"taxonomy":"product_tag","embeddable":true,"href":"https:\/\/hbbkimya.com\/index.php?rest_route=%2Fwp%2Fv2%2Fproduct_tag&post=1370"}],"curies":[{"name":"wp","href":"https:\/\/api.w.org\/{rel}","templated":true}]}}