{"id":1366,"date":"2025-03-02T17:31:28","date_gmt":"2025-03-02T14:31:28","guid":{"rendered":"https:\/\/hbbkimya.com\/?post_type=product&#038;p=1366"},"modified":"2026-02-15T21:17:13","modified_gmt":"2026-02-15T18:17:13","slug":"mezur-plastik-kabartma-skala-100-ml","status":"publish","type":"product","link":"https:\/\/hbbkimya.com\/?product=mezur-plastik-kabartma-skala-100-ml","title":{"rendered":"Mez\u00fcr Plastik Kabartma Skala 500 ml"},"content":{"rendered":"<p><a href=\"https:\/\/hbbkimya.com\/wp-content\/uploads\/2025\/03\/plastik-mezur-500ml-500-ml-kabartma-skala-pp.jpeg\"><img loading=\"lazy\" decoding=\"async\" class=\"alignnone size-medium wp-image-2102\" src=\"https:\/\/hbbkimya.com\/wp-content\/uploads\/2025\/03\/plastik-mezur-500ml-500-ml-kabartma-skala-pp-300x164.jpeg\" alt=\"\" width=\"300\" height=\"164\" srcset=\"https:\/\/hbbkimya.com\/wp-content\/uploads\/2025\/03\/plastik-mezur-500ml-500-ml-kabartma-skala-pp-300x164.jpeg 300w, https:\/\/hbbkimya.com\/wp-content\/uploads\/2025\/03\/plastik-mezur-500ml-500-ml-kabartma-skala-pp-1024x559.jpeg 1024w, https:\/\/hbbkimya.com\/wp-content\/uploads\/2025\/03\/plastik-mezur-500ml-500-ml-kabartma-skala-pp-768x419.jpeg 768w, https:\/\/hbbkimya.com\/wp-content\/uploads\/2025\/03\/plastik-mezur-500ml-500-ml-kabartma-skala-pp-600x327.jpeg 600w, https:\/\/hbbkimya.com\/wp-content\/uploads\/2025\/03\/plastik-mezur-500ml-500-ml-kabartma-skala-pp.jpeg 1408w\" sizes=\"auto, (max-width: 300px) 100vw, 300px\" \/><\/a><\/p>\n","protected":false},"excerpt":{"rendered":"<p data-start=\"152\" data-end=\"312\">Laboratuvar ortamlar\u0131nda g\u00fcvenilir hacim \u00f6l\u00e7\u00fcm\u00fc i\u00e7in tasarlanan bu mez\u00fcr, y\u00fcksek dayan\u0131ml\u0131 polipropilen g\u00f6vdesi sayesinde uzun \u00f6m\u00fcrl\u00fc ve g\u00fcvenli kullan\u0131m sunar.<\/p>\n<p data-start=\"152\" data-end=\"312\">Paket i\u00e7eri\u011fi; 1 adet plastik mez\u00fcr kabartma skala 500 ml<\/p>\n<p data-start=\"314\" data-end=\"339\"><strong data-start=\"314\" data-end=\"339\">\u00d6ne \u00c7\u0131kan \u00d6zellikler:<\/strong><\/p>\n<ul data-start=\"341\" data-end=\"1057\">\n<li data-start=\"341\" data-end=\"453\">\n<p data-start=\"343\" data-end=\"453\"><strong data-start=\"343\" data-end=\"370\">Y\u00fcksek Mekanik Dayan\u0131m:<\/strong> Kal\u0131n duvar yap\u0131s\u0131 darbe, deformasyon ve k\u0131r\u0131lmalara kar\u015f\u0131 ekstra diren\u00e7 sa\u011flar.<\/p>\n<\/li>\n<li data-start=\"454\" data-end=\"553\">\n<p data-start=\"456\" data-end=\"553\"><strong data-start=\"456\" data-end=\"477\">Y\u00fcksek \u015eeffafl\u0131k:<\/strong> Cama yak\u0131n berrakl\u0131k sayesinde s\u0131v\u0131 seviyesi kolay ve net \u015fekilde okunur.<\/p>\n<\/li>\n<li data-start=\"554\" data-end=\"628\">\n<p data-start=\"556\" data-end=\"628\"><strong data-start=\"556\" data-end=\"577\">Kimyasal Dayan\u0131m:<\/strong> Bir\u00e7ok asit, baz ve kimyasala kar\u015f\u0131 diren\u00e7lidir.<\/p>\n<\/li>\n<li data-start=\"629\" data-end=\"711\">\n<p data-start=\"631\" data-end=\"711\"><strong data-start=\"631\" data-end=\"657\">Standartlara Uygunluk:<\/strong> DIN\/ISO Class B normlar\u0131na g\u00f6re kalibre edilmi\u015ftir.<\/p>\n<\/li>\n<li data-start=\"712\" data-end=\"827\">\n<p data-start=\"714\" data-end=\"827\"><strong data-start=\"714\" data-end=\"742\">Kontroll\u00fc Ak\u0131\u015f Tasar\u0131m\u0131:<\/strong> Optimize edilmi\u015f gaga yap\u0131s\u0131 damlatmadan ve s\u0131\u00e7ratmadan hassas d\u00f6k\u00fcm imk\u00e2n\u0131 sunar.<\/p>\n<\/li>\n<li data-start=\"828\" data-end=\"918\">\n<p data-start=\"830\" data-end=\"918\"><strong data-start=\"830\" data-end=\"853\">Maksimum Stabilite:<\/strong> Geni\u015f ve dengeli alt\u0131gen taban devrilme riskini minimize eder.<\/p>\n<\/li>\n<li data-start=\"919\" data-end=\"1057\">\n<p data-start=\"921\" data-end=\"1057\"><strong data-start=\"921\" data-end=\"949\">Silinmez Kabartma Skala:<\/strong> G\u00f6vde \u00fczerindeki kabartma \u00f6l\u00e7\u00fcm \u00e7izgileri ve yaz\u0131lar uzun s\u00fcreli kullan\u0131mlarda dahi okunabilirli\u011fini korur.<\/p>\n<\/li>\n<\/ul>\n","protected":false},"featured_media":2102,"comment_status":"open","ping_status":"closed","template":"","meta":{"neve_meta_sidebar":"","neve_meta_container":"","neve_meta_enable_content_width":"off","neve_meta_content_width":100,"neve_meta_title_alignment":"","neve_meta_author_avatar":"","neve_post_elements_order":"","neve_meta_disable_header":"","neve_meta_disable_footer":"","neve_meta_disable_title":"","_themeisle_gutenberg_block_has_review":false},"product_brand":[],"product_cat":[38],"product_tag":[],"class_list":{"0":"post-1366","1":"product","2":"type-product","3":"status-publish","4":"has-post-thumbnail","6":"product_cat-sarf-plastik","8":"first","9":"instock","10":"taxable","11":"shipping-taxable","12":"purchasable","13":"product-type-simple"},"_links":{"self":[{"href":"https:\/\/hbbkimya.com\/index.php?rest_route=\/wp\/v2\/product\/1366","targetHints":{"allow":["GET"]}}],"collection":[{"href":"https:\/\/hbbkimya.com\/index.php?rest_route=\/wp\/v2\/product"}],"about":[{"href":"https:\/\/hbbkimya.com\/index.php?rest_route=\/wp\/v2\/types\/product"}],"replies":[{"embeddable":true,"href":"https:\/\/hbbkimya.com\/index.php?rest_route=%2Fwp%2Fv2%2Fcomments&post=1366"}],"wp:featuredmedia":[{"embeddable":true,"href":"https:\/\/hbbkimya.com\/index.php?rest_route=\/wp\/v2\/media\/2102"}],"wp:attachment":[{"href":"https:\/\/hbbkimya.com\/index.php?rest_route=%2Fwp%2Fv2%2Fmedia&parent=1366"}],"wp:term":[{"taxonomy":"product_brand","embeddable":true,"href":"https:\/\/hbbkimya.com\/index.php?rest_route=%2Fwp%2Fv2%2Fproduct_brand&post=1366"},{"taxonomy":"product_cat","embeddable":true,"href":"https:\/\/hbbkimya.com\/index.php?rest_route=%2Fwp%2Fv2%2Fproduct_cat&post=1366"},{"taxonomy":"product_tag","embeddable":true,"href":"https:\/\/hbbkimya.com\/index.php?rest_route=%2Fwp%2Fv2%2Fproduct_tag&post=1366"}],"curies":[{"name":"wp","href":"https:\/\/api.w.org\/{rel}","templated":true}]}}