{"id":1364,"date":"2025-02-27T14:24:32","date_gmt":"2025-02-27T11:24:32","guid":{"rendered":"https:\/\/hbbkimya.com\/?post_type=product&#038;p=1364"},"modified":"2026-04-12T19:08:35","modified_gmt":"2026-04-12T16:08:35","slug":"brand-titrette-50-dijital-buret-50-ml","status":"publish","type":"product","link":"https:\/\/hbbkimya.com\/?product=brand-titrette-50-dijital-buret-50-ml","title":{"rendered":"Brand Titrette\u00ae 50 Dijital B\u00fcret 50 mL"},"content":{"rendered":"<p><a href=\"https:\/\/hbbkimya.com\/wp-content\/uploads\/2025\/02\/brand-titrette-dijital-buret-50.webp\"><img loading=\"lazy\" decoding=\"async\" class=\"alignnone size-medium wp-image-1365\" src=\"https:\/\/hbbkimya.com\/wp-content\/uploads\/2025\/02\/brand-titrette-dijital-buret-50-300x300.webp\" alt=\"\" width=\"300\" height=\"300\" srcset=\"https:\/\/hbbkimya.com\/wp-content\/uploads\/2025\/02\/brand-titrette-dijital-buret-50-300x300.webp 300w, https:\/\/hbbkimya.com\/wp-content\/uploads\/2025\/02\/brand-titrette-dijital-buret-50-100x100.webp 100w, https:\/\/hbbkimya.com\/wp-content\/uploads\/2025\/02\/brand-titrette-dijital-buret-50-600x600.webp 600w, https:\/\/hbbkimya.com\/wp-content\/uploads\/2025\/02\/brand-titrette-dijital-buret-50-150x150.webp 150w, https:\/\/hbbkimya.com\/wp-content\/uploads\/2025\/02\/brand-titrette-dijital-buret-50-768x768.webp 768w, https:\/\/hbbkimya.com\/wp-content\/uploads\/2025\/02\/brand-titrette-dijital-buret-50.webp 800w\" sizes=\"auto, (max-width: 300px) 100vw, 300px\" \/><\/a><\/p>\n","protected":false},"excerpt":{"rendered":"<p>BRAND 50 mL Dijital B\u00fcret, do\u011fru ve hassas \u00e7al\u0131\u015fmalar i\u00e7in tavsiye edilen Alman BRAND marka dijital b\u00fcretler, sa\u011fl\u0131kl\u0131 titrasyon i\u00e7in laboratuvarlar\u0131n vazge\u00e7emeyece\u011fi bir titrasyon cihaz\u0131d\u0131r. \u00dcr\u00fcn kullan\u0131m\u0131 kolay \u015fi\u015fe \u00fcst\u00fc dijital b\u00fcrettir.<\/p>\n<p>Do\u011fruluk : \u2264 %0,3<br \/>\nKesinlik : \u2264 %0,1<br \/>\n\u00c7\u00f6z\u00fcn\u00fcrl\u00fck : 0,1 ml<br \/>\nHacim : 50 ml<br \/>\nGeri d\u00f6ng\u00fc vanal\u0131<br \/>\nBo\u015falt\u0131lan hacmin s\u00fcrekli g\u00f6sterimi, art arda yap\u0131lan titrasyonlar i\u00e7in s\u0131f\u0131rlama \u00f6zelli\u011fi<br \/>\nKolay kullan\u0131c\u0131 kalibrasyonu<br \/>\nFarkl\u0131 boyutlarda \u015fi\u015fe adapt\u00f6rleriyle teslim edilir<br \/>\n360\u00b0 d\u00f6nebilen ba\u015fl\u0131k<br \/>\nS\u0131v\u0131n\u0131n rezervuara geri ka\u00e7mas\u0131n\u0131 engelleyen kolay s\u0131f\u0131rlamay\u0131 sa\u011flayan mekanizmas\u0131<br \/>\n60000 den fazla titrasyon \u00f6zelli\u011fi<\/p>\n","protected":false},"featured_media":1365,"comment_status":"open","ping_status":"closed","template":"","meta":{"neve_meta_sidebar":"","neve_meta_container":"","neve_meta_enable_content_width":"off","neve_meta_content_width":100,"neve_meta_title_alignment":"","neve_meta_author_avatar":"","neve_post_elements_order":"","neve_meta_disable_header":"","neve_meta_disable_footer":"","neve_meta_disable_title":"","_themeisle_gutenberg_block_has_review":false},"product_brand":[],"product_cat":[60],"product_tag":[],"class_list":{"0":"post-1364","1":"product","2":"type-product","3":"status-publish","4":"has-post-thumbnail","6":"product_cat-dijital-buretler","8":"first","9":"outofstock","10":"sale","11":"taxable","12":"shipping-taxable","13":"purchasable","14":"product-type-simple"},"_links":{"self":[{"href":"https:\/\/hbbkimya.com\/index.php?rest_route=\/wp\/v2\/product\/1364","targetHints":{"allow":["GET"]}}],"collection":[{"href":"https:\/\/hbbkimya.com\/index.php?rest_route=\/wp\/v2\/product"}],"about":[{"href":"https:\/\/hbbkimya.com\/index.php?rest_route=\/wp\/v2\/types\/product"}],"replies":[{"embeddable":true,"href":"https:\/\/hbbkimya.com\/index.php?rest_route=%2Fwp%2Fv2%2Fcomments&post=1364"}],"wp:featuredmedia":[{"embeddable":true,"href":"https:\/\/hbbkimya.com\/index.php?rest_route=\/wp\/v2\/media\/1365"}],"wp:attachment":[{"href":"https:\/\/hbbkimya.com\/index.php?rest_route=%2Fwp%2Fv2%2Fmedia&parent=1364"}],"wp:term":[{"taxonomy":"product_brand","embeddable":true,"href":"https:\/\/hbbkimya.com\/index.php?rest_route=%2Fwp%2Fv2%2Fproduct_brand&post=1364"},{"taxonomy":"product_cat","embeddable":true,"href":"https:\/\/hbbkimya.com\/index.php?rest_route=%2Fwp%2Fv2%2Fproduct_cat&post=1364"},{"taxonomy":"product_tag","embeddable":true,"href":"https:\/\/hbbkimya.com\/index.php?rest_route=%2Fwp%2Fv2%2Fproduct_tag&post=1364"}],"curies":[{"name":"wp","href":"https:\/\/api.w.org\/{rel}","templated":true}]}}