{"id":1354,"date":"2025-02-23T22:43:36","date_gmt":"2025-02-23T19:43:36","guid":{"rendered":"https:\/\/hbbkimya.com\/?post_type=product&#038;p=1354"},"modified":"2025-08-23T22:26:53","modified_gmt":"2025-08-23T19:26:53","slug":"dekstroz-monohidrat-glukoz-food-grade-500-gr","status":"publish","type":"product","link":"https:\/\/hbbkimya.com\/?product=dekstroz-monohidrat-glukoz-food-grade-500-gr","title":{"rendered":"Dekstroz Monohidrat (Glukoz) Food Grade 500 gr"},"content":{"rendered":"<p><a href=\"https:\/\/hbbkimya.com\/wp-content\/uploads\/2025\/02\/dekstroz-monohidrat-glukoz.jpeg\"><img loading=\"lazy\" decoding=\"async\" class=\"alignnone size-medium wp-image-1353\" src=\"https:\/\/hbbkimya.com\/wp-content\/uploads\/2025\/02\/dekstroz-monohidrat-glukoz-225x300.jpeg\" alt=\"\" width=\"225\" height=\"300\" srcset=\"https:\/\/hbbkimya.com\/wp-content\/uploads\/2025\/02\/dekstroz-monohidrat-glukoz-225x300.jpeg 225w, https:\/\/hbbkimya.com\/wp-content\/uploads\/2025\/02\/dekstroz-monohidrat-glukoz-600x800.jpeg 600w, https:\/\/hbbkimya.com\/wp-content\/uploads\/2025\/02\/dekstroz-monohidrat-glukoz-768x1024.jpeg 768w, https:\/\/hbbkimya.com\/wp-content\/uploads\/2025\/02\/dekstroz-monohidrat-glukoz-1152x1536.jpeg 1152w, https:\/\/hbbkimya.com\/wp-content\/uploads\/2025\/02\/dekstroz-monohidrat-glukoz.jpeg 1200w\" sizes=\"auto, (max-width: 225px) 100vw, 225px\" \/><\/a><\/p>\n","protected":false},"excerpt":{"rendered":"<p>500 grl\u0131k ambalajdad\u0131r.<\/p>\n<p>Laboratuvarlarda analiz ve te\u015fhis maksatla kullan\u0131lmaktad\u0131r.<\/p>\n<p>Haz\u0131r g\u0131da \u00fcr\u00fcnleri, s\u00fct \u00fcr\u00fcnleri, karbone edilmi\u015f i\u00e7ecekler, re\u00e7el ve j\u00f6lede\u00a0de yayg\u0131n \u015fekilde kullan\u0131m alan\u0131 bulan dekstrozun sukroza g\u00f6re en b\u00fcy\u00fck avantaj\u0131, \u0131l\u0131ml\u0131 bir tatl\u0131l\u0131\u011fa sahip olmas\u0131 ve g\u0131daya \u00f6zg\u00fc aromay\u0131 yok etmemesi ve sukroz kadar g\u00fc\u00e7l\u00fc koruyucu etki g\u00f6stermesi say\u0131labilmektedir.<\/p>\n","protected":false},"featured_media":1353,"comment_status":"open","ping_status":"closed","template":"","meta":{"neve_meta_sidebar":"","neve_meta_container":"","neve_meta_enable_content_width":"off","neve_meta_content_width":100,"neve_meta_title_alignment":"","neve_meta_author_avatar":"","neve_post_elements_order":"","neve_meta_disable_header":"","neve_meta_disable_footer":"","neve_meta_disable_title":"","_themeisle_gutenberg_block_has_review":false},"product_brand":[65],"product_cat":[44],"product_tag":[],"class_list":{"0":"post-1354","1":"product","2":"type-product","3":"status-publish","4":"has-post-thumbnail","6":"product_brand-hbbchem","7":"product_cat-toz-kati","9":"first","10":"instock","11":"taxable","12":"shipping-taxable","13":"purchasable","14":"product-type-simple"},"_links":{"self":[{"href":"https:\/\/hbbkimya.com\/index.php?rest_route=\/wp\/v2\/product\/1354","targetHints":{"allow":["GET"]}}],"collection":[{"href":"https:\/\/hbbkimya.com\/index.php?rest_route=\/wp\/v2\/product"}],"about":[{"href":"https:\/\/hbbkimya.com\/index.php?rest_route=\/wp\/v2\/types\/product"}],"replies":[{"embeddable":true,"href":"https:\/\/hbbkimya.com\/index.php?rest_route=%2Fwp%2Fv2%2Fcomments&post=1354"}],"wp:featuredmedia":[{"embeddable":true,"href":"https:\/\/hbbkimya.com\/index.php?rest_route=\/wp\/v2\/media\/1353"}],"wp:attachment":[{"href":"https:\/\/hbbkimya.com\/index.php?rest_route=%2Fwp%2Fv2%2Fmedia&parent=1354"}],"wp:term":[{"taxonomy":"product_brand","embeddable":true,"href":"https:\/\/hbbkimya.com\/index.php?rest_route=%2Fwp%2Fv2%2Fproduct_brand&post=1354"},{"taxonomy":"product_cat","embeddable":true,"href":"https:\/\/hbbkimya.com\/index.php?rest_route=%2Fwp%2Fv2%2Fproduct_cat&post=1354"},{"taxonomy":"product_tag","embeddable":true,"href":"https:\/\/hbbkimya.com\/index.php?rest_route=%2Fwp%2Fv2%2Fproduct_tag&post=1354"}],"curies":[{"name":"wp","href":"https:\/\/api.w.org\/{rel}","templated":true}]}}