{"id":1345,"date":"2025-02-23T20:41:24","date_gmt":"2025-02-23T17:41:24","guid":{"rendered":"https:\/\/hbbkimya.com\/?post_type=product&#038;p=1345"},"modified":"2026-01-21T11:07:02","modified_gmt":"2026-01-21T08:07:02","slug":"sulfurik-asit-solusyonu-62-d-1-52","status":"publish","type":"product","link":"https:\/\/hbbkimya.com\/?product=sulfurik-asit-solusyonu-62-d-1-52","title":{"rendered":"S\u00fclf\u00fcrik Asit Sol\u00fcsyonu %62 d: 1.52 1 litre"},"content":{"rendered":"<p><a href=\"https:\/\/hbbkimya.com\/wp-content\/uploads\/2025\/02\/sutte-peynirde-yag-sulfurik-asit-1.52-1.82-scaled.jpeg\"><img loading=\"lazy\" decoding=\"async\" class=\"alignnone size-medium wp-image-1346\" src=\"https:\/\/hbbkimya.com\/wp-content\/uploads\/2025\/02\/sutte-peynirde-yag-sulfurik-asit-1.52-1.82-225x300.jpeg\" alt=\"\" width=\"225\" height=\"300\" srcset=\"https:\/\/hbbkimya.com\/wp-content\/uploads\/2025\/02\/sutte-peynirde-yag-sulfurik-asit-1.52-1.82-225x300.jpeg 225w, https:\/\/hbbkimya.com\/wp-content\/uploads\/2025\/02\/sutte-peynirde-yag-sulfurik-asit-1.52-1.82-scaled-600x800.jpeg 600w, https:\/\/hbbkimya.com\/wp-content\/uploads\/2025\/02\/sutte-peynirde-yag-sulfurik-asit-1.52-1.82-768x1024.jpeg 768w, https:\/\/hbbkimya.com\/wp-content\/uploads\/2025\/02\/sutte-peynirde-yag-sulfurik-asit-1.52-1.82-1152x1536.jpeg 1152w, https:\/\/hbbkimya.com\/wp-content\/uploads\/2025\/02\/sutte-peynirde-yag-sulfurik-asit-1.52-1.82-1536x2048.jpeg 1536w, https:\/\/hbbkimya.com\/wp-content\/uploads\/2025\/02\/sutte-peynirde-yag-sulfurik-asit-1.52-1.82-scaled.jpeg 1920w\" sizes=\"auto, (max-width: 225px) 100vw, 225px\" \/><\/a><\/p>\n","protected":false},"excerpt":{"rendered":"<p>Laboratuvarda analiz ve te\u015fhis maksatl\u0131 kullan\u0131lmaktad\u0131r.<\/p>\n<p>Peynirde ya\u011f tayini analizinde kullan\u0131l\u0131r.<\/p>\n<p>1 Litrelik ambalajdad\u0131r.<\/p>\n","protected":false},"featured_media":1346,"comment_status":"open","ping_status":"closed","template":"","meta":{"neve_meta_sidebar":"","neve_meta_container":"","neve_meta_enable_content_width":"off","neve_meta_content_width":100,"neve_meta_title_alignment":"","neve_meta_author_avatar":"","neve_post_elements_order":"","neve_meta_disable_header":"","neve_meta_disable_footer":"","neve_meta_disable_title":"","_themeisle_gutenberg_block_has_review":false},"product_brand":[65],"product_cat":[46],"product_tag":[],"class_list":{"0":"post-1345","1":"product","2":"type-product","3":"status-publish","4":"has-post-thumbnail","6":"product_brand-hbbchem","7":"product_cat-cozeltiler-solusyonlar","9":"first","10":"instock","11":"sale","12":"taxable","13":"shipping-taxable","14":"purchasable","15":"product-type-simple"},"_links":{"self":[{"href":"https:\/\/hbbkimya.com\/index.php?rest_route=\/wp\/v2\/product\/1345","targetHints":{"allow":["GET"]}}],"collection":[{"href":"https:\/\/hbbkimya.com\/index.php?rest_route=\/wp\/v2\/product"}],"about":[{"href":"https:\/\/hbbkimya.com\/index.php?rest_route=\/wp\/v2\/types\/product"}],"replies":[{"embeddable":true,"href":"https:\/\/hbbkimya.com\/index.php?rest_route=%2Fwp%2Fv2%2Fcomments&post=1345"}],"wp:featuredmedia":[{"embeddable":true,"href":"https:\/\/hbbkimya.com\/index.php?rest_route=\/wp\/v2\/media\/1346"}],"wp:attachment":[{"href":"https:\/\/hbbkimya.com\/index.php?rest_route=%2Fwp%2Fv2%2Fmedia&parent=1345"}],"wp:term":[{"taxonomy":"product_brand","embeddable":true,"href":"https:\/\/hbbkimya.com\/index.php?rest_route=%2Fwp%2Fv2%2Fproduct_brand&post=1345"},{"taxonomy":"product_cat","embeddable":true,"href":"https:\/\/hbbkimya.com\/index.php?rest_route=%2Fwp%2Fv2%2Fproduct_cat&post=1345"},{"taxonomy":"product_tag","embeddable":true,"href":"https:\/\/hbbkimya.com\/index.php?rest_route=%2Fwp%2Fv2%2Fproduct_tag&post=1345"}],"curies":[{"name":"wp","href":"https:\/\/api.w.org\/{rel}","templated":true}]}}