{"id":1335,"date":"2025-02-09T22:38:58","date_gmt":"2025-02-09T19:38:58","guid":{"rendered":"https:\/\/hbbkimya.com\/?post_type=product&#038;p=1335"},"modified":"2025-08-23T22:14:30","modified_gmt":"2025-08-23T19:14:30","slug":"asetik-asit-80-1-litre","status":"publish","type":"product","link":"https:\/\/hbbkimya.com\/?product=asetik-asit-80-1-litre","title":{"rendered":"Asetik Asit %80 1 Litre"},"content":{"rendered":"<p><a href=\"https:\/\/hbbkimya.com\/wp-content\/uploads\/2025\/02\/kimyasallartoplu-scaled.jpeg\"><img loading=\"lazy\" decoding=\"async\" class=\"alignnone size-medium wp-image-1312\" src=\"https:\/\/hbbkimya.com\/wp-content\/uploads\/2025\/02\/kimyasallartoplu-223x300.jpeg\" alt=\"\" width=\"223\" height=\"300\" srcset=\"https:\/\/hbbkimya.com\/wp-content\/uploads\/2025\/02\/kimyasallartoplu-223x300.jpeg 223w, https:\/\/hbbkimya.com\/wp-content\/uploads\/2025\/02\/kimyasallartoplu-scaled-600x808.jpeg 600w, https:\/\/hbbkimya.com\/wp-content\/uploads\/2025\/02\/kimyasallartoplu-761x1024.jpeg 761w, https:\/\/hbbkimya.com\/wp-content\/uploads\/2025\/02\/kimyasallartoplu-768x1034.jpeg 768w, https:\/\/hbbkimya.com\/wp-content\/uploads\/2025\/02\/kimyasallartoplu-1141x1536.jpeg 1141w, https:\/\/hbbkimya.com\/wp-content\/uploads\/2025\/02\/kimyasallartoplu-1522x2048.jpeg 1522w, https:\/\/hbbkimya.com\/wp-content\/uploads\/2025\/02\/kimyasallartoplu-scaled.jpeg 1902w\" sizes=\"auto, (max-width: 223px) 100vw, 223px\" \/><\/a><\/p>\n","protected":false},"excerpt":{"rendered":"<p><strong>Kimyasal Form\u00fcl\u00fc :\u00a0<\/strong>CH3COOH\u00a0 <strong>CAS Numaras\u0131;\u00a0<\/strong>64-19-7\u00a0 <strong>Molek\u00fcl A\u011f\u0131rl\u0131\u011f\u0131;<\/strong>\u00a060,05 g\/mol<\/p>\n<ul>\n<li>Sirke imalat\u0131nda kullan\u0131l\u0131r. Ayr\u0131ca tur\u015fu yap\u0131m\u0131nda mikroorganizmalar\u0131n olu\u015fmas\u0131n\u0131 engelleyerek sebzelerin bozulmas\u0131n\u0131 engeller.<\/li>\n<li>Sanayide \u00e7o\u011fu kimyasal\u0131n \u00fcretiminde hammadde olarak kullan\u0131l\u0131r. \u00d6zellikle vinil asetat \u00fcretiminde kullan\u0131l\u0131r, bundan elde edilen polivinil asetat tahta tutkal\u0131 olarak kullan\u0131l\u0131r.<\/li>\n<li>\u00c7\u00f6z\u00fcc\u00fc olarak sanayide kullan\u0131l\u0131r. \u00d6rne\u011fin, PET plastiklerin \u00fcretiminde kullan\u0131lan tereftalik asitin \u00fcretiminde \u00e7\u00f6z\u00fcc\u00fc olarak kullan\u0131l\u0131r. Bu kullan\u0131m asetik asitin t\u00fcm kullan\u0131m\u0131 i\u00e7erisinde %5-10 oran\u0131ndad\u0131r.<\/li>\n<li>G\u0131da sekt\u00f6r\u00fcnde tampon olarak kullan\u0131l\u0131r. Asitlik sa\u011flay\u0131c\u0131, koruyucu, lezzet verici olarak kullan\u0131l\u0131r.<\/li>\n<li>Laboratuvarda analiz maksatl\u0131 kullan\u0131lmaktad\u0131r.<\/li>\n<\/ul>\n","protected":false},"featured_media":1312,"comment_status":"open","ping_status":"closed","template":"","meta":{"neve_meta_sidebar":"","neve_meta_container":"","neve_meta_enable_content_width":"off","neve_meta_content_width":100,"neve_meta_title_alignment":"","neve_meta_author_avatar":"","neve_post_elements_order":"","neve_meta_disable_header":"","neve_meta_disable_footer":"","neve_meta_disable_title":"","_themeisle_gutenberg_block_has_review":false},"product_brand":[65],"product_cat":[45],"product_tag":[],"class_list":{"0":"post-1335","1":"product","2":"type-product","3":"status-publish","4":"has-post-thumbnail","6":"product_brand-hbbchem","7":"product_cat-sivi-kimyasallar","9":"first","10":"instock","11":"taxable","12":"shipping-taxable","13":"purchasable","14":"product-type-simple"},"_links":{"self":[{"href":"https:\/\/hbbkimya.com\/index.php?rest_route=\/wp\/v2\/product\/1335","targetHints":{"allow":["GET"]}}],"collection":[{"href":"https:\/\/hbbkimya.com\/index.php?rest_route=\/wp\/v2\/product"}],"about":[{"href":"https:\/\/hbbkimya.com\/index.php?rest_route=\/wp\/v2\/types\/product"}],"replies":[{"embeddable":true,"href":"https:\/\/hbbkimya.com\/index.php?rest_route=%2Fwp%2Fv2%2Fcomments&post=1335"}],"wp:featuredmedia":[{"embeddable":true,"href":"https:\/\/hbbkimya.com\/index.php?rest_route=\/wp\/v2\/media\/1312"}],"wp:attachment":[{"href":"https:\/\/hbbkimya.com\/index.php?rest_route=%2Fwp%2Fv2%2Fmedia&parent=1335"}],"wp:term":[{"taxonomy":"product_brand","embeddable":true,"href":"https:\/\/hbbkimya.com\/index.php?rest_route=%2Fwp%2Fv2%2Fproduct_brand&post=1335"},{"taxonomy":"product_cat","embeddable":true,"href":"https:\/\/hbbkimya.com\/index.php?rest_route=%2Fwp%2Fv2%2Fproduct_cat&post=1335"},{"taxonomy":"product_tag","embeddable":true,"href":"https:\/\/hbbkimya.com\/index.php?rest_route=%2Fwp%2Fv2%2Fproduct_tag&post=1335"}],"curies":[{"name":"wp","href":"https:\/\/api.w.org\/{rel}","templated":true}]}}