{"id":1314,"date":"2025-02-02T22:14:06","date_gmt":"2025-02-02T19:14:06","guid":{"rendered":"https:\/\/hbbkimya.com\/?post_type=product&#038;p=1314"},"modified":"2025-08-23T22:27:46","modified_gmt":"2025-08-23T19:27:46","slug":"potasyum-klorur-extra-pure-250-gr","status":"publish","type":"product","link":"https:\/\/hbbkimya.com\/?product=potasyum-klorur-extra-pure-250-gr","title":{"rendered":"Potasyum Klor\u00fcr Extra Pure 250 gr"},"content":{"rendered":"<p><a href=\"https:\/\/hbbkimya.com\/wp-content\/uploads\/2025\/02\/kimyasallartoplu-scaled.jpeg\"><img loading=\"lazy\" decoding=\"async\" class=\"alignnone size-medium wp-image-1312\" src=\"https:\/\/hbbkimya.com\/wp-content\/uploads\/2025\/02\/kimyasallartoplu-223x300.jpeg\" alt=\"\" width=\"223\" height=\"300\" srcset=\"https:\/\/hbbkimya.com\/wp-content\/uploads\/2025\/02\/kimyasallartoplu-223x300.jpeg 223w, https:\/\/hbbkimya.com\/wp-content\/uploads\/2025\/02\/kimyasallartoplu-scaled-600x808.jpeg 600w, https:\/\/hbbkimya.com\/wp-content\/uploads\/2025\/02\/kimyasallartoplu-761x1024.jpeg 761w, https:\/\/hbbkimya.com\/wp-content\/uploads\/2025\/02\/kimyasallartoplu-768x1034.jpeg 768w, https:\/\/hbbkimya.com\/wp-content\/uploads\/2025\/02\/kimyasallartoplu-1141x1536.jpeg 1141w, https:\/\/hbbkimya.com\/wp-content\/uploads\/2025\/02\/kimyasallartoplu-1522x2048.jpeg 1522w, https:\/\/hbbkimya.com\/wp-content\/uploads\/2025\/02\/kimyasallartoplu-scaled.jpeg 1902w\" sizes=\"auto, (max-width: 223px) 100vw, 223px\" \/><\/a><\/p>\n","protected":false},"excerpt":{"rendered":"<ul>\n<li>Form\u00fcl : KCl Kaynama noktas\u0131 : 1.420\u00b0C Molar K\u00fctle : 74,5513g\/mol Yo\u011funluk : 1,98g\/cm\u00b3 Cas numaras\u0131 :\u00a07447-40-7<\/li>\n<li>Potas (potasyum klor\u00fcr veya KCl), d\u00fcnyadaki en de\u011ferli ve yayg\u0131n olarak kullan\u0131lan potasyum g\u00fcbresidir.\u00a0Potas, b\u00fcy\u00fcyen mahsul i\u00e7in potasyum besinini verimli bir \u015fekilde sa\u011flar.<\/li>\n<li>Aroma artt\u0131r\u0131c\u0131 , besin takviyesi ,\u00a0k\u0131vam artt\u0131r\u0131c\u0131 ,\u00a0ph kontrol ajan\u0131 ve stabilizat\u00f6r\u00fc olarak kullan\u0131l\u0131r .<\/li>\n<li>Potasyum, v\u00fccudunuzun kalbin, kaslar\u0131n, b\u00f6breklerin, sinirlerin ve sindirim sisteminin d\u00fczg\u00fcn \u00e7al\u0131\u015fmas\u0131 i\u00e7in ihtiya\u00e7 duydu\u011fu bir mineraldir.<\/li>\n<li>Ayr\u0131ca ila\u00e7 end\u00fcstrisinde diyaliz s\u0131v\u0131lar\u0131nda da kullan\u0131l\u0131r. Diyaliz s\u0131v\u0131s\u0131ndaki potasyum klor\u00fcr v\u00fccudun elektrolitlerini dengede tutmaya yard\u0131mc\u0131 olur.<\/li>\n<\/ul>\n","protected":false},"featured_media":1312,"comment_status":"open","ping_status":"closed","template":"","meta":{"neve_meta_sidebar":"","neve_meta_container":"","neve_meta_enable_content_width":"off","neve_meta_content_width":100,"neve_meta_title_alignment":"","neve_meta_author_avatar":"","neve_post_elements_order":"","neve_meta_disable_header":"","neve_meta_disable_footer":"","neve_meta_disable_title":"","_themeisle_gutenberg_block_has_review":false},"product_brand":[65],"product_cat":[44],"product_tag":[],"class_list":{"0":"post-1314","1":"product","2":"type-product","3":"status-publish","4":"has-post-thumbnail","6":"product_brand-hbbchem","7":"product_cat-toz-kati","9":"first","10":"instock","11":"taxable","12":"shipping-taxable","13":"purchasable","14":"product-type-simple"},"_links":{"self":[{"href":"https:\/\/hbbkimya.com\/index.php?rest_route=\/wp\/v2\/product\/1314","targetHints":{"allow":["GET"]}}],"collection":[{"href":"https:\/\/hbbkimya.com\/index.php?rest_route=\/wp\/v2\/product"}],"about":[{"href":"https:\/\/hbbkimya.com\/index.php?rest_route=\/wp\/v2\/types\/product"}],"replies":[{"embeddable":true,"href":"https:\/\/hbbkimya.com\/index.php?rest_route=%2Fwp%2Fv2%2Fcomments&post=1314"}],"wp:featuredmedia":[{"embeddable":true,"href":"https:\/\/hbbkimya.com\/index.php?rest_route=\/wp\/v2\/media\/1312"}],"wp:attachment":[{"href":"https:\/\/hbbkimya.com\/index.php?rest_route=%2Fwp%2Fv2%2Fmedia&parent=1314"}],"wp:term":[{"taxonomy":"product_brand","embeddable":true,"href":"https:\/\/hbbkimya.com\/index.php?rest_route=%2Fwp%2Fv2%2Fproduct_brand&post=1314"},{"taxonomy":"product_cat","embeddable":true,"href":"https:\/\/hbbkimya.com\/index.php?rest_route=%2Fwp%2Fv2%2Fproduct_cat&post=1314"},{"taxonomy":"product_tag","embeddable":true,"href":"https:\/\/hbbkimya.com\/index.php?rest_route=%2Fwp%2Fv2%2Fproduct_tag&post=1314"}],"curies":[{"name":"wp","href":"https:\/\/api.w.org\/{rel}","templated":true}]}}