{"id":1288,"date":"2025-01-26T17:28:47","date_gmt":"2025-01-26T14:28:47","guid":{"rendered":"https:\/\/hbbkimya.com\/?post_type=product&#038;p=1288"},"modified":"2026-04-12T22:00:32","modified_gmt":"2026-04-12T19:00:32","slug":"metil-oranj-indikatoru-methyl-orange-250-ml","status":"publish","type":"product","link":"https:\/\/hbbkimya.com\/?product=metil-oranj-indikatoru-methyl-orange-250-ml","title":{"rendered":"Metil Oranj \u0130ndikat\u00f6r\u00fc (Methyl Orange) 250 ml"},"content":{"rendered":"<p><a href=\"https:\/\/hbbkimya.com\/wp-content\/uploads\/2025\/01\/metil-oranj-methyl-orange-indikator-indicatore-scaled.jpeg\"><img loading=\"lazy\" decoding=\"async\" class=\"alignnone size-medium wp-image-1733\" src=\"https:\/\/hbbkimya.com\/wp-content\/uploads\/2025\/01\/metil-oranj-methyl-orange-indikator-indicatore-222x300.jpeg\" alt=\"\" width=\"222\" height=\"300\" srcset=\"https:\/\/hbbkimya.com\/wp-content\/uploads\/2025\/01\/metil-oranj-methyl-orange-indikator-indicatore-222x300.jpeg 222w, https:\/\/hbbkimya.com\/wp-content\/uploads\/2025\/01\/metil-oranj-methyl-orange-indikator-indicatore-scaled-600x813.jpeg 600w, https:\/\/hbbkimya.com\/wp-content\/uploads\/2025\/01\/metil-oranj-methyl-orange-indikator-indicatore-756x1024.jpeg 756w, https:\/\/hbbkimya.com\/wp-content\/uploads\/2025\/01\/metil-oranj-methyl-orange-indikator-indicatore-768x1040.jpeg 768w, https:\/\/hbbkimya.com\/wp-content\/uploads\/2025\/01\/metil-oranj-methyl-orange-indikator-indicatore-1134x1536.jpeg 1134w, https:\/\/hbbkimya.com\/wp-content\/uploads\/2025\/01\/metil-oranj-methyl-orange-indikator-indicatore-1512x2048.jpeg 1512w, https:\/\/hbbkimya.com\/wp-content\/uploads\/2025\/01\/metil-oranj-methyl-orange-indikator-indicatore-scaled.jpeg 1890w\" sizes=\"auto, (max-width: 222px) 100vw, 222px\" \/><\/a><\/p>\n","protected":false},"excerpt":{"rendered":"<ul>\n<li>Metil Turuncusu\u00a0a\u00e7\u0131k ve belirgin renk de\u011fi\u015fimden dolay\u0131 titrasyonda s\u0131k\u00e7a kullan\u0131lan\u00a0pH indikator\u00fc.<\/li>\n<li>\u00e7al\u0131\u015fma aral\u0131\u011f\u0131 3,3 (k\u0131rm\u0131z\u0131) &#8211; 4,4 (sar\u0131)<\/li>\n<li>Laboratuvarda analiz mksatl\u0131 kullan\u0131lmaktad\u0131r.<\/li>\n<\/ul>\n","protected":false},"featured_media":1733,"comment_status":"open","ping_status":"closed","template":"","meta":{"neve_meta_sidebar":"","neve_meta_container":"","neve_meta_enable_content_width":"off","neve_meta_content_width":100,"neve_meta_title_alignment":"","neve_meta_author_avatar":"","neve_post_elements_order":"","neve_meta_disable_header":"","neve_meta_disable_footer":"","neve_meta_disable_title":"","_themeisle_gutenberg_block_has_review":false},"product_brand":[65],"product_cat":[47],"product_tag":[],"class_list":{"0":"post-1288","1":"product","2":"type-product","3":"status-publish","4":"has-post-thumbnail","6":"product_brand-hbbchem","7":"product_cat-indikatorler","9":"first","10":"instock","11":"taxable","12":"shipping-taxable","13":"purchasable","14":"product-type-simple"},"_links":{"self":[{"href":"https:\/\/hbbkimya.com\/index.php?rest_route=\/wp\/v2\/product\/1288","targetHints":{"allow":["GET"]}}],"collection":[{"href":"https:\/\/hbbkimya.com\/index.php?rest_route=\/wp\/v2\/product"}],"about":[{"href":"https:\/\/hbbkimya.com\/index.php?rest_route=\/wp\/v2\/types\/product"}],"replies":[{"embeddable":true,"href":"https:\/\/hbbkimya.com\/index.php?rest_route=%2Fwp%2Fv2%2Fcomments&post=1288"}],"wp:featuredmedia":[{"embeddable":true,"href":"https:\/\/hbbkimya.com\/index.php?rest_route=\/wp\/v2\/media\/1733"}],"wp:attachment":[{"href":"https:\/\/hbbkimya.com\/index.php?rest_route=%2Fwp%2Fv2%2Fmedia&parent=1288"}],"wp:term":[{"taxonomy":"product_brand","embeddable":true,"href":"https:\/\/hbbkimya.com\/index.php?rest_route=%2Fwp%2Fv2%2Fproduct_brand&post=1288"},{"taxonomy":"product_cat","embeddable":true,"href":"https:\/\/hbbkimya.com\/index.php?rest_route=%2Fwp%2Fv2%2Fproduct_cat&post=1288"},{"taxonomy":"product_tag","embeddable":true,"href":"https:\/\/hbbkimya.com\/index.php?rest_route=%2Fwp%2Fv2%2Fproduct_tag&post=1288"}],"curies":[{"name":"wp","href":"https:\/\/api.w.org\/{rel}","templated":true}]}}