{"id":1281,"date":"2025-01-26T13:50:42","date_gmt":"2025-01-26T10:50:42","guid":{"rendered":"https:\/\/hbbkimya.com\/?post_type=product&#038;p=1281"},"modified":"2025-08-23T22:14:31","modified_gmt":"2025-08-23T19:14:31","slug":"aseton-saf-99-9-500-ml","status":"publish","type":"product","link":"https:\/\/hbbkimya.com\/?product=aseton-saf-99-9-500-ml","title":{"rendered":"Aseton Saf %99.9 500 ml"},"content":{"rendered":"<p><a href=\"https:\/\/hbbkimya.com\/wp-content\/uploads\/2025\/01\/kimyasallartoplu-scaled.jpeg\"><img loading=\"lazy\" decoding=\"async\" class=\"alignnone size-medium wp-image-937\" src=\"https:\/\/hbbkimya.com\/wp-content\/uploads\/2025\/01\/kimyasallartoplu-223x300.jpeg\" alt=\"\" width=\"223\" height=\"300\" srcset=\"https:\/\/hbbkimya.com\/wp-content\/uploads\/2025\/01\/kimyasallartoplu-223x300.jpeg 223w, https:\/\/hbbkimya.com\/wp-content\/uploads\/2025\/01\/kimyasallartoplu-scaled-600x808.jpeg 600w, https:\/\/hbbkimya.com\/wp-content\/uploads\/2025\/01\/kimyasallartoplu-761x1024.jpeg 761w, https:\/\/hbbkimya.com\/wp-content\/uploads\/2025\/01\/kimyasallartoplu-768x1034.jpeg 768w, https:\/\/hbbkimya.com\/wp-content\/uploads\/2025\/01\/kimyasallartoplu-1141x1536.jpeg 1141w, https:\/\/hbbkimya.com\/wp-content\/uploads\/2025\/01\/kimyasallartoplu-1522x2048.jpeg 1522w, https:\/\/hbbkimya.com\/wp-content\/uploads\/2025\/01\/kimyasallartoplu-scaled.jpeg 1902w\" sizes=\"auto, (max-width: 223px) 100vw, 223px\" \/><\/a><\/p>\n","protected":false},"excerpt":{"rendered":"<ul>\n<li>C3H6O<\/li>\n<li>CAS numaras\u0131:\u00a067-64-1<\/li>\n<li>Molar k\u00fctle:\u00a058,08\u00a0g\/mol<\/li>\n<li>Boya sekt\u00f6r\u00fcnde inceltici ve \u00e7\u00f6z\u00fcc\u00fc olarak kullan\u0131l\u0131r.<\/li>\n<li>Sanayide \u00e7o\u011fu kimyasal maddenin \u00fcretimi i\u00e7in kullan\u0131l\u0131r.<\/li>\n<li>Asetonun d\u00fcnya \u00fcretiminin neredeyse yar\u0131s\u0131 methylmetacrylate \u00fcretiminde \u00f6nc\u00fc olarak kullan\u0131l\u0131r.<\/li>\n<li>Sanayide ikinci ana kullan\u0131m\u0131 bisfenol A \u00fcretiminde kullan\u0131m\u0131d\u0131r ki bisfenol A; polikarbonat, poli\u00fcretan ve epoksire\u00e7ineler gibi \u00e7o\u011fu polimerin ana bile\u015fenidir.<\/li>\n<\/ul>\n","protected":false},"featured_media":937,"comment_status":"open","ping_status":"closed","template":"","meta":{"neve_meta_sidebar":"","neve_meta_container":"","neve_meta_enable_content_width":"off","neve_meta_content_width":100,"neve_meta_title_alignment":"","neve_meta_author_avatar":"","neve_post_elements_order":"","neve_meta_disable_header":"","neve_meta_disable_footer":"","neve_meta_disable_title":"","_themeisle_gutenberg_block_has_review":false},"product_brand":[65],"product_cat":[45],"product_tag":[],"class_list":{"0":"post-1281","1":"product","2":"type-product","3":"status-publish","4":"has-post-thumbnail","6":"product_brand-hbbchem","7":"product_cat-sivi-kimyasallar","9":"first","10":"instock","11":"taxable","12":"shipping-taxable","13":"purchasable","14":"product-type-simple"},"_links":{"self":[{"href":"https:\/\/hbbkimya.com\/index.php?rest_route=\/wp\/v2\/product\/1281","targetHints":{"allow":["GET"]}}],"collection":[{"href":"https:\/\/hbbkimya.com\/index.php?rest_route=\/wp\/v2\/product"}],"about":[{"href":"https:\/\/hbbkimya.com\/index.php?rest_route=\/wp\/v2\/types\/product"}],"replies":[{"embeddable":true,"href":"https:\/\/hbbkimya.com\/index.php?rest_route=%2Fwp%2Fv2%2Fcomments&post=1281"}],"wp:featuredmedia":[{"embeddable":true,"href":"https:\/\/hbbkimya.com\/index.php?rest_route=\/wp\/v2\/media\/937"}],"wp:attachment":[{"href":"https:\/\/hbbkimya.com\/index.php?rest_route=%2Fwp%2Fv2%2Fmedia&parent=1281"}],"wp:term":[{"taxonomy":"product_brand","embeddable":true,"href":"https:\/\/hbbkimya.com\/index.php?rest_route=%2Fwp%2Fv2%2Fproduct_brand&post=1281"},{"taxonomy":"product_cat","embeddable":true,"href":"https:\/\/hbbkimya.com\/index.php?rest_route=%2Fwp%2Fv2%2Fproduct_cat&post=1281"},{"taxonomy":"product_tag","embeddable":true,"href":"https:\/\/hbbkimya.com\/index.php?rest_route=%2Fwp%2Fv2%2Fproduct_tag&post=1281"}],"curies":[{"name":"wp","href":"https:\/\/api.w.org\/{rel}","templated":true}]}}