{"id":1272,"date":"2025-01-21T22:05:31","date_gmt":"2025-01-21T19:05:31","guid":{"rendered":"https:\/\/hbbkimya.com\/?post_type=product&#038;p=1272"},"modified":"2025-12-03T13:20:26","modified_gmt":"2025-12-03T10:20:26","slug":"kral-suyu-altin-gumus-eritme-kimyasali-1-litre","status":"publish","type":"product","link":"https:\/\/hbbkimya.com\/?product=kral-suyu-altin-gumus-eritme-kimyasali-1-litre","title":{"rendered":"Kral Suyu Alt\u0131n G\u00fcm\u00fc\u015f Eritme Kimyasal\u0131 1 litre"},"content":{"rendered":"<p><a href=\"https:\/\/hbbkimya.com\/wp-content\/uploads\/2025\/01\/kral-suyu-scaled.jpeg\"><img loading=\"lazy\" decoding=\"async\" class=\"alignnone size-medium wp-image-1273\" src=\"https:\/\/hbbkimya.com\/wp-content\/uploads\/2025\/01\/kral-suyu-225x300.jpeg\" alt=\"\" width=\"225\" height=\"300\" srcset=\"https:\/\/hbbkimya.com\/wp-content\/uploads\/2025\/01\/kral-suyu-225x300.jpeg 225w, https:\/\/hbbkimya.com\/wp-content\/uploads\/2025\/01\/kral-suyu-scaled-600x800.jpeg 600w, https:\/\/hbbkimya.com\/wp-content\/uploads\/2025\/01\/kral-suyu-768x1024.jpeg 768w, https:\/\/hbbkimya.com\/wp-content\/uploads\/2025\/01\/kral-suyu-1152x1536.jpeg 1152w, https:\/\/hbbkimya.com\/wp-content\/uploads\/2025\/01\/kral-suyu-1536x2048.jpeg 1536w, https:\/\/hbbkimya.com\/wp-content\/uploads\/2025\/01\/kral-suyu-scaled.jpeg 1920w\" sizes=\"auto, (max-width: 225px) 100vw, 225px\" \/><\/a><\/p>\n","protected":false},"excerpt":{"rendered":"<ul>\n<li>Form\u00fcl : HNO\u2083+ 3 HCl<\/li>\n<li>Yo\u011funluk : 1,21 g\/cm\u00b3<\/li>\n<li>3 k\u0131s\u0131m HCL 1 k\u0131s\u0131m nitrik asitten yap\u0131lan, alt\u0131n g\u00fcm\u00fc\u015f platin gibi de\u011ferli madenleri ayr\u0131\u015ft\u0131rmada eritmede kullan\u0131l\u0131r.<\/li>\n<li>Laboratuvarda analiz maksatl\u0131 kullan\u0131lmaktad\u0131r.<\/li>\n<\/ul>\n","protected":false},"featured_media":1273,"comment_status":"open","ping_status":"closed","template":"","meta":{"neve_meta_sidebar":"","neve_meta_container":"","neve_meta_enable_content_width":"off","neve_meta_content_width":100,"neve_meta_title_alignment":"","neve_meta_author_avatar":"","neve_post_elements_order":"","neve_meta_disable_header":"","neve_meta_disable_footer":"","neve_meta_disable_title":"","_themeisle_gutenberg_block_has_review":false},"product_brand":[65],"product_cat":[46],"product_tag":[],"class_list":{"0":"post-1272","1":"product","2":"type-product","3":"status-publish","4":"has-post-thumbnail","6":"product_brand-hbbchem","7":"product_cat-cozeltiler-solusyonlar","9":"first","10":"instock","11":"sale","12":"taxable","13":"shipping-taxable","14":"purchasable","15":"product-type-simple"},"_links":{"self":[{"href":"https:\/\/hbbkimya.com\/index.php?rest_route=\/wp\/v2\/product\/1272","targetHints":{"allow":["GET"]}}],"collection":[{"href":"https:\/\/hbbkimya.com\/index.php?rest_route=\/wp\/v2\/product"}],"about":[{"href":"https:\/\/hbbkimya.com\/index.php?rest_route=\/wp\/v2\/types\/product"}],"replies":[{"embeddable":true,"href":"https:\/\/hbbkimya.com\/index.php?rest_route=%2Fwp%2Fv2%2Fcomments&post=1272"}],"wp:featuredmedia":[{"embeddable":true,"href":"https:\/\/hbbkimya.com\/index.php?rest_route=\/wp\/v2\/media\/1273"}],"wp:attachment":[{"href":"https:\/\/hbbkimya.com\/index.php?rest_route=%2Fwp%2Fv2%2Fmedia&parent=1272"}],"wp:term":[{"taxonomy":"product_brand","embeddable":true,"href":"https:\/\/hbbkimya.com\/index.php?rest_route=%2Fwp%2Fv2%2Fproduct_brand&post=1272"},{"taxonomy":"product_cat","embeddable":true,"href":"https:\/\/hbbkimya.com\/index.php?rest_route=%2Fwp%2Fv2%2Fproduct_cat&post=1272"},{"taxonomy":"product_tag","embeddable":true,"href":"https:\/\/hbbkimya.com\/index.php?rest_route=%2Fwp%2Fv2%2Fproduct_tag&post=1272"}],"curies":[{"name":"wp","href":"https:\/\/api.w.org\/{rel}","templated":true}]}}