{"id":1267,"date":"2025-01-21T21:11:14","date_gmt":"2025-01-21T18:11:14","guid":{"rendered":"https:\/\/hbbkimya.com\/?post_type=product&#038;p=1267"},"modified":"2026-04-12T20:26:53","modified_gmt":"2026-04-12T17:26:53","slug":"laboratuvar-fircasi-yikama-fircasi-orta-boy","status":"publish","type":"product","link":"https:\/\/hbbkimya.com\/?product=laboratuvar-fircasi-yikama-fircasi-orta-boy","title":{"rendered":"Laboratuvar Erlen Y\u0131kama F\u0131r\u00e7as\u0131 &#8211; Orta Boy"},"content":{"rendered":"<p><a href=\"https:\/\/hbbkimya.com\/wp-content\/uploads\/2025\/01\/29-cm-orta-boy-laboratuvar-temizleme-fircalari.webp\"><img loading=\"lazy\" decoding=\"async\" class=\"alignnone size-medium wp-image-1268\" src=\"https:\/\/hbbkimya.com\/wp-content\/uploads\/2025\/01\/29-cm-orta-boy-laboratuvar-temizleme-fircalari-300x300.webp\" alt=\"\" width=\"300\" height=\"300\" srcset=\"https:\/\/hbbkimya.com\/wp-content\/uploads\/2025\/01\/29-cm-orta-boy-laboratuvar-temizleme-fircalari-300x300.webp 300w, https:\/\/hbbkimya.com\/wp-content\/uploads\/2025\/01\/29-cm-orta-boy-laboratuvar-temizleme-fircalari-100x100.webp 100w, https:\/\/hbbkimya.com\/wp-content\/uploads\/2025\/01\/29-cm-orta-boy-laboratuvar-temizleme-fircalari-600x600.webp 600w, https:\/\/hbbkimya.com\/wp-content\/uploads\/2025\/01\/29-cm-orta-boy-laboratuvar-temizleme-fircalari-1024x1024.webp 1024w, https:\/\/hbbkimya.com\/wp-content\/uploads\/2025\/01\/29-cm-orta-boy-laboratuvar-temizleme-fircalari-150x150.webp 150w, https:\/\/hbbkimya.com\/wp-content\/uploads\/2025\/01\/29-cm-orta-boy-laboratuvar-temizleme-fircalari-768x768.webp 768w, https:\/\/hbbkimya.com\/wp-content\/uploads\/2025\/01\/29-cm-orta-boy-laboratuvar-temizleme-fircalari-1536x1536.webp 1536w, https:\/\/hbbkimya.com\/wp-content\/uploads\/2025\/01\/29-cm-orta-boy-laboratuvar-temizleme-fircalari.webp 1920w\" sizes=\"auto, (max-width: 300px) 100vw, 300px\" \/><\/a><\/p>\n","protected":false},"excerpt":{"rendered":"<p data-start=\"43\" data-end=\"272\">Erlen, beher, mez\u00fcr, cam balon, ay\u0131rma hunisi ve benzeri laboratuvar cam malzemelerinin etkili \u015fekilde temizlenmesi i\u00e7in tasarlanm\u0131\u015ft\u0131r. Uzun ve esnek yap\u0131s\u0131 sayesinde ula\u015f\u0131lmas\u0131 zor noktalarda y\u00fcksek temizlik performans\u0131 sa\u011flar.<\/p>\n<p data-start=\"274\" data-end=\"301\"><strong data-start=\"274\" data-end=\"299\">\u00d6ne \u00c7\u0131kan \u00d6zellikler:<\/strong><\/p>\n<ul data-start=\"302\" data-end=\"551\">\n<li data-start=\"302\" data-end=\"331\">\n<p data-start=\"304\" data-end=\"331\">Toplam uzunluk: <strong data-start=\"320\" data-end=\"329\">29 cm<\/strong><\/p>\n<\/li>\n<li data-start=\"332\" data-end=\"394\">\n<p data-start=\"334\" data-end=\"394\">Paslanmaya dayan\u0131kl\u0131, dayan\u0131kl\u0131 <strong data-start=\"366\" data-end=\"392\">b\u00fck\u00fclm\u00fc\u015f \u00e7elik tel sap<\/strong><\/p>\n<\/li>\n<li data-start=\"395\" data-end=\"445\">\n<p data-start=\"397\" data-end=\"445\">Do\u011fal ve sa\u011flam <strong data-start=\"413\" data-end=\"443\">fiber\/perlon f\u0131r\u00e7a k\u0131llar\u0131<\/strong><\/p>\n<\/li>\n<li data-start=\"446\" data-end=\"487\">\n<p data-start=\"448\" data-end=\"487\">Esnek yap\u0131 ile i\u00e7 y\u00fczeylere tam temas<\/p>\n<\/li>\n<li data-start=\"488\" data-end=\"551\">\n<p data-start=\"490\" data-end=\"551\">As\u0131labilir tasar\u0131m sayesinde pratik saklama ve kolay eri\u015fim<\/p>\n<\/li>\n<\/ul>\n<p data-start=\"553\" data-end=\"648\" data-is-last-node=\"\" data-is-only-node=\"\">Laboratuvar ortam\u0131nda g\u00fcvenli, hijyenik ve uzun \u00f6m\u00fcrl\u00fc kullan\u0131m i\u00e7in ideal yard\u0131mc\u0131 ekipmand\u0131r.<\/p>\n","protected":false},"featured_media":1268,"comment_status":"open","ping_status":"closed","template":"","meta":{"neve_meta_sidebar":"","neve_meta_container":"","neve_meta_enable_content_width":"off","neve_meta_content_width":100,"neve_meta_title_alignment":"","neve_meta_author_avatar":"","neve_post_elements_order":"","neve_meta_disable_header":"","neve_meta_disable_footer":"","neve_meta_disable_title":"","_themeisle_gutenberg_block_has_review":false},"product_brand":[],"product_cat":[38],"product_tag":[],"class_list":{"0":"post-1267","1":"product","2":"type-product","3":"status-publish","4":"has-post-thumbnail","6":"product_cat-sarf-plastik","8":"first","9":"instock","10":"taxable","11":"shipping-taxable","12":"purchasable","13":"product-type-simple"},"_links":{"self":[{"href":"https:\/\/hbbkimya.com\/index.php?rest_route=\/wp\/v2\/product\/1267","targetHints":{"allow":["GET"]}}],"collection":[{"href":"https:\/\/hbbkimya.com\/index.php?rest_route=\/wp\/v2\/product"}],"about":[{"href":"https:\/\/hbbkimya.com\/index.php?rest_route=\/wp\/v2\/types\/product"}],"replies":[{"embeddable":true,"href":"https:\/\/hbbkimya.com\/index.php?rest_route=%2Fwp%2Fv2%2Fcomments&post=1267"}],"wp:featuredmedia":[{"embeddable":true,"href":"https:\/\/hbbkimya.com\/index.php?rest_route=\/wp\/v2\/media\/1268"}],"wp:attachment":[{"href":"https:\/\/hbbkimya.com\/index.php?rest_route=%2Fwp%2Fv2%2Fmedia&parent=1267"}],"wp:term":[{"taxonomy":"product_brand","embeddable":true,"href":"https:\/\/hbbkimya.com\/index.php?rest_route=%2Fwp%2Fv2%2Fproduct_brand&post=1267"},{"taxonomy":"product_cat","embeddable":true,"href":"https:\/\/hbbkimya.com\/index.php?rest_route=%2Fwp%2Fv2%2Fproduct_cat&post=1267"},{"taxonomy":"product_tag","embeddable":true,"href":"https:\/\/hbbkimya.com\/index.php?rest_route=%2Fwp%2Fv2%2Fproduct_tag&post=1267"}],"curies":[{"name":"wp","href":"https:\/\/api.w.org\/{rel}","templated":true}]}}