{"id":1069,"date":"2025-01-17T14:25:20","date_gmt":"2025-01-17T11:25:20","guid":{"rendered":"https:\/\/hbbkimya.com\/?post_type=product&#038;p=1069"},"modified":"2026-02-10T23:22:55","modified_gmt":"2026-02-10T20:22:55","slug":"91312-quantofix-peroksit-test-kagidi-peroxide-100","status":"publish","type":"product","link":"https:\/\/hbbkimya.com\/?product=91312-quantofix-peroksit-test-kagidi-peroxide-100","title":{"rendered":"91312 Quantofix Peroksit Test Ka\u011f\u0131d\u0131 Peroxide 100"},"content":{"rendered":"<p><a href=\"https:\/\/hbbkimya.com\/wp-content\/uploads\/2025\/01\/macherey-nagel-quantofix-peroksit-test-kagidi-peroxide-100.jpg\"><img loading=\"lazy\" decoding=\"async\" class=\"alignnone size-medium wp-image-1070\" src=\"https:\/\/hbbkimya.com\/wp-content\/uploads\/2025\/01\/macherey-nagel-quantofix-peroksit-test-kagidi-peroxide-100-300x300.jpg\" alt=\"\" width=\"300\" height=\"300\" srcset=\"https:\/\/hbbkimya.com\/wp-content\/uploads\/2025\/01\/macherey-nagel-quantofix-peroksit-test-kagidi-peroxide-100-300x300.jpg 300w, https:\/\/hbbkimya.com\/wp-content\/uploads\/2025\/01\/macherey-nagel-quantofix-peroksit-test-kagidi-peroxide-100-100x100.jpg 100w, https:\/\/hbbkimya.com\/wp-content\/uploads\/2025\/01\/macherey-nagel-quantofix-peroksit-test-kagidi-peroxide-100-150x150.jpg 150w, https:\/\/hbbkimya.com\/wp-content\/uploads\/2025\/01\/macherey-nagel-quantofix-peroksit-test-kagidi-peroxide-100.jpg 600w\" sizes=\"auto, (max-width: 300px) 100vw, 300px\" \/><\/a><\/p>\n","protected":false},"excerpt":{"rendered":"<p><strong>Peroksit<\/strong>\u00a0tayini i\u00e7in yar\u0131 kantitatif test \u015feritleri. Peroksitin do\u011frudan yerinde h\u0131zl\u0131 ve kolay analizi i\u00e7in idealdir. Test \u015feridi okuyucu QUANTOFIX Relax ile kullan\u0131labilir.<\/p>\n<table>\n<tbody>\n<tr>\n<td>Platform<\/td>\n<td>:<\/td>\n<td>Yar\u0131 kantitatif test \u015feritleri<\/td>\n<\/tr>\n<tr>\n<td>Parametre<\/td>\n<td>:<\/td>\n<td>Peroksit<\/td>\n<\/tr>\n<tr>\n<td>Model<\/td>\n<td>:<\/td>\n<td><strong>QUANTOFIX<\/strong><\/td>\n<\/tr>\n<tr>\n<td>Derece<\/td>\n<td>:<\/td>\n<td>Peroksit &#8211; 0 \u2022 1 \u2022 3 \u2022 10 \u2022 30 \u2022 100 mg\/L H\u2082O\u2082<\/td>\n<\/tr>\n<tr>\n<td>Renk de\u011fi\u015fimi<\/td>\n<td>:<\/td>\n<td>Peroksit &#8211; beyaz \u2192 mavi<\/td>\n<\/tr>\n<tr>\n<td>Reflektometrede de\u011ferlendirilebilir<\/td>\n<td>:<\/td>\n<td>QUANTOFIX Relax<\/td>\n<\/tr>\n<tr>\n<td>Enstr\u00fcmantal \u00f6l\u00e7\u00fcm aral\u0131\u011f\u0131<\/td>\n<td>:<\/td>\n<td><strong>Peroksit<\/strong>\u00a0&#8211; 1\u2013100 mg\/L H\u2082O\u2082<\/td>\n<\/tr>\n<tr>\n<td>Y\u00f6ntem<\/td>\n<td>:<\/td>\n<td>Peroksit &#8211; Redoks reaksiyonu<\/td>\n<\/tr>\n<tr>\n<td>Ek reaktif<\/td>\n<td>:<\/td>\n<td>Hay\u0131r<\/td>\n<\/tr>\n<tr>\n<td>Depolama s\u0131cakl\u0131\u011f\u0131<\/td>\n<td>:<\/td>\n<td>4\u221230 \u00b0C<\/td>\n<\/tr>\n<\/tbody>\n<\/table>\n","protected":false},"featured_media":1070,"comment_status":"open","ping_status":"closed","template":"","meta":{"neve_meta_sidebar":"","neve_meta_container":"","neve_meta_enable_content_width":"off","neve_meta_content_width":100,"neve_meta_title_alignment":"","neve_meta_author_avatar":"","neve_post_elements_order":"","neve_meta_disable_header":"","neve_meta_disable_footer":"","neve_meta_disable_title":"","_themeisle_gutenberg_block_has_review":false},"product_brand":[],"product_cat":[40],"product_tag":[],"class_list":{"0":"post-1069","1":"product","2":"type-product","3":"status-publish","4":"has-post-thumbnail","6":"product_cat-test-kitleri-stripleri","8":"first","9":"instock","10":"taxable","11":"shipping-taxable","12":"purchasable","13":"product-type-simple"},"_links":{"self":[{"href":"https:\/\/hbbkimya.com\/index.php?rest_route=\/wp\/v2\/product\/1069","targetHints":{"allow":["GET"]}}],"collection":[{"href":"https:\/\/hbbkimya.com\/index.php?rest_route=\/wp\/v2\/product"}],"about":[{"href":"https:\/\/hbbkimya.com\/index.php?rest_route=\/wp\/v2\/types\/product"}],"replies":[{"embeddable":true,"href":"https:\/\/hbbkimya.com\/index.php?rest_route=%2Fwp%2Fv2%2Fcomments&post=1069"}],"wp:featuredmedia":[{"embeddable":true,"href":"https:\/\/hbbkimya.com\/index.php?rest_route=\/wp\/v2\/media\/1070"}],"wp:attachment":[{"href":"https:\/\/hbbkimya.com\/index.php?rest_route=%2Fwp%2Fv2%2Fmedia&parent=1069"}],"wp:term":[{"taxonomy":"product_brand","embeddable":true,"href":"https:\/\/hbbkimya.com\/index.php?rest_route=%2Fwp%2Fv2%2Fproduct_brand&post=1069"},{"taxonomy":"product_cat","embeddable":true,"href":"https:\/\/hbbkimya.com\/index.php?rest_route=%2Fwp%2Fv2%2Fproduct_cat&post=1069"},{"taxonomy":"product_tag","embeddable":true,"href":"https:\/\/hbbkimya.com\/index.php?rest_route=%2Fwp%2Fv2%2Fproduct_tag&post=1069"}],"curies":[{"name":"wp","href":"https:\/\/api.w.org\/{rel}","templated":true}]}}